{"id":1029,"date":"2023-08-11T12:23:45","date_gmt":"2023-08-11T12:23:45","guid":{"rendered":"https:\/\/fillinx.site\/tropscbdtest\/?post_type=product&#038;p=1029"},"modified":"2023-09-29T10:02:34","modified_gmt":"2023-09-29T10:02:34","slug":"pommade-protection-des-pattes","status":"publish","type":"product","link":"https:\/\/fillinx.site\/tropscbdtest\/produit\/pommade-protection-des-pattes\/","title":{"rendered":"Pommade protection des pattes"},"content":{"rendered":"<h1>Pourquoi utliser la pommade protection des pattes<\/h1>\n<ul>\n<li>Prends soin des pattes stress\u00e9es<\/li>\n<\/ul>\n<ul>\n<li>Aide \u00e0\u00a0 soigner les cicatrices<\/li>\n<\/ul>\n<ul>\n<li>Agit comme protection pr\u00e9ventive contre les \u00e9l\u00e9ments ext\u00e9rieurs ( les graviers, verre etc\u20ac\u00a6)<\/li>\n<\/ul>\n<ul>\n<li>Possible de l&rsquo;utiliser pour un usage intensif (ex : chiens de chasse)<\/li>\n<\/ul>\n<ul>\n<li>Prot\u00e8ge les coussinets des pattes stress\u00e9es<\/li>\n<\/ul>\n<ul>\n<li>Aide \u00e0\u00a0 r\u00e9parer les coussinets tr\u00e8s secs et squameux<\/li>\n<\/ul>\n<p>&nbsp;<\/p>\n<p>Les fleurs d&rsquo;arnica, les Marrons d&rsquo;Inde, les Aiguilles d&rsquo;\u00e9pinette, les Baies de geni\u00e8vre, la racine de Calamus, le Thym Serpolet, le peuplier \u00e0\u00a0 fromage, les fleurs de Camomille, les Soucis fournissent une aide rapide pour les pattes fortement stress\u00e9es et les coussinet irrit\u00e9e.<\/p>\n<p>&nbsp;<\/p>\n<h1>Utilisation<\/h1>\n<p>Appliquer sur les pattes nettoy\u00e9es avant et apr\u00e8s avoir \u00e9t\u00e9 \u00e0\u00a0 l&rsquo;ext\u00e9rieur. Peut \u00eatre utilis\u00e9 aussi souvent que n\u00e9cessaire.<\/p>\n<p>Apr\u00e8s ouverture, conserver herm\u00e9tiquement ferm\u00e9 et \u00e0\u00a0 l&rsquo;abri de la chaleur.<\/p>\n<p>&nbsp;<\/p>\n<h4><strong>Ingr\u00e9dients:<\/strong><\/h4>\n<p>cire de laine, huile d&rsquo;arachide, eau, cire d&rsquo;abeille, alcool, sang, fleurs de souci, fleurs de camomille, feuilles de peuplier \u00e0\u00a0 fromage, racine de r\u00e9glisse<\/p>\n<p>Sans colorants artificiels, ar\u00f4mes, additifs chimiques, r\u00e9sidus et influences environnementales. Sans substances conservatrices.<\/p>\n<p><strong>Mise en bouteille \u00e0\u00a0 la main.<\/strong><\/p>\n","protected":false},"excerpt":{"rendered":"<p>Nous savons que nos amis \u00e0\u00a0 quatre pattes adorent s&rsquo;amuser dehors, sauter dans les flaques d&rsquo;eau, jouer sur les graviers etc\u20ac\u00a6mais cela est moins amusant pour nous autres, lorsqu&rsquo;il faut les soigner parce qu&rsquo;ils se sont coup\u00e9s ou se sont bless\u00e9.<\/p>\n<p>La raison de ces blessures en est les coussinets extr\u00eamement sensibles, qui sont parfois gravement affect\u00e9s par de nombreux facteurs externes.<\/p>\n<p>Avec la\u00a0<strong>pommade de protection des pattes<\/strong>\u00a0de CBD VITAL VET, vous avez \u00e0\u00a0 votre disposition un soin naturel qui prot\u00e8ge de fa\u00e7on efficace leurs pattes, gr\u00e2ce aux nombreux<strong>\u00a0ingr\u00e9dients pr\u00e9cieux<\/strong>, mais en prend \u00e9galement soin et les apaise.<\/p>\n<p>La pommade de protection n&rsquo;est pas seulement utilis\u00e9e pour les pattes endommag\u00e9es, mais peut \u00eatre \u00e9galement utilis\u00e9 avec succ\u00e8s pour les soins de base ou les brulures.<\/p>\n","protected":false},"featured_media":1087,"template":"","meta":[],"product_cat":[47],"product_tag":[],"_links":{"self":[{"href":"https:\/\/fillinx.site\/tropscbdtest\/wp-json\/wp\/v2\/product\/1029"}],"collection":[{"href":"https:\/\/fillinx.site\/tropscbdtest\/wp-json\/wp\/v2\/product"}],"about":[{"href":"https:\/\/fillinx.site\/tropscbdtest\/wp-json\/wp\/v2\/types\/product"}],"wp:featuredmedia":[{"embeddable":true,"href":"https:\/\/fillinx.site\/tropscbdtest\/wp-json\/wp\/v2\/media\/1087"}],"wp:attachment":[{"href":"https:\/\/fillinx.site\/tropscbdtest\/wp-json\/wp\/v2\/media?parent=1029"}],"wp:term":[{"taxonomy":"product_cat","embeddable":true,"href":"https:\/\/fillinx.site\/tropscbdtest\/wp-json\/wp\/v2\/product_cat?post=1029"},{"taxonomy":"product_tag","embeddable":true,"href":"https:\/\/fillinx.site\/tropscbdtest\/wp-json\/wp\/v2\/product_tag?post=1029"}],"curies":[{"name":"wp","href":"https:\/\/api.w.org\/{rel}","templated":true}]}}