{"id":1048,"date":"2023-08-11T12:24:10","date_gmt":"2023-08-11T12:24:10","guid":{"rendered":"https:\/\/fillinx.site\/tropscbdtest\/?post_type=product&#038;p=1048"},"modified":"2024-05-06T16:35:30","modified_gmt":"2024-05-06T14:35:30","slug":"cookies-cbd","status":"publish","type":"product","link":"https:\/\/fillinx.site\/tropscbdtest\/produit\/cookies-cbd\/","title":{"rendered":"Cookies CBD"},"content":{"rendered":"","protected":false},"excerpt":{"rendered":"<p>Fabriqu\u00e9s en Charente par notre Papa qui est artisan boulanger\/ p\u00e2tissier, nos cookies contiennent 50 mg de CBD et sont cuisin\u00e9s avec du beurre de Marrakech (fleur de cannabis que l&rsquo;on fait infus\u00e9e dans du beurre).<\/p>\n<p>Avec leur petit go\u00fbt de chanvre, les cookies sont parfait comme accompagnement d&rsquo;une infusion CBD par exemple.<\/p>\n","protected":false},"featured_media":1098,"template":"","meta":[],"product_cat":[48],"product_tag":[],"_links":{"self":[{"href":"https:\/\/fillinx.site\/tropscbdtest\/wp-json\/wp\/v2\/product\/1048"}],"collection":[{"href":"https:\/\/fillinx.site\/tropscbdtest\/wp-json\/wp\/v2\/product"}],"about":[{"href":"https:\/\/fillinx.site\/tropscbdtest\/wp-json\/wp\/v2\/types\/product"}],"wp:featuredmedia":[{"embeddable":true,"href":"https:\/\/fillinx.site\/tropscbdtest\/wp-json\/wp\/v2\/media\/1098"}],"wp:attachment":[{"href":"https:\/\/fillinx.site\/tropscbdtest\/wp-json\/wp\/v2\/media?parent=1048"}],"wp:term":[{"taxonomy":"product_cat","embeddable":true,"href":"https:\/\/fillinx.site\/tropscbdtest\/wp-json\/wp\/v2\/product_cat?post=1048"},{"taxonomy":"product_tag","embeddable":true,"href":"https:\/\/fillinx.site\/tropscbdtest\/wp-json\/wp\/v2\/product_tag?post=1048"}],"curies":[{"name":"wp","href":"https:\/\/api.w.org\/{rel}","templated":true}]}}