{"id":1053,"date":"2023-08-11T12:24:10","date_gmt":"2023-08-11T12:24:10","guid":{"rendered":"https:\/\/fillinx.site\/tropscbdtest\/?post_type=product&#038;p=1053"},"modified":"2023-11-07T12:08:01","modified_gmt":"2023-11-07T12:08:01","slug":"miel-chataignier-50g","status":"publish","type":"product","link":"https:\/\/fillinx.site\/tropscbdtest\/produit\/miel-chataignier-50g\/","title":{"rendered":"Miel de ch\u00e2taignier bio"},"content":{"rendered":"","protected":false},"excerpt":{"rendered":"<p><span style=\"color: #000000;\">D\u00e9gustez notre <strong>miel de CBD Bio<\/strong> au CBD cultiv\u00e9 en <strong>Charente<\/strong> par l&rsquo;Apiculteur r\u00e9coltant.\u00a0<\/span><\/p>\n<p><span style=\"color: #000000;\">Confectionn\u00e9 par les abeilles \u00e0 partir du nectar et du pollen de fleurs sauvages et issues de l&rsquo;agriculture biologique, notre miel est sans nourrissement artificiel, non chauff\u00e9 et non m\u00e9lang\u00e9 \u00e0 un substitut.<\/span><\/p>\n<p><span style=\"color: #000000;\">Comme vous le savez, nous vous proposons seulement le meilleur, c&rsquo;est pourquoi notre miel miel poss\u00e8de 3 labels : <strong>Eco cert , Bio sud Ouest et Agriculture biologique<\/strong>.\u00a0<\/span><\/p>\n<p><span style=\"color: #000000;\">Faites vous plaisir, et savourez le miel avec votre <a href=\"https:\/\/fillinx.site\/tropscbdtest\/categorie-produit\/epicerie\/infusions\/\"><strong><span style=\"color: #b7940b;\">infusion<\/span><\/strong><\/a> pr\u00e9f\u00e9r\u00e9, dans un plat ou encore pour les plus gourmand, directement \u00e0 la petite cuill\u00e8re.\u00a0<\/span><\/p>\n<p><span style=\"color: #000000;\"><span style=\"color: #000000;\">Le <\/span><b style=\"color: #000000;\">miel de <\/b><span style=\"color: #000000;\"><b>ch\u00e2taignier<\/b><\/span><b style=\"color: #000000;\"> de 50g<\/b><span style=\"color: #000000;\"> contient 50mg de CBD. Il est parfait pour un effet rapide sur votre syst\u00e8me endocannabino\u00efde.\u00a0 \u00a0<\/span><\/span><\/p>\n","protected":false},"featured_media":19495,"template":"","meta":[],"product_cat":[48],"product_tag":[],"_links":{"self":[{"href":"https:\/\/fillinx.site\/tropscbdtest\/wp-json\/wp\/v2\/product\/1053"}],"collection":[{"href":"https:\/\/fillinx.site\/tropscbdtest\/wp-json\/wp\/v2\/product"}],"about":[{"href":"https:\/\/fillinx.site\/tropscbdtest\/wp-json\/wp\/v2\/types\/product"}],"wp:featuredmedia":[{"embeddable":true,"href":"https:\/\/fillinx.site\/tropscbdtest\/wp-json\/wp\/v2\/media\/19495"}],"wp:attachment":[{"href":"https:\/\/fillinx.site\/tropscbdtest\/wp-json\/wp\/v2\/media?parent=1053"}],"wp:term":[{"taxonomy":"product_cat","embeddable":true,"href":"https:\/\/fillinx.site\/tropscbdtest\/wp-json\/wp\/v2\/product_cat?post=1053"},{"taxonomy":"product_tag","embeddable":true,"href":"https:\/\/fillinx.site\/tropscbdtest\/wp-json\/wp\/v2\/product_tag?post=1053"}],"curies":[{"name":"wp","href":"https:\/\/api.w.org\/{rel}","templated":true}]}}