{"id":1058,"date":"2023-08-11T12:24:10","date_gmt":"2023-08-11T12:24:10","guid":{"rendered":"https:\/\/fillinx.site\/tropscbdtest\/?post_type=product&#038;p=1058"},"modified":"2024-03-28T13:03:32","modified_gmt":"2024-03-28T13:03:32","slug":"infusion-ayurvedique-50g","status":"publish","type":"product","link":"https:\/\/fillinx.site\/tropscbdtest\/produit\/infusion-ayurvedique-50g\/","title":{"rendered":"INFUSION AYURVEDIQUE 50G"},"content":{"rendered":"<p><strong>Ingr\u00e9dients<\/strong>:<\/p>\n<p>Fleurs de cbd, pomme*, citronnelle*, fenouil*, carvi*, m\u00e9lisse*, \u00e9corces de cacao*, camomille*, aronia*, fleurs de bleuet*, tulsi*, \u00e9chinac\u00e9e pourpre*.<\/p>\n<p><span style=\"color: #339966;\">*Issu de l&rsquo;agriculture biologique<\/span><\/p>\n<p><strong>Conseils de d\u00e9gustation<\/strong> :<\/p>\n<p>Temps d&rsquo;infusion : 7 &#8211; 10 Min<\/p>\n<p>Temp\u00e9rature d&rsquo;infusion :\u00a0100 \u00b0 C<\/p>\n<p>THC: &lt;0,3%<\/p>\n","protected":false},"excerpt":{"rendered":"<p style=\"text-align: justify;\">Faites le vide, laissez-vous aller un instant ! <strong>Alignez votre corps et votre esprit<\/strong>. Id\u00e9al avant ou apr\u00e8s une s\u00e9ance de m\u00e9ditation ou de yoga.<\/p>\n<p style=\"text-align: justify;\">La tisane ayurv\u00e9dique vous aidera \u00e0 \u00e9liminer les toxines en douceur, \u00e0 nettoyer les canaux d\u2019\u00e9nergie, \u00e0 am\u00e9liorer votre m\u00e9tabolisme et \u00e0 stimuler de mani\u00e8re \u00e9tonnante votre corps et votre esprit.<\/p>\n<p style=\"text-align: justify;\">Le fenouil est reconnu comme un alli\u00e9 pour traiter les troubles digestifs et l&rsquo;inflammation des voies respiratoires.<\/p>\n<p style=\"text-align: justify;\">La m\u00e9lisse soulage les ballonnements, les douleurs li\u00e9es au foie, et vous <strong>apaisera en cas de nervosit\u00e9<\/strong>, de d\u00e9pression l\u00e9g\u00e8re, ou d&rsquo;hypertension.<\/p>\n<p style=\"text-align: justify;\">La citronnelle vous aidera par son action s\u00e9dative sur le syst\u00e8me nerveux. Elle permet de lutter contre les insomnies, le stress et l&rsquo;anxi\u00e9t\u00e9.<\/p>\n<p style=\"text-align: justify;\">Tous les ingr\u00e9dients de cette infusion cbd bio sont issus de l&rsquo;<span style=\"color: #339966;\"><strong>agriculture biologique<\/strong><\/span>.<\/p>\n","protected":false},"featured_media":1110,"template":"","meta":[],"product_cat":[49],"product_tag":[],"_links":{"self":[{"href":"https:\/\/fillinx.site\/tropscbdtest\/wp-json\/wp\/v2\/product\/1058"}],"collection":[{"href":"https:\/\/fillinx.site\/tropscbdtest\/wp-json\/wp\/v2\/product"}],"about":[{"href":"https:\/\/fillinx.site\/tropscbdtest\/wp-json\/wp\/v2\/types\/product"}],"wp:featuredmedia":[{"embeddable":true,"href":"https:\/\/fillinx.site\/tropscbdtest\/wp-json\/wp\/v2\/media\/1110"}],"wp:attachment":[{"href":"https:\/\/fillinx.site\/tropscbdtest\/wp-json\/wp\/v2\/media?parent=1058"}],"wp:term":[{"taxonomy":"product_cat","embeddable":true,"href":"https:\/\/fillinx.site\/tropscbdtest\/wp-json\/wp\/v2\/product_cat?post=1058"},{"taxonomy":"product_tag","embeddable":true,"href":"https:\/\/fillinx.site\/tropscbdtest\/wp-json\/wp\/v2\/product_tag?post=1058"}],"curies":[{"name":"wp","href":"https:\/\/api.w.org\/{rel}","templated":true}]}}