{"id":1102,"date":"2023-08-11T12:25:28","date_gmt":"2023-08-11T12:25:28","guid":{"rendered":"https:\/\/fillinx.site\/tropscbdtest\/?post_type=product&#038;p=1102"},"modified":"2023-11-23T14:52:34","modified_gmt":"2023-11-23T14:52:34","slug":"infusion-hiver-fruite-50g","status":"publish","type":"product","link":"https:\/\/fillinx.site\/tropscbdtest\/product\/infusion-hiver-fruite-50g\/","title":{"rendered":"INFUSION HIVER FRUITE 50G"},"content":{"rendered":"<p><strong>Ingr\u00e9dients<\/strong>:<\/p>\n<p>Fleurs de cbd, pomme*, hibiscus*, cynorrhodon*, \u00e9corces d&rsquo;orange*, gingembre (gingembre, sucre de canne brut)*, b\u00e2tons de cannelle*, gingembre*, ar\u00f4me naturel, NOIX*, cardamome*, poivre noir*, clou de girofle*, p\u00e9tales de rose*, pop-corn*.<\/p>\n<p>*<span style=\"color: #339966;\">Issu de l&rsquo;agriculture biologique<\/span><\/p>\n<p><strong>Conseils de d\u00e9gustation<\/strong> :<\/p>\n<p>Temps d&rsquo;infusion :\u00a010 &#8211; 12 Min<\/p>\n<p>Temp\u00e9rature d&rsquo;infusion : 100\u00b0 C<\/p>\n<p>THC: &lt;0,3%<\/p>\n","protected":false},"excerpt":{"rendered":"<p style=\"text-align: justify;\"><span style=\"color: #000000;\">Faites-vous plaisir avec ce concentr\u00e9 de plante, toutes poss\u00e9dant des bienfaits pour votre sant\u00e9.<\/span><\/p>\n<p style=\"text-align: justify;\"><span style=\"color: #000000;\">En plus d&rsquo;\u00eatre anti-inflammatoire, la cannelle poss\u00e8de des propri\u00e9t\u00e9s antibact\u00e9riennes, antivirus et antiseptiques.\u00a0<\/span><\/p>\n<p style=\"text-align: justify;\"><span style=\"color: #000000;\">L&rsquo;hibiscus est r\u00e9put\u00e9 pour r\u00e9duire la tension art\u00e9rielle, diminuer le cholest\u00e9rol.<\/span><\/p>\n<p style=\"text-align: justify;\"><span style=\"color: #000000;\">Le gingembre poss\u00e8de d&rsquo;incroyables propri\u00e9t\u00e9s m\u00e9dicinales. Il stimule le syst\u00e8me immunitaire, soulage la douleur, tonifie, stimule et fortifie l&rsquo;organisme, et poss\u00e8de des effets anti-naus\u00e9e.\u00a0<\/span><\/p>\n<p style=\"text-align: justify;\"><span style=\"color: #000000;\">Enfin, les fruits tels que la pomme et les \u00e9corces d\u2019orange permettent d\u2019\u00e9quilibrer parfaitement la saveur exquise de cette infusion, qui peut \u00eatre consomm\u00e9e \u00e0 tout moment de la journ\u00e9e, tout en boostant votre syst\u00e8me immunitaire.<\/span><\/p>\n<p style=\"text-align: justify;\">\n","protected":false},"featured_media":19498,"template":"","meta":[],"product_cat":[49],"product_tag":[],"_links":{"self":[{"href":"https:\/\/fillinx.site\/tropscbdtest\/wp-json\/wp\/v2\/product\/1102"}],"collection":[{"href":"https:\/\/fillinx.site\/tropscbdtest\/wp-json\/wp\/v2\/product"}],"about":[{"href":"https:\/\/fillinx.site\/tropscbdtest\/wp-json\/wp\/v2\/types\/product"}],"wp:featuredmedia":[{"embeddable":true,"href":"https:\/\/fillinx.site\/tropscbdtest\/wp-json\/wp\/v2\/media\/19498"}],"wp:attachment":[{"href":"https:\/\/fillinx.site\/tropscbdtest\/wp-json\/wp\/v2\/media?parent=1102"}],"wp:term":[{"taxonomy":"product_cat","embeddable":true,"href":"https:\/\/fillinx.site\/tropscbdtest\/wp-json\/wp\/v2\/product_cat?post=1102"},{"taxonomy":"product_tag","embeddable":true,"href":"https:\/\/fillinx.site\/tropscbdtest\/wp-json\/wp\/v2\/product_tag?post=1102"}],"curies":[{"name":"wp","href":"https:\/\/api.w.org\/{rel}","templated":true}]}}