{"id":1103,"date":"2023-08-11T12:25:28","date_gmt":"2023-08-11T12:25:28","guid":{"rendered":"https:\/\/fillinx.site\/tropscbdtest\/?post_type=product&#038;p=1103"},"modified":"2024-04-23T13:38:33","modified_gmt":"2024-04-23T11:38:33","slug":"infusion-meditation-50g","status":"publish","type":"product","link":"https:\/\/fillinx.site\/tropscbdtest\/produit\/infusion-meditation-50g\/","title":{"rendered":"INFUSION MEDITATION 50G"},"content":{"rendered":"<p><strong>Ingr\u00e9dients<\/strong>:<\/p>\n<p>Fleurs de cbd, pomme*, citronnelle*, cynorrhodon*, camomille*, Tulsi*, fleurs de souci*, poivre noir*, menthe poivr\u00e9e*, lavande*, Stevia*, fleurs d&rsquo;immortelle*.<\/p>\n<p><span style=\"color: #339966;\">*Issu de l&rsquo;agriculture biologique<\/span><\/p>\n<p><strong>Conseils de d\u00e9gustation<\/strong> :<\/p>\n<p>Temps d&rsquo;infusion : 7 &#8211; 10 Min<\/p>\n<p>Temp\u00e9rature d&rsquo;infusion : 70 &#8211; 80 \u00b0 C<\/p>\n<p>THC: &lt;0,3%<\/p>\n","protected":false},"excerpt":{"rendered":"<p style=\"text-align: justify;\"><span style=\"color: #000000;\">Retrouvez la paix int\u00e9rieure gr\u00e2ce \u00e0 ce m\u00e9lange de plantes aux <strong>incroyables bienfaits<\/strong>.\u00a0<\/span><\/p>\n<p style=\"text-align: justify;\"><span style=\"color: #000000;\">Les pommes sont riches en antioxydants, et permettent de r\u00e9parer les dommages cellulaires,\u00a0 de pr\u00e9venir la d\u00e9gradation des cellules, ainsi que le vieillissement pr\u00e9matur\u00e9 de la peau.<\/span><\/p>\n<p style=\"text-align: justify;\"><span style=\"color: #000000;\">Anti-inflammatoire et antioxydante, la camomille permet de <strong>ralentir le vieillissement cellulaire<\/strong>. Elle est \u00e9galement employ\u00e9e pour son effet antispasmodique et pr\u00e9vient les contractions musculaires involontaires au niveau de l&rsquo;appareil digestif et de l&rsquo;ut\u00e9rus.<\/span><\/p>\n<p style=\"text-align: justify;\"><span style=\"color: #000000;\">Le <strong>cynorrhodon<\/strong> est une excellente source de vitamine C et vous apporte des vitamines B, du b\u00e9tacarot\u00e8ne, ainsi que des antioxydants comme la sophorine et des min\u00e9raux.<\/span><\/p>\n<p style=\"text-align: justify;\"><span style=\"color: #000000;\">Faites entrer la s\u00e9r\u00e9nit\u00e9 dans votre vis, gr\u00e2ce \u00e0 l&rsquo;association de ces plantes et du chanvre.<\/span><\/p>\n","protected":false},"featured_media":1127,"template":"","meta":[],"product_cat":[49],"product_tag":[],"_links":{"self":[{"href":"https:\/\/fillinx.site\/tropscbdtest\/wp-json\/wp\/v2\/product\/1103"}],"collection":[{"href":"https:\/\/fillinx.site\/tropscbdtest\/wp-json\/wp\/v2\/product"}],"about":[{"href":"https:\/\/fillinx.site\/tropscbdtest\/wp-json\/wp\/v2\/types\/product"}],"wp:featuredmedia":[{"embeddable":true,"href":"https:\/\/fillinx.site\/tropscbdtest\/wp-json\/wp\/v2\/media\/1127"}],"wp:attachment":[{"href":"https:\/\/fillinx.site\/tropscbdtest\/wp-json\/wp\/v2\/media?parent=1103"}],"wp:term":[{"taxonomy":"product_cat","embeddable":true,"href":"https:\/\/fillinx.site\/tropscbdtest\/wp-json\/wp\/v2\/product_cat?post=1103"},{"taxonomy":"product_tag","embeddable":true,"href":"https:\/\/fillinx.site\/tropscbdtest\/wp-json\/wp\/v2\/product_tag?post=1103"}],"curies":[{"name":"wp","href":"https:\/\/api.w.org\/{rel}","templated":true}]}}