{"id":1105,"date":"2023-08-11T12:25:29","date_gmt":"2023-08-11T12:25:29","guid":{"rendered":"https:\/\/fillinx.site\/tropscbdtest\/?post_type=product&#038;p=1105"},"modified":"2024-04-23T13:38:31","modified_gmt":"2024-04-23T11:38:31","slug":"rooibos-amincissant-50g","status":"publish","type":"product","link":"https:\/\/fillinx.site\/tropscbdtest\/produit\/rooibos-amincissant-50g\/","title":{"rendered":"ROOIBOS AMINCISSANT 50G"},"content":{"rendered":"<p><strong>Ingr\u00e9dients<\/strong>:<\/p>\n<p>Fleurs de cbd, rooibos naturel* (44%), mat\u00e9 vert*, citronnelle*, th\u00e9 vert de Chine Sencha* (11%), th\u00e9 blanc Pai Mu Tan* (6%), ar\u00f4me naturel, papaye*, fleurs de bleuet*, p\u00eache*, baies de goji*, feuilles d&rsquo;olivier*. *Issu de l&rsquo;agriculture biologique<\/p>\n<p><span style=\"color: #339966;\">*Issu de l&rsquo;agriculture biologique<\/span><\/p>\n<p><strong>Conseils de d\u00e9gustation<\/strong>\u00a0:<\/p>\n<p>Temps d&rsquo;infusion : 7 &#8211; 10 Min<\/p>\n<p>Temp\u00e9rature d&rsquo;infusion : 70 &#8211; 80 \u00b0 C<\/p>\n<p>THC: &lt;0,3%<\/p>\n","protected":false},"excerpt":{"rendered":"<p style=\"text-align: justify;\"><span style=\"color: #000000;\">Restez en forme et gardez la ligne gr\u00e2ce \u00e0 votre parfait alli\u00e9 <strong>rooibos<\/strong>.<\/span><\/p>\n<p style=\"text-align: justify;\"><span style=\"color: #000000;\">L&rsquo;action coupe-faim et diur\u00e9tique du mat\u00e9 associ\u00e9 \u00e0 la douceur du <strong>sencha<\/strong> et aux antioxydants du <strong>th\u00e9 blanc<\/strong>, vous assure une magnifique silhouette, tout en vous adonnant \u00e0 la gourmandise et au plaisir.<\/span><\/p>\n<p style=\"text-align: justify;\"><span style=\"color: #000000;\">Utilis\u00e9 pour <strong>apaiser la digestion<\/strong> et soulager les crampes d\u2019estomac, le <strong>rooibos<\/strong> est \u00e9galement b\u00e9n\u00e9fique contre allergies, l\u2019ecz\u00e9ma, les probl\u00e8mes de peau, et le vieillissement.<\/span><\/p>\n<p style=\"text-align: justify;\"><span style=\"color: #000000;\">Le rooibos ne contient pas de th\u00e9ine, et peut donc \u00eatre consomm\u00e9 par les adultes comme par les enfants tout au long de la journ\u00e9e.<\/span><\/p>\n<p style=\"text-align: justify;\">\n","protected":false},"featured_media":1149,"template":"","meta":[],"product_cat":[49],"product_tag":[],"_links":{"self":[{"href":"https:\/\/fillinx.site\/tropscbdtest\/wp-json\/wp\/v2\/product\/1105"}],"collection":[{"href":"https:\/\/fillinx.site\/tropscbdtest\/wp-json\/wp\/v2\/product"}],"about":[{"href":"https:\/\/fillinx.site\/tropscbdtest\/wp-json\/wp\/v2\/types\/product"}],"wp:featuredmedia":[{"embeddable":true,"href":"https:\/\/fillinx.site\/tropscbdtest\/wp-json\/wp\/v2\/media\/1149"}],"wp:attachment":[{"href":"https:\/\/fillinx.site\/tropscbdtest\/wp-json\/wp\/v2\/media?parent=1105"}],"wp:term":[{"taxonomy":"product_cat","embeddable":true,"href":"https:\/\/fillinx.site\/tropscbdtest\/wp-json\/wp\/v2\/product_cat?post=1105"},{"taxonomy":"product_tag","embeddable":true,"href":"https:\/\/fillinx.site\/tropscbdtest\/wp-json\/wp\/v2\/product_tag?post=1105"}],"curies":[{"name":"wp","href":"https:\/\/api.w.org\/{rel}","templated":true}]}}