{"id":1114,"date":"2023-08-11T12:25:55","date_gmt":"2023-08-11T12:25:55","guid":{"rendered":"https:\/\/fillinx.site\/tropscbdtest\/?post_type=product&#038;p=1114"},"modified":"2024-04-15T13:52:08","modified_gmt":"2024-04-15T13:52:08","slug":"blond-americain-10ml","status":"publish","type":"product","link":"https:\/\/fillinx.site\/tropscbdtest\/produit\/blond-americain-10ml\/","title":{"rendered":"Blond am\u00e9ricain 10ml"},"content":{"rendered":"<p>Partez \u00e0 la conqu\u00eate du Grand-Ouest avec cet e-liquide tabac blond am\u00e9ricain ! Pour cet e-liquide classic go\u00fbt tabac, notre ma\u00eetre parfumeur a fid\u00e8lement reproduit le blend qui fait toute l&rsquo;identit\u00e9 de la c\u00e9l\u00e8bre marque au cow-boy.<br \/>\nNiveau aromatique, on retrouve la douceur d&rsquo;un blond virginia, le caract\u00e8re bien tremp\u00e9 d&rsquo;un Burley et le parfum prononc\u00e9 d&rsquo;un Orient Samsoun minutieusement dos\u00e9.<br \/>\nEn sensation, cet eliquide offre une vape assez consistante et poss\u00e8de une bonne longueur en bouche. Cet e-liquide tabac USA conviendra \u00e0 tous les primo-vapoteurs et vapoteurs de classic \u00e0 la recherche d&rsquo;une bonne restitution aromatique du go\u00fbt tabac.<\/p>\n<p>Eliquide tabac blond am\u00e9ricain existe en plusieurs taux de nicotine : 0, 3, 6, 12 et 16 mg\/ml en 50\/50 PG\/VG<\/p>\n","protected":false},"excerpt":{"rendered":"<p>Partez \u00e0 la conqu\u00eate du Grand-Ouest avec cet e-liquide tabac blond am\u00e9ricain ! Pour cet e-liquide classic go\u00fbt tabac, notre ma\u00eetre parfumeur a fid\u00e8lement reproduit le blend qui fait toute l&rsquo;identit\u00e9 de la c\u00e9l\u00e8bre marque au cow-boy. Niveau aromatique, on retrouve la douceur d&rsquo;un blond virginia, le caract\u00e8re bien tremp\u00e9 d&rsquo;un Burley et le parfum prononc\u00e9 d&rsquo;un Orient Samsoun minutieusement dos\u00e9. En sensation, cet eliquide offre une vape assez consistante et poss\u00e8de une bonne longueur en bouche. Cet e-liquide tabac USA conviendra \u00e0 tous les primo-vapoteurs et vapoteurs de classic \u00e0 la recherche d&rsquo;une bonne restitution aromatique du go\u00fbt tabac. Eliquide tabac blond am\u00e9ricain existe en plusieurs taux de nicotine : 0, 3, 6, 12 et 16 mg\/ml en 50\/50 PG\/VG<\/p>\n","protected":false},"featured_media":1155,"template":"","meta":[],"product_cat":[50,45],"product_tag":[],"_links":{"self":[{"href":"https:\/\/fillinx.site\/tropscbdtest\/wp-json\/wp\/v2\/product\/1114"}],"collection":[{"href":"https:\/\/fillinx.site\/tropscbdtest\/wp-json\/wp\/v2\/product"}],"about":[{"href":"https:\/\/fillinx.site\/tropscbdtest\/wp-json\/wp\/v2\/types\/product"}],"wp:featuredmedia":[{"embeddable":true,"href":"https:\/\/fillinx.site\/tropscbdtest\/wp-json\/wp\/v2\/media\/1155"}],"wp:attachment":[{"href":"https:\/\/fillinx.site\/tropscbdtest\/wp-json\/wp\/v2\/media?parent=1114"}],"wp:term":[{"taxonomy":"product_cat","embeddable":true,"href":"https:\/\/fillinx.site\/tropscbdtest\/wp-json\/wp\/v2\/product_cat?post=1114"},{"taxonomy":"product_tag","embeddable":true,"href":"https:\/\/fillinx.site\/tropscbdtest\/wp-json\/wp\/v2\/product_tag?post=1114"}],"curies":[{"name":"wp","href":"https:\/\/api.w.org\/{rel}","templated":true}]}}