{"id":1119,"date":"2023-08-11T12:25:56","date_gmt":"2023-08-11T12:25:56","guid":{"rendered":"https:\/\/fillinx.site\/tropscbdtest\/?post_type=product&#038;p=1119"},"modified":"2024-03-25T10:44:09","modified_gmt":"2024-03-25T10:44:09","slug":"blond-classique-10ml","status":"publish","type":"product","link":"https:\/\/fillinx.site\/tropscbdtest\/produit\/blond-classique-10ml\/","title":{"rendered":"Blond classique 10ml"},"content":{"rendered":"<p>Retrouvez dans ce e-liquide tabac, le go\u00fbt rond et g\u00e9n\u00e9reux d&rsquo;un ar\u00f4me naturel de tabac blond Virginia subtilement m\u00e9lang\u00e9 \u00e0 un soup\u00e7on de tabac Burley. Un m\u00e9lange de notes aromatiques douces qui font de ce e-liquide blond classique une bonne alternative pour les fumeurs qui d\u00e9bute le vapotage. Un savant assemblage d\u2019ar\u00f4mes a \u00e9t\u00e9 n\u00e9cessaire pour confectionner cette saveur \u00e0 l\u2019\u00e9quilibre parfait, tout en douceur.<\/p>\n<p>Les amateurs de e-liquide aux go\u00fbts de tabacs appr\u00e9cieront aussi la tenue impeccable dans toutes les situations de ce tabac blond.<\/p>\n<p>D\u00e9couvrez cette recharge de e-liquide tabac blond \u00e0 vapoter en \u00ab\u00a0all day\u00a0\u00bb dans diff\u00e9rents dosage de nicotine (0, 3, 6, 12 et 16 mg\/ml) et \u00e9galement dans une version sans nicotine.<\/p>\n","protected":false},"excerpt":{"rendered":"<p>Retrouvez dans ce e-liquide tabac, le go\u00fbt rond et g\u00e9n\u00e9reux d&rsquo;un ar\u00f4me naturel de tabac blond Virginia subtilement m\u00e9lang\u00e9 \u00e0 un soup\u00e7on de tabac Burley. Un m\u00e9lange de notes aromatiques douces qui font de ce e-liquide blond classique une bonne alternative pour les fumeurs qui d\u00e9bute le vapotage. Un savant assemblage d\u2019ar\u00f4mes a \u00e9t\u00e9 n\u00e9cessaire pour confectionner cette saveur \u00e0 l\u2019\u00e9quilibre parfait, tout en douceur. Les amateurs de e-liquide aux go\u00fbts de tabacs appr\u00e9cieront aussi la tenue impeccable dans toutes les situations de ce tabac blond. D\u00e9couvrez cette recharge de e-liquide tabac blond \u00e0 vapoter en \u00ab\u00a0all day\u00a0\u00bb dans diff\u00e9rents dosage de nicotine (0, 3, 6, 12 et 16 mg\/ml) et \u00e9galement dans une version sans nicotine.<\/p>\n","protected":false},"featured_media":1156,"template":"","meta":[],"product_cat":[45,50],"product_tag":[],"_links":{"self":[{"href":"https:\/\/fillinx.site\/tropscbdtest\/wp-json\/wp\/v2\/product\/1119"}],"collection":[{"href":"https:\/\/fillinx.site\/tropscbdtest\/wp-json\/wp\/v2\/product"}],"about":[{"href":"https:\/\/fillinx.site\/tropscbdtest\/wp-json\/wp\/v2\/types\/product"}],"wp:featuredmedia":[{"embeddable":true,"href":"https:\/\/fillinx.site\/tropscbdtest\/wp-json\/wp\/v2\/media\/1156"}],"wp:attachment":[{"href":"https:\/\/fillinx.site\/tropscbdtest\/wp-json\/wp\/v2\/media?parent=1119"}],"wp:term":[{"taxonomy":"product_cat","embeddable":true,"href":"https:\/\/fillinx.site\/tropscbdtest\/wp-json\/wp\/v2\/product_cat?post=1119"},{"taxonomy":"product_tag","embeddable":true,"href":"https:\/\/fillinx.site\/tropscbdtest\/wp-json\/wp\/v2\/product_tag?post=1119"}],"curies":[{"name":"wp","href":"https:\/\/api.w.org\/{rel}","templated":true}]}}