{"id":1131,"date":"2023-08-11T12:26:29","date_gmt":"2023-08-11T12:26:29","guid":{"rendered":"https:\/\/fillinx.site\/tropscbdtest\/?post_type=product&#038;p=1131"},"modified":"2024-05-02T11:27:46","modified_gmt":"2024-05-02T09:27:46","slug":"blond-francais-10ml","status":"publish","type":"product","link":"https:\/\/fillinx.site\/tropscbdtest\/produit\/blond-francais-10ml\/","title":{"rendered":"Blond fran\u00e7ais 10ml"},"content":{"rendered":"<p>Retrouvez dans ce e-liquide tabac, le go\u00fbt aromatique et sec d&rsquo;un ar\u00f4me naturel de tabac blond cultiv\u00e9 dans le Sud-Ouest de la France.<br \/>\n\u00c0 l&rsquo;instar du \u00ab\u00a0blond classique\u00a0\u00bb, cet ar\u00f4me de tabac blond convient aux fumeurs d\u00e9butant la vape. Nous vous proposons avec ce \u00ab\u00a0blond fran\u00e7ais\u00a0\u00bb une variante de tabac \u00ab\u00a0sec\u00a0\u00bb (\u00ab\u00a0Dry\u00a0\u00bb).<br \/>\nD\u00e9couvrez ce e-liquide tabac incontournable \u00e0 vapoter en \u00ab\u00a0all day\u00a0\u00bb dans diff\u00e9rents dosage de nicotine (0, 3, 6, 12 et 16 mg\/ml) et \u00e9galement dans une version sans nicotine.<\/p>\n","protected":false},"excerpt":{"rendered":"<p>Retrouvez dans ce e-liquide tabac, le go\u00fbt aromatique et sec d&rsquo;un ar\u00f4me naturel de tabac blond cultiv\u00e9 dans le Sud-Ouest de la France. \u00c0 l&rsquo;instar du \u00ab\u00a0blond classique\u00a0\u00bb, cet ar\u00f4me de tabac blond convient aux fumeurs d\u00e9butant la vape. Nous vous proposons avec ce \u00ab\u00a0blond fran\u00e7ais\u00a0\u00bb une variante de tabac \u00ab\u00a0sec\u00a0\u00bb (\u00ab\u00a0Dry\u00a0\u00bb). D\u00e9couvrez ce e-liquide tabac incontournable \u00e0 vapoter en \u00ab\u00a0all day\u00a0\u00bb dans diff\u00e9rents dosage de nicotine (0, 3, 6, 12 et 16 mg\/ml) et \u00e9galement dans une version sans nicotine.<\/p>\n","protected":false},"featured_media":1157,"template":"","meta":[],"product_cat":[45,50],"product_tag":[],"_links":{"self":[{"href":"https:\/\/fillinx.site\/tropscbdtest\/wp-json\/wp\/v2\/product\/1131"}],"collection":[{"href":"https:\/\/fillinx.site\/tropscbdtest\/wp-json\/wp\/v2\/product"}],"about":[{"href":"https:\/\/fillinx.site\/tropscbdtest\/wp-json\/wp\/v2\/types\/product"}],"wp:featuredmedia":[{"embeddable":true,"href":"https:\/\/fillinx.site\/tropscbdtest\/wp-json\/wp\/v2\/media\/1157"}],"wp:attachment":[{"href":"https:\/\/fillinx.site\/tropscbdtest\/wp-json\/wp\/v2\/media?parent=1131"}],"wp:term":[{"taxonomy":"product_cat","embeddable":true,"href":"https:\/\/fillinx.site\/tropscbdtest\/wp-json\/wp\/v2\/product_cat?post=1131"},{"taxonomy":"product_tag","embeddable":true,"href":"https:\/\/fillinx.site\/tropscbdtest\/wp-json\/wp\/v2\/product_tag?post=1131"}],"curies":[{"name":"wp","href":"https:\/\/api.w.org\/{rel}","templated":true}]}}