{"id":1175,"date":"2023-08-11T12:27:25","date_gmt":"2023-08-11T12:27:25","guid":{"rendered":"https:\/\/fillinx.site\/tropscbdtest\/?post_type=product&#038;p=1175"},"modified":"2023-12-12T17:05:39","modified_gmt":"2023-12-12T17:05:39","slug":"cactus-citron-10ml","status":"publish","type":"product","link":"https:\/\/fillinx.site\/tropscbdtest\/produit\/cactus-citron-10ml\/","title":{"rendered":"Cactus &#8211; Citron 10ml"},"content":{"rendered":"<p>Quand la douceur du cactus rencontre l\u2019acidit\u00e9 du citron, cela donne un r\u00e9sultat \u00e9tonnement ensoleill\u00e9 ! Un duo in\u00e9dit et toute en l\u00e9g\u00e8ret\u00e9, qui rafra\u00eechira vos papilles tel une oasis en plein d\u00e9sert.<\/p>\n<p>Niveau aromatique, les notes aquatiques et v\u00e9g\u00e9tales du Cactus du Mexique s&rsquo;accordent parfaitement avec l&rsquo;acidit\u00e9 du Citron d&rsquo;Argentine qui ram\u00e8ne un coup de peps \u00e0 cette recette bigo\u00fbt peu sucr\u00e9e.<\/p>\n<p>E liquide Cactus Citron disponible avec plusieurs taux de nicotine : 0, 3, 6, 12 et 16 mg\/ml.<\/p>\n","protected":false},"excerpt":{"rendered":"<p>Quand la douceur du cactus rencontre l\u2019acidit\u00e9 du citron, cela donne un r\u00e9sultat \u00e9tonnement ensoleill\u00e9 ! Un duo in\u00e9dit et toute en l\u00e9g\u00e8ret\u00e9, qui rafra\u00eechira vos papilles tel une oasis en plein d\u00e9sert. Niveau aromatique, les notes aquatiques et v\u00e9g\u00e9tales du Cactus du Mexique s&rsquo;accordent parfaitement avec l&rsquo;acidit\u00e9 du Citron d&rsquo;Argentine qui ram\u00e8ne un coup de peps \u00e0 cette recette bigo\u00fbt peu sucr\u00e9e. E liquide Cactus Citron disponible avec plusieurs taux de nicotine : 0, 3, 6, 12 et 16 mg\/ml.<\/p>\n","protected":false},"featured_media":1193,"template":"","meta":[],"product_cat":[45,50,109],"product_tag":[],"_links":{"self":[{"href":"https:\/\/fillinx.site\/tropscbdtest\/wp-json\/wp\/v2\/product\/1175"}],"collection":[{"href":"https:\/\/fillinx.site\/tropscbdtest\/wp-json\/wp\/v2\/product"}],"about":[{"href":"https:\/\/fillinx.site\/tropscbdtest\/wp-json\/wp\/v2\/types\/product"}],"wp:featuredmedia":[{"embeddable":true,"href":"https:\/\/fillinx.site\/tropscbdtest\/wp-json\/wp\/v2\/media\/1193"}],"wp:attachment":[{"href":"https:\/\/fillinx.site\/tropscbdtest\/wp-json\/wp\/v2\/media?parent=1175"}],"wp:term":[{"taxonomy":"product_cat","embeddable":true,"href":"https:\/\/fillinx.site\/tropscbdtest\/wp-json\/wp\/v2\/product_cat?post=1175"},{"taxonomy":"product_tag","embeddable":true,"href":"https:\/\/fillinx.site\/tropscbdtest\/wp-json\/wp\/v2\/product_tag?post=1175"}],"curies":[{"name":"wp","href":"https:\/\/api.w.org\/{rel}","templated":true}]}}