{"id":1180,"date":"2023-08-11T12:27:25","date_gmt":"2023-08-11T12:27:25","guid":{"rendered":"https:\/\/fillinx.site\/tropscbdtest\/?post_type=product&#038;p=1180"},"modified":"2024-02-26T16:35:16","modified_gmt":"2024-02-26T16:35:16","slug":"cafe-moka-10ml","status":"publish","type":"product","link":"https:\/\/fillinx.site\/tropscbdtest\/produit\/cafe-moka-10ml\/","title":{"rendered":"Caf\u00e9 moka 10ml"},"content":{"rendered":"<p>Ce e-liquide caf\u00e9 gourmand arabica parfum moka au go\u00fbt subtil est l\u00e9g\u00e8rement relev\u00e9 par une note de cacao.<\/p>\n<p>On y retrouve des notes d\u2019amertume, second\u00e9es par une sensation de douceur.<\/p>\n<p>Connu de tous pour \u00eatre le caf\u00e9 symbolique de l&rsquo;Ethiopie, le moka d\u00e9veloppe habituellement des notes d&rsquo;agrumes lorsqu&rsquo;il est pr\u00e9par\u00e9 en expresso. Nous avons minutieusement travaill\u00e9 cet ar\u00f4me et l&rsquo;avons m\u00e9lang\u00e9 \u00e0 des notes de cacao pour lui amener une touche plus terreuse, plus roasted que la boisson originelle. Exit l&rsquo;acidit\u00e9 : vous retrouverez davantage de profondeur, un go\u00fbt suave et intense. Vous en prendrez bien une tasse ?<\/p>\n","protected":false},"excerpt":{"rendered":"<p>Ce e-liquide caf\u00e9 gourmand arabica parfum moka au go\u00fbt subtil est l\u00e9g\u00e8rement relev\u00e9 par une note de cacao. On y retrouve des notes d\u2019amertume, second\u00e9es par une sensation de douceur. Connu de tous pour \u00eatre le caf\u00e9 symbolique de l&rsquo;Ethiopie, le moka d\u00e9veloppe habituellement des notes d&rsquo;agrumes lorsqu&rsquo;il est pr\u00e9par\u00e9 en expresso. Nous avons minutieusement travaill\u00e9 cet ar\u00f4me et l&rsquo;avons m\u00e9lang\u00e9 \u00e0 des notes de cacao pour lui amener une touche plus terreuse, plus roasted que la boisson originelle. Exit l&rsquo;acidit\u00e9 : vous retrouverez davantage de profondeur, un go\u00fbt suave et intense. Vous en prendrez bien une tasse ?<\/p>\n","protected":false},"featured_media":1194,"template":"","meta":[],"product_cat":[45,50,109],"product_tag":[],"_links":{"self":[{"href":"https:\/\/fillinx.site\/tropscbdtest\/wp-json\/wp\/v2\/product\/1180"}],"collection":[{"href":"https:\/\/fillinx.site\/tropscbdtest\/wp-json\/wp\/v2\/product"}],"about":[{"href":"https:\/\/fillinx.site\/tropscbdtest\/wp-json\/wp\/v2\/types\/product"}],"wp:featuredmedia":[{"embeddable":true,"href":"https:\/\/fillinx.site\/tropscbdtest\/wp-json\/wp\/v2\/media\/1194"}],"wp:attachment":[{"href":"https:\/\/fillinx.site\/tropscbdtest\/wp-json\/wp\/v2\/media?parent=1180"}],"wp:term":[{"taxonomy":"product_cat","embeddable":true,"href":"https:\/\/fillinx.site\/tropscbdtest\/wp-json\/wp\/v2\/product_cat?post=1180"},{"taxonomy":"product_tag","embeddable":true,"href":"https:\/\/fillinx.site\/tropscbdtest\/wp-json\/wp\/v2\/product_tag?post=1180"}],"curies":[{"name":"wp","href":"https:\/\/api.w.org\/{rel}","templated":true}]}}