{"id":1197,"date":"2023-08-11T12:27:43","date_gmt":"2023-08-11T12:27:43","guid":{"rendered":"https:\/\/fillinx.site\/tropscbdtest\/?post_type=product&#038;p=1197"},"modified":"2024-01-09T09:04:25","modified_gmt":"2024-01-09T09:04:25","slug":"cola-cerise-10ml","status":"publish","type":"product","link":"https:\/\/fillinx.site\/tropscbdtest\/produit\/cola-cerise-10ml\/","title":{"rendered":"Cola &#8211; Cerise 10ml"},"content":{"rendered":"<p>Le duo p\u00e9tillant incontournable dans nos e-liquides ! Amateur de soda ou non, (re)d\u00e9couvrez cet ar\u00f4me collector qui vous rappellera que l\u2019\u00e9t\u00e9 n\u2019est jamais tr\u00e8s loin.<\/p>\n<p>En sensation de vape, cet e-liquide Cola Cerise est assez gourmand, sucr\u00e9, et l\u00e9g\u00e8rement acidul\u00e9.<\/p>\n<p>Chez Le French Liquide, une obsession nous anime : le go\u00fbt ! C&rsquo;est pourquoi nous travaillons exclusivement des mati\u00e8res premi\u00e8res de qualit\u00e9 afin de restituer les ar\u00f4mes de fa\u00e7on optimale.<\/p>\n<p>E liquide Cola Cerise disponible avec plusieurs taux de nicotine : 0, 3, 6, 12 et 16 mg\/ml<\/p>\n","protected":false},"excerpt":{"rendered":"<p>Le duo p\u00e9tillant incontournable dans nos e-liquides ! Amateur de soda ou non, (re)d\u00e9couvrez cet ar\u00f4me collector qui vous rappellera que l\u2019\u00e9t\u00e9 n\u2019est jamais tr\u00e8s loin. En sensation de vape, cet e-liquide Cola Cerise est assez gourmand, sucr\u00e9, et l\u00e9g\u00e8rement acidul\u00e9. Chez Le French Liquide, une obsession nous anime : le go\u00fbt ! C&rsquo;est pourquoi nous travaillons exclusivement des mati\u00e8res premi\u00e8res de qualit\u00e9 afin de restituer les ar\u00f4mes de fa\u00e7on optimale. E liquide Cola Cerise disponible avec plusieurs taux de nicotine : 0, 3, 6, 12 et 16 mg\/ml<\/p>\n","protected":false},"featured_media":1226,"template":"","meta":[],"product_cat":[50,109,45],"product_tag":[],"_links":{"self":[{"href":"https:\/\/fillinx.site\/tropscbdtest\/wp-json\/wp\/v2\/product\/1197"}],"collection":[{"href":"https:\/\/fillinx.site\/tropscbdtest\/wp-json\/wp\/v2\/product"}],"about":[{"href":"https:\/\/fillinx.site\/tropscbdtest\/wp-json\/wp\/v2\/types\/product"}],"wp:featuredmedia":[{"embeddable":true,"href":"https:\/\/fillinx.site\/tropscbdtest\/wp-json\/wp\/v2\/media\/1226"}],"wp:attachment":[{"href":"https:\/\/fillinx.site\/tropscbdtest\/wp-json\/wp\/v2\/media?parent=1197"}],"wp:term":[{"taxonomy":"product_cat","embeddable":true,"href":"https:\/\/fillinx.site\/tropscbdtest\/wp-json\/wp\/v2\/product_cat?post=1197"},{"taxonomy":"product_tag","embeddable":true,"href":"https:\/\/fillinx.site\/tropscbdtest\/wp-json\/wp\/v2\/product_tag?post=1197"}],"curies":[{"name":"wp","href":"https:\/\/api.w.org\/{rel}","templated":true}]}}