{"id":1207,"date":"2023-08-11T12:27:44","date_gmt":"2023-08-11T12:27:44","guid":{"rendered":"https:\/\/fillinx.site\/tropscbdtest\/?post_type=product&#038;p=1207"},"modified":"2023-12-12T17:05:14","modified_gmt":"2023-12-12T17:05:14","slug":"ze-citron-vert-10ml","status":"publish","type":"product","link":"https:\/\/fillinx.site\/tropscbdtest\/produit\/ze-citron-vert-10ml\/","title":{"rendered":"Ze Citron vert 10ml"},"content":{"rendered":"<p>Ce e-liquide est \u00e9labor\u00e9 avec un ar\u00f4me naturel de citron vert du Mexique au go\u00fbt saisissant et gourmand, comme un sorbet.<\/p>\n<p>Niveau aromatique, on retrouve des notes acidul\u00e9es, l\u00e9g\u00e8rement plus \u00e9pic\u00e9 et plus frais que notre e-liquide citron jaune.<\/p>\n<p>Red\u00e9couvrez cet agrume p\u00e9tillant dans votre cigarette \u00e9lectronique gr\u00e2ce \u00e0 notre formulation unique.<\/p>\n<p>Eliquide Citron vert disponible avec plusieurs taux de nicotine : 0, 3, 6, 12 et 16 mg\/ml<\/p>\n","protected":false},"excerpt":{"rendered":"<p>Ce e-liquide est \u00e9labor\u00e9 avec un ar\u00f4me naturel de citron vert du Mexique au go\u00fbt saisissant et gourmand, comme un sorbet. Niveau aromatique, on retrouve des notes acidul\u00e9es, l\u00e9g\u00e8rement plus \u00e9pic\u00e9 et plus frais que notre e-liquide citron jaune. Red\u00e9couvrez cet agrume p\u00e9tillant dans votre cigarette \u00e9lectronique gr\u00e2ce \u00e0 notre formulation unique. Eliquide Citron vert disponible avec plusieurs taux de nicotine : 0, 3, 6, 12 et 16 mg\/ml<\/p>\n","protected":false},"featured_media":1228,"template":"","meta":[],"product_cat":[45,50,109],"product_tag":[],"_links":{"self":[{"href":"https:\/\/fillinx.site\/tropscbdtest\/wp-json\/wp\/v2\/product\/1207"}],"collection":[{"href":"https:\/\/fillinx.site\/tropscbdtest\/wp-json\/wp\/v2\/product"}],"about":[{"href":"https:\/\/fillinx.site\/tropscbdtest\/wp-json\/wp\/v2\/types\/product"}],"wp:featuredmedia":[{"embeddable":true,"href":"https:\/\/fillinx.site\/tropscbdtest\/wp-json\/wp\/v2\/media\/1228"}],"wp:attachment":[{"href":"https:\/\/fillinx.site\/tropscbdtest\/wp-json\/wp\/v2\/media?parent=1207"}],"wp:term":[{"taxonomy":"product_cat","embeddable":true,"href":"https:\/\/fillinx.site\/tropscbdtest\/wp-json\/wp\/v2\/product_cat?post=1207"},{"taxonomy":"product_tag","embeddable":true,"href":"https:\/\/fillinx.site\/tropscbdtest\/wp-json\/wp\/v2\/product_tag?post=1207"}],"curies":[{"name":"wp","href":"https:\/\/api.w.org\/{rel}","templated":true}]}}