{"id":1212,"date":"2023-08-11T12:27:45","date_gmt":"2023-08-11T12:27:45","guid":{"rendered":"https:\/\/fillinx.site\/tropscbdtest\/?post_type=product&#038;p=1212"},"modified":"2024-04-30T16:41:04","modified_gmt":"2024-04-30T14:41:04","slug":"vanille-de-tahiti-10ml","status":"publish","type":"product","link":"https:\/\/fillinx.site\/tropscbdtest\/produit\/vanille-de-tahiti-10ml\/","title":{"rendered":"Vanille de Tahiti 10ml"},"content":{"rendered":"<p>Ce n&rsquo;est pas tous les jours qu&rsquo;on peut go\u00fbter \u00e0 la plus gourmande des vanilles. Envolez vous \u00e0 plus de 15000 km de Paris pour d\u00e9couvrir La Vanille de Tahiti. Douce, sensuelle avec une longueur en bouche incomparable, ses notes \u00e9pic\u00e9es et biscuit\u00e9es vous feront fondre de plaisir.<\/p>\n<p>Osez l&rsquo;excellence avec la vanille la plus pr\u00e9cieuse des \u00eeles du Pacifique. Unique et intense, le e-liquide Vanille de Tahiti vous promet un voyage gustatif riche et complexe.<\/p>\n","protected":false},"excerpt":{"rendered":"<p>Ce n&rsquo;est pas tous les jours qu&rsquo;on peut go\u00fbter \u00e0 la plus gourmande des vanilles. Envolez vous \u00e0 plus de 15000 km de Paris pour d\u00e9couvrir La Vanille de Tahiti. Douce, sensuelle avec une longueur en bouche incomparable, ses notes \u00e9pic\u00e9es et biscuit\u00e9es vous feront fondre de plaisir. Osez l&rsquo;excellence avec la vanille la plus pr\u00e9cieuse des \u00eeles du Pacifique. Unique et intense, le e-liquide Vanille de Tahiti vous promet un voyage gustatif riche et complexe.<\/p>\n","protected":false},"featured_media":1229,"template":"","meta":[],"product_cat":[45,50,109],"product_tag":[],"_links":{"self":[{"href":"https:\/\/fillinx.site\/tropscbdtest\/wp-json\/wp\/v2\/product\/1212"}],"collection":[{"href":"https:\/\/fillinx.site\/tropscbdtest\/wp-json\/wp\/v2\/product"}],"about":[{"href":"https:\/\/fillinx.site\/tropscbdtest\/wp-json\/wp\/v2\/types\/product"}],"wp:featuredmedia":[{"embeddable":true,"href":"https:\/\/fillinx.site\/tropscbdtest\/wp-json\/wp\/v2\/media\/1229"}],"wp:attachment":[{"href":"https:\/\/fillinx.site\/tropscbdtest\/wp-json\/wp\/v2\/media?parent=1212"}],"wp:term":[{"taxonomy":"product_cat","embeddable":true,"href":"https:\/\/fillinx.site\/tropscbdtest\/wp-json\/wp\/v2\/product_cat?post=1212"},{"taxonomy":"product_tag","embeddable":true,"href":"https:\/\/fillinx.site\/tropscbdtest\/wp-json\/wp\/v2\/product_tag?post=1212"}],"curies":[{"name":"wp","href":"https:\/\/api.w.org\/{rel}","templated":true}]}}