{"id":1217,"date":"2023-08-11T12:27:45","date_gmt":"2023-08-11T12:27:45","guid":{"rendered":"https:\/\/fillinx.site\/tropscbdtest\/?post_type=product&#038;p=1217"},"modified":"2024-04-09T07:55:42","modified_gmt":"2024-04-09T07:55:42","slug":"noisette-grillee-10ml","status":"publish","type":"product","link":"https:\/\/fillinx.site\/tropscbdtest\/produit\/noisette-grillee-10ml\/","title":{"rendered":"Noisette grill\u00e9e 10ml"},"content":{"rendered":"<p>Red\u00e9couvrez la saveur noisette de votre enfance en y ajoutant une touche torr\u00e9fi\u00e9e et grill\u00e9e qui apporte \u00e0 ce e-liquide des notes bois\u00e9es et gourmandes.<\/p>\n<p>Notre e-liquide noisette grill\u00e9e est l&rsquo;une de nos meilleures ventes e-liquides.<\/p>\n<p>Accompagnez ce e-liquide d\u2019un bon caf\u00e9 et votre pause douceur n\u2019en sera que plus voluptueuse.<\/p>\n<p>E-liquide noisette grill\u00e9e disponible avec plusieurs taux de nicotine : 0, 3, 6, 12 et 16 mg\/ml<\/p>\n","protected":false},"excerpt":{"rendered":"<p>Red\u00e9couvrez la saveur noisette de votre enfance en y ajoutant une touche torr\u00e9fi\u00e9e et grill\u00e9e qui apporte \u00e0 ce e-liquide des notes bois\u00e9es et gourmandes. Notre e-liquide noisette grill\u00e9e est l&rsquo;une de nos meilleures ventes e-liquides. Accompagnez ce e-liquide d\u2019un bon caf\u00e9 et votre pause douceur n\u2019en sera que plus voluptueuse. E-liquide noisette grill\u00e9e disponible avec plusieurs taux de nicotine : 0, 3, 6, 12 et 16 mg\/ml<\/p>\n","protected":false},"featured_media":1230,"template":"","meta":[],"product_cat":[45,50,109],"product_tag":[],"_links":{"self":[{"href":"https:\/\/fillinx.site\/tropscbdtest\/wp-json\/wp\/v2\/product\/1217"}],"collection":[{"href":"https:\/\/fillinx.site\/tropscbdtest\/wp-json\/wp\/v2\/product"}],"about":[{"href":"https:\/\/fillinx.site\/tropscbdtest\/wp-json\/wp\/v2\/types\/product"}],"wp:featuredmedia":[{"embeddable":true,"href":"https:\/\/fillinx.site\/tropscbdtest\/wp-json\/wp\/v2\/media\/1230"}],"wp:attachment":[{"href":"https:\/\/fillinx.site\/tropscbdtest\/wp-json\/wp\/v2\/media?parent=1217"}],"wp:term":[{"taxonomy":"product_cat","embeddable":true,"href":"https:\/\/fillinx.site\/tropscbdtest\/wp-json\/wp\/v2\/product_cat?post=1217"},{"taxonomy":"product_tag","embeddable":true,"href":"https:\/\/fillinx.site\/tropscbdtest\/wp-json\/wp\/v2\/product_tag?post=1217"}],"curies":[{"name":"wp","href":"https:\/\/api.w.org\/{rel}","templated":true}]}}