{"id":1222,"date":"2023-08-11T12:27:46","date_gmt":"2023-08-11T12:27:46","guid":{"rendered":"https:\/\/fillinx.site\/tropscbdtest\/?post_type=product&#038;p=1222"},"modified":"2024-01-22T09:38:16","modified_gmt":"2024-01-22T09:38:16","slug":"menthe-glaciale-10ml","status":"publish","type":"product","link":"https:\/\/fillinx.site\/tropscbdtest\/produit\/menthe-glaciale-10ml\/","title":{"rendered":"Menthe glaciale 10ml"},"content":{"rendered":"<p>Ce e-liquide menthe glaciale \u00e0 l\u2019ar\u00f4me de menthe envahira votre palais et vous fera frissonner \u00e0 coup s\u00fbr. Particuli\u00e8rement concentr\u00e9e en menthol, la menthe glaciale offre une fra\u00eecheur intense tr\u00e8s appr\u00e9ci\u00e9e des vapoteurs \u00e0 la recherche de hit ! Frissons garantis avec cet eliquide frais.<\/p>\n<p>Eliquide disponible en plusieurs taux de nicotine : 0, 3, 6, 12 et 16 mg\/ml<\/p>\n<p>Envie d&rsquo;un e-liquides plus frais ou plus menthol\u00e9s ?<\/p>\n<p>Lips Vape a souhait\u00e9 \u00e9toffer sa collection d&rsquo;eliquides menthol\u00e9s en y int\u00e9grant cet eliquide frais menthe glaciale. D\u00e9couvrez les e-liquides de notre collection de menthol\u00e9s.<\/p>\n","protected":false},"excerpt":{"rendered":"<p>Ce e-liquide menthe glaciale \u00e0 l\u2019ar\u00f4me de menthe envahira votre palais et vous fera frissonner \u00e0 coup s\u00fbr. Particuli\u00e8rement concentr\u00e9e en menthol, la menthe glaciale offre une fra\u00eecheur intense tr\u00e8s appr\u00e9ci\u00e9e des vapoteurs \u00e0 la recherche de hit ! Frissons garantis avec cet eliquide frais. Eliquide disponible en plusieurs taux de nicotine : 0, 3, 6, 12 et 16 mg\/ml Envie d&rsquo;un e-liquides plus frais ou plus menthol\u00e9s ? Lips Vape a souhait\u00e9 \u00e9toffer sa collection d&rsquo;eliquides menthol\u00e9s en y int\u00e9grant cet eliquide frais menthe glaciale. D\u00e9couvrez les e-liquides de notre collection de menthol\u00e9s.<\/p>\n","protected":false},"featured_media":1231,"template":"","meta":[],"product_cat":[45,50,109],"product_tag":[],"_links":{"self":[{"href":"https:\/\/fillinx.site\/tropscbdtest\/wp-json\/wp\/v2\/product\/1222"}],"collection":[{"href":"https:\/\/fillinx.site\/tropscbdtest\/wp-json\/wp\/v2\/product"}],"about":[{"href":"https:\/\/fillinx.site\/tropscbdtest\/wp-json\/wp\/v2\/types\/product"}],"wp:featuredmedia":[{"embeddable":true,"href":"https:\/\/fillinx.site\/tropscbdtest\/wp-json\/wp\/v2\/media\/1231"}],"wp:attachment":[{"href":"https:\/\/fillinx.site\/tropscbdtest\/wp-json\/wp\/v2\/media?parent=1222"}],"wp:term":[{"taxonomy":"product_cat","embeddable":true,"href":"https:\/\/fillinx.site\/tropscbdtest\/wp-json\/wp\/v2\/product_cat?post=1222"},{"taxonomy":"product_tag","embeddable":true,"href":"https:\/\/fillinx.site\/tropscbdtest\/wp-json\/wp\/v2\/product_tag?post=1222"}],"curies":[{"name":"wp","href":"https:\/\/api.w.org\/{rel}","templated":true}]}}