{"id":1233,"date":"2023-08-11T12:27:58","date_gmt":"2023-08-11T12:27:58","guid":{"rendered":"https:\/\/fillinx.site\/tropscbdtest\/?post_type=product&#038;p=1233"},"modified":"2024-01-03T08:55:40","modified_gmt":"2024-01-03T08:55:40","slug":"miss-glagla-10ml","status":"publish","type":"product","link":"https:\/\/fillinx.site\/tropscbdtest\/produit\/miss-glagla-10ml\/","title":{"rendered":"Miss Glagla 10ml"},"content":{"rendered":"<p>Glagla ouh la la ! Encore plus intense que l&rsquo;eliquide menthe Glaciale Iceberg, ce eliquide est tout simplement l&rsquo;e-liquide le plus frais de toute la collection. Une saveur hyst\u00e9riquement givr\u00e9e et polaire qui vous glacera sur place. Attention elle est vraiment fra\u00eeche\u2026 Tellement fra\u00eeche qu&rsquo;elle en ferait frissoner le NightKing himself !<\/p>\n<p>Eliquide Miss Glagla disponible avec plusieurs taux de nicotine : 0, 3, 6, 12 et 16 mg\/ml<\/p>\n<p>Envie d&rsquo;un e-liquides plus frais ou plus menthol\u00e9s ?<\/p>\n<p>Lips Vape a souhait\u00e9 \u00e9toffer sa collection d&rsquo;eliquides menthol\u00e9s en y int\u00e9grant cet eliquide frais menthe glaciale. D\u00e9couvrez les e-liquides de notre collection de menthol\u00e9s.<\/p>\n","protected":false},"excerpt":{"rendered":"<p>Glagla ouh la la ! Encore plus intense que l&rsquo;eliquide menthe Glaciale Iceberg, ce eliquide est tout simplement l&rsquo;e-liquide le plus frais de toute la collection. Une saveur hyst\u00e9riquement givr\u00e9e et polaire qui vous glacera sur place. Attention elle est vraiment fra\u00eeche\u2026 Tellement fra\u00eeche qu&rsquo;elle en ferait frissoner le NightKing himself ! Eliquide Miss Glagla disponible avec plusieurs taux de nicotine : 0, 3, 6, 12 et 16 mg\/ml Envie d&rsquo;un e-liquides plus frais ou plus menthol\u00e9s ? Lips Vape a souhait\u00e9 \u00e9toffer sa collection d&rsquo;eliquides menthol\u00e9s en y int\u00e9grant cet eliquide frais menthe glaciale. D\u00e9couvrez les e-liquides de notre collection de menthol\u00e9s.<\/p>\n","protected":false},"featured_media":1262,"template":"","meta":[],"product_cat":[45,50,109],"product_tag":[],"_links":{"self":[{"href":"https:\/\/fillinx.site\/tropscbdtest\/wp-json\/wp\/v2\/product\/1233"}],"collection":[{"href":"https:\/\/fillinx.site\/tropscbdtest\/wp-json\/wp\/v2\/product"}],"about":[{"href":"https:\/\/fillinx.site\/tropscbdtest\/wp-json\/wp\/v2\/types\/product"}],"wp:featuredmedia":[{"embeddable":true,"href":"https:\/\/fillinx.site\/tropscbdtest\/wp-json\/wp\/v2\/media\/1262"}],"wp:attachment":[{"href":"https:\/\/fillinx.site\/tropscbdtest\/wp-json\/wp\/v2\/media?parent=1233"}],"wp:term":[{"taxonomy":"product_cat","embeddable":true,"href":"https:\/\/fillinx.site\/tropscbdtest\/wp-json\/wp\/v2\/product_cat?post=1233"},{"taxonomy":"product_tag","embeddable":true,"href":"https:\/\/fillinx.site\/tropscbdtest\/wp-json\/wp\/v2\/product_tag?post=1233"}],"curies":[{"name":"wp","href":"https:\/\/api.w.org\/{rel}","templated":true}]}}