{"id":1238,"date":"2023-08-11T12:27:59","date_gmt":"2023-08-11T12:27:59","guid":{"rendered":"https:\/\/fillinx.site\/tropscbdtest\/?post_type=product&#038;p=1238"},"modified":"2024-04-09T07:55:38","modified_gmt":"2024-04-09T07:55:38","slug":"la-petite-chose-10ml","status":"publish","type":"product","link":"https:\/\/fillinx.site\/tropscbdtest\/produit\/la-petite-chose-10ml\/","title":{"rendered":"La Petite Chose 10ml"},"content":{"rendered":"<p>La Petite Chose s\u2019inscrit dans la lign\u00e9e de sa grande s\u0153ur La Chose : un e-liquide r\u00e9solument gourmand !<\/p>\n<p>D\u00e9couvrez un c\u0153ur gourmand \u00e0 base de confiture de lait onctueuse, une vanill\u00e9 parfum\u00e9e, une pistache aux notes bois\u00e9es, et une touche de caf\u00e9 qui am\u00e8ne une amertume et une \u00e2me \u00e0 cet e-liquide. Une gourmandise concoct\u00e9e avec amour !<\/p>\n<p>Le e-liquide La Petite Chose du French Liquide existe en plusieurs taux de nicotine : 0, 3, 6 et 11 mg\/ml en 50\/50 PGVG.<\/p>\n<p>Conseil de vapotage<\/p>\n<p>Tout d\u00e9pend de la puissance de votre r\u00e9sistance et de vos go\u00fbts&#8230; Nous vous recommandons tout de m\u00eame de vapoter cet e-liquide avec un wattage pas trop faible, une vape ti\u00e8de pemet de restituer les ar\u00f4mes de cet e-liquide gourmand.<\/p>\n<p>Fan d&rsquo;e-liquides gourmands ?<\/p>\n<p>Si vous recherchez d&rsquo;autres recettes gourmandes orginales, suivez le guide ! On vous recommande donc de tester :<\/p>\n<p>le tr\u00e8s onctueux Old Nuts Moonshiners (nougat, noisette grill\u00e9e, caramel);<br \/>\nl&rsquo;incontournable La Chose (caramel, caf\u00e9, noisette grill\u00e9e, noix de p\u00e9can, vanille)<\/p>\n","protected":false},"excerpt":{"rendered":"<p>La Petite Chose s\u2019inscrit dans la lign\u00e9e de sa grande s\u0153ur La Chose : un e-liquide r\u00e9solument gourmand ! D\u00e9couvrez un c\u0153ur gourmand \u00e0 base de confiture de lait onctueuse, une vanill\u00e9 parfum\u00e9e, une pistache aux notes bois\u00e9es, et une touche de caf\u00e9 qui am\u00e8ne une amertume et une \u00e2me \u00e0 cet e-liquide. Une gourmandise concoct\u00e9e avec amour ! Le e-liquide La Petite Chose du French Liquide existe en plusieurs taux de nicotine : 0, 3, 6 et 11 mg\/ml en 50\/50 PGVG. Conseil de vapotage Tout d\u00e9pend de la puissance de votre r\u00e9sistance et de vos go\u00fbts&#8230; Nous vous recommandons tout de m\u00eame de vapoter cet e-liquide avec un wattage pas trop faible, une vape ti\u00e8de pemet de restituer les ar\u00f4mes de cet e-liquide gourmand. Fan d&rsquo;e-liquides gourmands ? Si vous recherchez d&rsquo;autres recettes gourmandes orginales, suivez le guide ! On vous recommande donc de tester : le tr\u00e8s onctueux Old Nuts Moonshiners (nougat, noisette grill\u00e9e, caramel); l&rsquo;incontournable La Chose (caramel, caf\u00e9, noisette grill\u00e9e, noix de p\u00e9can, vanille)<\/p>\n","protected":false},"featured_media":1263,"template":"","meta":[],"product_cat":[45,50,110],"product_tag":[],"_links":{"self":[{"href":"https:\/\/fillinx.site\/tropscbdtest\/wp-json\/wp\/v2\/product\/1238"}],"collection":[{"href":"https:\/\/fillinx.site\/tropscbdtest\/wp-json\/wp\/v2\/product"}],"about":[{"href":"https:\/\/fillinx.site\/tropscbdtest\/wp-json\/wp\/v2\/types\/product"}],"wp:featuredmedia":[{"embeddable":true,"href":"https:\/\/fillinx.site\/tropscbdtest\/wp-json\/wp\/v2\/media\/1263"}],"wp:attachment":[{"href":"https:\/\/fillinx.site\/tropscbdtest\/wp-json\/wp\/v2\/media?parent=1238"}],"wp:term":[{"taxonomy":"product_cat","embeddable":true,"href":"https:\/\/fillinx.site\/tropscbdtest\/wp-json\/wp\/v2\/product_cat?post=1238"},{"taxonomy":"product_tag","embeddable":true,"href":"https:\/\/fillinx.site\/tropscbdtest\/wp-json\/wp\/v2\/product_tag?post=1238"}],"curies":[{"name":"wp","href":"https:\/\/api.w.org\/{rel}","templated":true}]}}