{"id":1243,"date":"2023-08-11T12:27:59","date_gmt":"2023-08-11T12:27:59","guid":{"rendered":"https:\/\/fillinx.site\/tropscbdtest\/?post_type=product&#038;p=1243"},"modified":"2024-01-23T13:47:56","modified_gmt":"2024-01-23T13:47:56","slug":"la-chose-blend-10ml","status":"publish","type":"product","link":"https:\/\/fillinx.site\/tropscbdtest\/produit\/la-chose-blend-10ml\/","title":{"rendered":"La chose blend 10ml"},"content":{"rendered":"<p>Quand la robustesse d\u2019un tabac parfum\u00e9 rencontre la gourmandise de La Chose. Partez explorer de nouvelles notes aromatiques et red\u00e9couvrez la Chose comme vous ne l&rsquo;avez jamais connue !<\/p>\n<p>Les ar\u00f4mes d\u00e9licats du combo caf\u00e9-caramel-noisette-p\u00e9can relev\u00e9s par un tabac sauvage vous offre un r\u00e9sultat d\u00e9licieusement enivrant.<br \/>\nVous voulez du go\u00fbt ? De la puissance aromatique ? La Chose Blend est faite pour vous !<br \/>\nUne inspiration \u00e9quilibr\u00e9e entre tabac classic m\u00eal\u00e9 aux saveurs onctueuses de la renomm\u00e9e La Chose. Un bon e-liquide pour les vapoteurs de e liquides gourmands et de classic.<\/p>\n","protected":false},"excerpt":{"rendered":"<p>Quand la robustesse d\u2019un tabac parfum\u00e9 rencontre la gourmandise de La Chose. Partez explorer de nouvelles notes aromatiques et red\u00e9couvrez la Chose comme vous ne l&rsquo;avez jamais connue ! Les ar\u00f4mes d\u00e9licats du combo caf\u00e9-caramel-noisette-p\u00e9can relev\u00e9s par un tabac sauvage vous offre un r\u00e9sultat d\u00e9licieusement enivrant. Vous voulez du go\u00fbt ? De la puissance aromatique ? La Chose Blend est faite pour vous ! Une inspiration \u00e9quilibr\u00e9e entre tabac classic m\u00eal\u00e9 aux saveurs onctueuses de la renomm\u00e9e La Chose. Un bon e-liquide pour les vapoteurs de e liquides gourmands et de classic.<\/p>\n","protected":false},"featured_media":1264,"template":"","meta":[],"product_cat":[50,110,45],"product_tag":[],"_links":{"self":[{"href":"https:\/\/fillinx.site\/tropscbdtest\/wp-json\/wp\/v2\/product\/1243"}],"collection":[{"href":"https:\/\/fillinx.site\/tropscbdtest\/wp-json\/wp\/v2\/product"}],"about":[{"href":"https:\/\/fillinx.site\/tropscbdtest\/wp-json\/wp\/v2\/types\/product"}],"wp:featuredmedia":[{"embeddable":true,"href":"https:\/\/fillinx.site\/tropscbdtest\/wp-json\/wp\/v2\/media\/1264"}],"wp:attachment":[{"href":"https:\/\/fillinx.site\/tropscbdtest\/wp-json\/wp\/v2\/media?parent=1243"}],"wp:term":[{"taxonomy":"product_cat","embeddable":true,"href":"https:\/\/fillinx.site\/tropscbdtest\/wp-json\/wp\/v2\/product_cat?post=1243"},{"taxonomy":"product_tag","embeddable":true,"href":"https:\/\/fillinx.site\/tropscbdtest\/wp-json\/wp\/v2\/product_tag?post=1243"}],"curies":[{"name":"wp","href":"https:\/\/api.w.org\/{rel}","templated":true}]}}