{"id":1285,"date":"2023-08-11T12:28:26","date_gmt":"2023-08-11T12:28:26","guid":{"rendered":"https:\/\/fillinx.site\/tropscbdtest\/?post_type=product&#038;p=1285"},"modified":"2024-05-10T09:02:57","modified_gmt":"2024-05-10T07:02:57","slug":"feuilles-trops","status":"publish","type":"product","link":"https:\/\/fillinx.site\/tropscbdtest\/produit\/feuilles-trops\/","title":{"rendered":"Feuilles Trop&rsquo;s"},"content":{"rendered":"","protected":false},"excerpt":{"rendered":"<p>Voici nos feuilles Trop&rsquo;s. Vous aimez notre marque et souhaitez la faire connaitre \u00e0 vos ami(e)s ?<\/p>\n<p>Notre paquet de feuilles sera l&rsquo;outil id\u00e9al pour le faire. Gr\u00e2ce \u00e0 son papier non blanchi, il vous sera facile de consommer vos fleurs de CBD favorites.<\/p>\n<p>De plus, vous avez les cartons avec. Pas besoin d&rsquo;en demander \u00e0 vos ami(e)s.<\/p>\n<p>P.S: il y a un secret dans notre paquet de feuille.<\/p>\n","protected":false},"featured_media":1317,"template":"","meta":[],"product_cat":[44],"product_tag":[81],"_links":{"self":[{"href":"https:\/\/fillinx.site\/tropscbdtest\/wp-json\/wp\/v2\/product\/1285"}],"collection":[{"href":"https:\/\/fillinx.site\/tropscbdtest\/wp-json\/wp\/v2\/product"}],"about":[{"href":"https:\/\/fillinx.site\/tropscbdtest\/wp-json\/wp\/v2\/types\/product"}],"wp:featuredmedia":[{"embeddable":true,"href":"https:\/\/fillinx.site\/tropscbdtest\/wp-json\/wp\/v2\/media\/1317"}],"wp:attachment":[{"href":"https:\/\/fillinx.site\/tropscbdtest\/wp-json\/wp\/v2\/media?parent=1285"}],"wp:term":[{"taxonomy":"product_cat","embeddable":true,"href":"https:\/\/fillinx.site\/tropscbdtest\/wp-json\/wp\/v2\/product_cat?post=1285"},{"taxonomy":"product_tag","embeddable":true,"href":"https:\/\/fillinx.site\/tropscbdtest\/wp-json\/wp\/v2\/product_tag?post=1285"}],"curies":[{"name":"wp","href":"https:\/\/api.w.org\/{rel}","templated":true}]}}