{"id":1286,"date":"2023-08-11T12:28:26","date_gmt":"2023-08-11T12:28:26","guid":{"rendered":"https:\/\/fillinx.site\/tropscbdtest\/?post_type=product&#038;p=1286"},"modified":"2024-05-07T12:01:30","modified_gmt":"2024-05-07T10:01:30","slug":"micro-clipper","status":"publish","type":"product","link":"https:\/\/fillinx.site\/tropscbdtest\/produit\/micro-clipper\/","title":{"rendered":"Micro Clipper"},"content":{"rendered":"","protected":false},"excerpt":{"rendered":"<p>Voici les briquets parfaits pour tous ceux qui ont encore une \u00e2me de skater !<br \/>\nLa marque clipper, reconnue dans le monde du briquet, vous propose la seconde version de sa s\u00e9rie Skate or Die. D\u00e9clin\u00e9e en 4 mod\u00e8les d\u00e9cor\u00e9s de skateboards et de skulls, vous allez les adorer !<br \/>\nDe plus, leur petite taille vous permettra de les transporter partout sans encombrer vos poches.<br \/>\nPetit bonus ? Ceux-ci sont rechargeables afin de les conserver longtemps !<\/p>\n","protected":false},"featured_media":1319,"template":"","meta":[],"product_cat":[44],"product_tag":[],"_links":{"self":[{"href":"https:\/\/fillinx.site\/tropscbdtest\/wp-json\/wp\/v2\/product\/1286"}],"collection":[{"href":"https:\/\/fillinx.site\/tropscbdtest\/wp-json\/wp\/v2\/product"}],"about":[{"href":"https:\/\/fillinx.site\/tropscbdtest\/wp-json\/wp\/v2\/types\/product"}],"wp:featuredmedia":[{"embeddable":true,"href":"https:\/\/fillinx.site\/tropscbdtest\/wp-json\/wp\/v2\/media\/1319"}],"wp:attachment":[{"href":"https:\/\/fillinx.site\/tropscbdtest\/wp-json\/wp\/v2\/media?parent=1286"}],"wp:term":[{"taxonomy":"product_cat","embeddable":true,"href":"https:\/\/fillinx.site\/tropscbdtest\/wp-json\/wp\/v2\/product_cat?post=1286"},{"taxonomy":"product_tag","embeddable":true,"href":"https:\/\/fillinx.site\/tropscbdtest\/wp-json\/wp\/v2\/product_tag?post=1286"}],"curies":[{"name":"wp","href":"https:\/\/api.w.org\/{rel}","templated":true}]}}