{"id":1292,"date":"2023-08-11T12:28:27","date_gmt":"2023-08-11T12:28:27","guid":{"rendered":"https:\/\/fillinx.site\/tropscbdtest\/?post_type=product&#038;p=1292"},"modified":"2024-05-19T00:06:02","modified_gmt":"2024-05-18T22:06:02","slug":"huile-de-cbd-40","status":"publish","type":"product","link":"https:\/\/fillinx.site\/tropscbdtest\/produit\/huile-de-cbd-40\/","title":{"rendered":"Huile de CBD 40%"},"content":{"rendered":"<p><span style=\"color: #333300;\"><strong>Notre huile de CBD 40% <\/strong>est fabriqu\u00e9e \u00e0\u00a0 partir<strong> d\u2019huile de chanvre<\/strong><strong>\u00a0biologique<\/strong>, certifi\u00e9e, cultiv\u00e9e et trait\u00e9e sans l\u2019utilisation de pesticides ou d\u2019autres additifs chimiques.<\/span><\/p>\n<p><span style=\"color: #333300;\">Parfaite pour les personnes qui veulent\u00a0essayer<strong>\u00a0de CBD<\/strong>,\u00a0les\u00a0<strong>huiles sont pratiques\u00a0<\/strong>\u00e0 utiliser et vous accompagnent partout au quotidien.<\/span><\/p>\n<p><span style=\"color: #333300;\">Pour certaines personnes, l\u2019utilisation du\u00a0<strong>CBD<\/strong>\u00a0dans le traitement de nombreux\u00a0soucis de\u00a0<strong>sant\u00e9<\/strong>\u00a0courants devient une \u00e9vidence, et constitue m\u00eame une alternative naturelle pour soulager certaines pathologies ou maux du quotidien.<\/span><\/p>\n<p><span style=\"color: #333300;\">Les recherches sur les\u00a0<strong>bienfaits potentiels\u00a0de l\u2019huile de CBD pour la sant\u00e9<\/strong>\u00a0sont nombreuses, et\u00a0laissent paraitre\u00a0que le\u00a0<strong>CBD<\/strong>\u00a0pourrait aider \u00e0\u00a0 r\u00e9duire le stress, la d\u00e9pression, l\u2019anxi\u00e9t\u00e9, les douleurs, les probl\u00e8mes d\u2019insomnie\u20ac\u00a6<\/span><\/p>\n<p><span style=\"color: #333300;\">Relaxantes et apaisantes, profitez de l\u2019effet d\u2019entourage que procure l\u2019ensemble des mol\u00e9cules contenues dans nos huiles, et acc\u00e9der \u00e0\u00a0 tous les\u00a0<strong>bienfaits<\/strong>\u00a0de notre\u00a0<strong>huile full spectrum<\/strong>.<\/span><\/p>\n<p><span style=\"color: #333300;\">En fonction de vos besoins, nous vous proposons nos huiles en diff\u00e9rentes concentrations de CBD soit 5%, 10%, 15%, 20%, 25% et 30%<\/span><\/p>\n","protected":false},"excerpt":{"rendered":"<p><span style=\"color: #333300;\"><strong>Nos huiles de CBD 40%<\/strong>, ont un taux de concentration \u00e9lev\u00e9 et sont principalement r\u00e9serv\u00e9es aux personnes souffrant de grosses pathologies et qui ont besoin d\u2019un taux plus important de CBD pour les soulager. Vous pouvez utiliser ses huiles aussi si votre r\u00e9ceptivit\u00e9 est tr\u00e8s haute.<\/span><\/p>\n<p><span style=\"color: #333300;\">Ces huiles pourront aider \u00e0\u00a0\u00a0soulager la plupart des douleurs chroniques, l\u2019insomnie, les naus\u00e9es, le stress, de fa\u00e7on rapide et efficace, gr\u00e2ce \u00e0 leur grande concentration de CBD.<\/span><\/p>\n","protected":false},"featured_media":19645,"template":"","meta":[],"product_cat":[38],"product_tag":[],"_links":{"self":[{"href":"https:\/\/fillinx.site\/tropscbdtest\/wp-json\/wp\/v2\/product\/1292"}],"collection":[{"href":"https:\/\/fillinx.site\/tropscbdtest\/wp-json\/wp\/v2\/product"}],"about":[{"href":"https:\/\/fillinx.site\/tropscbdtest\/wp-json\/wp\/v2\/types\/product"}],"wp:featuredmedia":[{"embeddable":true,"href":"https:\/\/fillinx.site\/tropscbdtest\/wp-json\/wp\/v2\/media\/19645"}],"wp:attachment":[{"href":"https:\/\/fillinx.site\/tropscbdtest\/wp-json\/wp\/v2\/media?parent=1292"}],"wp:term":[{"taxonomy":"product_cat","embeddable":true,"href":"https:\/\/fillinx.site\/tropscbdtest\/wp-json\/wp\/v2\/product_cat?post=1292"},{"taxonomy":"product_tag","embeddable":true,"href":"https:\/\/fillinx.site\/tropscbdtest\/wp-json\/wp\/v2\/product_tag?post=1292"}],"curies":[{"name":"wp","href":"https:\/\/api.w.org\/{rel}","templated":true}]}}