{"id":1307,"date":"2023-08-11T12:28:50","date_gmt":"2023-08-11T12:28:50","guid":{"rendered":"https:\/\/fillinx.site\/tropscbdtest\/?post_type=product&#038;p=1307"},"modified":"2023-09-29T14:14:22","modified_gmt":"2023-09-29T14:14:22","slug":"bonbon-cola-cbd-10mg","status":"publish","type":"product","link":"https:\/\/fillinx.site\/tropscbdtest\/produit\/bonbon-cola-cbd-10mg\/","title":{"rendered":"Bonbon Cola CBD 10mg"},"content":{"rendered":"<p>Nous sommes fiers de vous pr\u00e9senter notre bo\u00eete de bonbons au CBD go\u00fbt cola !<\/p>\n<p>Nous savons que la vie peut \u00eatre stressante, c&rsquo;est pourquoi nous avons cr\u00e9\u00e9 ces d\u00e9licieux pour vous aider \u00e0 vous sentir mieux au quotidien.<\/p>\n<p>Ces d\u00e9licieux bonbons sont parfait pour vous offrir une pause d\u00e9tente dans votre journ\u00e9e pour vous aider \u00e0 vous d\u00e9tendre ou r\u00e9gler des petits stress quotidien.<\/p>\n<p>Chaque bonbon contient <strong>10 mg de CBD<\/strong>, un cannabino\u00efde naturel qui peut aider \u00e0 calmer votre corps et votre esprit. Nous avons utilis\u00e9 du CBD de haute qualit\u00e9, extrait de plantes de chanvre cultiv\u00e9es sans produits chimiques nocifs.<\/p>\n<p>Nous avons \u00e9galement cr\u00e9\u00e9 une recette unique pour vous offrir une exp\u00e9rience gustative agr\u00e9able avec un go\u00fbt de cola sucr\u00e9 et rafra\u00eechissant.<\/p>\n<p>Vous pouvez profiter de ces bonbons \u00e0 tout moment de la journ\u00e9e pour vous aider \u00e0 vous d\u00e9tendre et \u00e0 vous relaxer. Il suffit d&rsquo;en prendre un ou deux pour une dose rapide et efficace de CBD. En effet, gr\u00e2ce au sucre contenu dans le bonbon, cela permettra une absorption rapide dans votre syst\u00e8me. Les effets peuvent survenir entre 5 min \u00e0 25 min apr\u00e8s la prise.<\/p>\n","protected":false},"excerpt":{"rendered":"<p>Vous allez adorer nos d\u00e9licieux <strong>bonbons au CBD<\/strong> go\u00fbt cola !<\/p>\n<p>Chaque bonbon contient 10 mg de CBD, qui peut aider \u00e0 apaiser votre corps et votre esprit.<\/p>\n<p>Ces bonbons sucr\u00e9s seront tr\u00e8s utile pour vous offrir une petite pause bien-\u00eatre pendant la journ\u00e9e.<\/p>\n<p>Nous avons concoct\u00e9 une recette unique pour que vous puissiez profiter des bienfaits du CBD dans un bonbon d\u00e9licieuse.<\/p>\n<p>Essayez-les d\u00e8s maintenant pour une petite douceur dans votre routine quotidienne.<\/p>\n<p>&nbsp;<\/p>\n","protected":false},"featured_media":1344,"template":"","meta":[],"product_cat":[48],"product_tag":[],"_links":{"self":[{"href":"https:\/\/fillinx.site\/tropscbdtest\/wp-json\/wp\/v2\/product\/1307"}],"collection":[{"href":"https:\/\/fillinx.site\/tropscbdtest\/wp-json\/wp\/v2\/product"}],"about":[{"href":"https:\/\/fillinx.site\/tropscbdtest\/wp-json\/wp\/v2\/types\/product"}],"wp:featuredmedia":[{"embeddable":true,"href":"https:\/\/fillinx.site\/tropscbdtest\/wp-json\/wp\/v2\/media\/1344"}],"wp:attachment":[{"href":"https:\/\/fillinx.site\/tropscbdtest\/wp-json\/wp\/v2\/media?parent=1307"}],"wp:term":[{"taxonomy":"product_cat","embeddable":true,"href":"https:\/\/fillinx.site\/tropscbdtest\/wp-json\/wp\/v2\/product_cat?post=1307"},{"taxonomy":"product_tag","embeddable":true,"href":"https:\/\/fillinx.site\/tropscbdtest\/wp-json\/wp\/v2\/product_tag?post=1307"}],"curies":[{"name":"wp","href":"https:\/\/api.w.org\/{rel}","templated":true}]}}