{"id":1327,"date":"2023-08-11T12:29:15","date_gmt":"2023-08-11T12:29:15","guid":{"rendered":"https:\/\/fillinx.site\/tropscbdtest\/?post_type=product&#038;p=1327"},"modified":"2024-05-03T10:33:12","modified_gmt":"2024-05-03T08:33:12","slug":"latlantic","status":"publish","type":"product","link":"https:\/\/fillinx.site\/tropscbdtest\/produit\/latlantic\/","title":{"rendered":"L&rsquo;atlantic"},"content":{"rendered":"","protected":false},"excerpt":{"rendered":"<p><strong>L&rsquo;Atlantic Trop&rsquo;s<\/strong> est une <strong>fleur de CBD<\/strong> \u00e0 la fois d\u00e9licieuse et utile pour votre organisme.<\/p>\n<p>Avec ses notes d&rsquo;orange et de tarte fra\u00eeche, elle vous offre un voyage gustatif unique en son genre.<\/p>\n<p>En plus de son go\u00fbt exceptionnel, cette plante peut avoir des propri\u00e9t\u00e9s r\u00e9gulatrices de douleurs qui vous aideront \u00e0 vous sentir mieux au quotidien.<\/p>\n<p>Mais ce n&rsquo;est pas tout, <strong>l&rsquo;Atlantic Trop&rsquo;s<\/strong> est \u00e9galement un excellent \u00e9l\u00e9vateur d&rsquo;humeur et peut stimulant d&rsquo;app\u00e9tit. Gr\u00e2ce \u00e0 ses ar\u00f4mes r\u00e9confortants de tarte chaude et ses odeurs sucr\u00e9es d&rsquo;orange fra\u00eeche, elle permettrait de lutter contre la d\u00e9pression et vous donner un coup de boost.<\/p>\n<p><strong>Chez Trop&rsquo;s<\/strong>, nous sommes fiers de vous proposer des produits de qualit\u00e9 sup\u00e9rieure.<\/p>\n<p>Nos fleurs de CBD sont cultiv\u00e9es avec soin et respectent les normes de qualit\u00e9 les plus \u00e9lev\u00e9es.<\/p>\n<p>Commandez d\u00e8s maintenant votre Atlantic Trop&rsquo;s et profitez de ses saveurs uniques et de ses bienfaits exceptionnels !<\/p>\n","protected":false},"featured_media":1348,"template":"","meta":[],"product_cat":[30,31],"product_tag":[],"_links":{"self":[{"href":"https:\/\/fillinx.site\/tropscbdtest\/wp-json\/wp\/v2\/product\/1327"}],"collection":[{"href":"https:\/\/fillinx.site\/tropscbdtest\/wp-json\/wp\/v2\/product"}],"about":[{"href":"https:\/\/fillinx.site\/tropscbdtest\/wp-json\/wp\/v2\/types\/product"}],"wp:featuredmedia":[{"embeddable":true,"href":"https:\/\/fillinx.site\/tropscbdtest\/wp-json\/wp\/v2\/media\/1348"}],"wp:attachment":[{"href":"https:\/\/fillinx.site\/tropscbdtest\/wp-json\/wp\/v2\/media?parent=1327"}],"wp:term":[{"taxonomy":"product_cat","embeddable":true,"href":"https:\/\/fillinx.site\/tropscbdtest\/wp-json\/wp\/v2\/product_cat?post=1327"},{"taxonomy":"product_tag","embeddable":true,"href":"https:\/\/fillinx.site\/tropscbdtest\/wp-json\/wp\/v2\/product_tag?post=1327"}],"curies":[{"name":"wp","href":"https:\/\/api.w.org\/{rel}","templated":true}]}}