{"id":1353,"date":"2023-08-11T12:29:40","date_gmt":"2023-08-11T12:29:40","guid":{"rendered":"https:\/\/fillinx.site\/tropscbdtest\/?post_type=product&#038;p=1353"},"modified":"2024-05-06T14:40:47","modified_gmt":"2024-05-06T12:40:47","slug":"charas-10-cbn-25-cbd","status":"publish","type":"product","link":"https:\/\/fillinx.site\/tropscbdtest\/product\/charas-10-cbn-25-cbd\/","title":{"rendered":"Charas 10% CBN \/ 25% CBD"},"content":{"rendered":"<p><span style=\"color: #000000\">Voici notre r\u00e9sine <strong>Charas CBN.<\/strong><\/span><\/p>\n<p><span style=\"color: #000000\"><strong><br \/>\n<\/strong>Cette r\u00e9sine est une solution puissante et b\u00e9n\u00e9fique \u00e0 base de chanvre qui combine deux cannabino\u00efdes : le<\/span> <span style=\"color: #b7940b\"><a style=\"color: #b7940b\" href=\"https:\/\/fillinx.site\/tropscbdtest\/decouvrez-le-monde-incroyable-du-cbd\/\"><strong>CBD<\/strong><\/a><\/span> <span style=\"color: #000000\">et le <strong>CBN<\/strong>.<\/span><\/p>\n<p><span style=\"color: #000000\"><br \/>\nLe Charas aussi appel\u00e9 haschisch indien, est originaire principalement du Pakistan, de l&rsquo;Inde et du N\u00e9pal. Les \u00e9quipes de <strong>Trop&rsquo;s CBD<\/strong> ont d\u00e9velopp\u00e9 un Charas produit en Europe qui imite parfaitement la saveur, la texture spongieuse et humide et la saveur dominante du haschich indien.<\/span><\/p>\n<p><span style=\"color: #000000\"><br \/>\nCette r\u00e9sine de CBD est un type de concentr\u00e9 de cannabis tr\u00e8s similaire au haschich. Fait \u00e0 la main, comme la plupart des extraits de cannabis chez Trop&rsquo;s, il est fabriqu\u00e9 en s\u00e9parant les trichomes du plant de cannabis. Cela afin de produire un extrait hautement concentr\u00e9 et tr\u00e8s pur. Les trichomes, pr\u00e9sents en abondance sur les fleurs de cannabis ainsi que les tiges et les feuilles, sont collect\u00e9s pour produire notre <strong>Charas CBN<\/strong> et <strong>CBD<\/strong>.<\/span><\/p>\n<p><span style=\"color: #000000\"><br \/>\nLe CBD ou <strong>cannabidiol<\/strong> est une mol\u00e9cule qui agit dans l&rsquo;organisme en se fixant sur les r\u00e9cepteurs du syst\u00e8me endocannabino\u00efde. De nombreuses \u00e9tudes ont mis en \u00e9vidence les facult\u00e9s relaxantes, apaisantes et stimulantes du CBD. Mais aussi son effet d&rsquo;att\u00e9nuation de la douleur et son action anxiolytique.<\/span><\/p>\n<p><span style=\"color: #000000\"><br \/>\nDe plus, il est d\u00e9clin\u00e9 sous de nombreuses formes: les<\/span> <strong><span style=\"color: #b7940b\"><a style=\"color: #b7940b\" href=\"https:\/\/fillinx.site\/tropscbdtest\/product-category\/fleurs\/\">fleurs de CBD<\/a><\/span><\/strong><span style=\"color: #000000\">, les g\u00e9lules de CBD, les<\/span> <strong><span style=\"color: #b7940b\"><a style=\"color: #b7940b\" href=\"https:\/\/fillinx.site\/tropscbdtest\/product-category\/huile-de-cbd\/\">huiles de CBD<\/a><\/span><\/strong>,<span style=\"color: #000000\"> les Vape-Pen CBD, et les<\/span> <strong><span style=\"color: #b7940b\"><a style=\"color: #b7940b\" href=\"https:\/\/fillinx.site\/tropscbdtest\/product-category\/resines-de-cbd\/\">r\u00e9sines de CBD<\/a><\/span><\/strong> <span style=\"color: #000000\">extraites du chanvre.<\/span><\/p>\n<p><span style=\"color: #000000\"><br \/>\nLe <strong>CBN<\/strong>, quant \u00e0 lui, est un cannabino\u00efde du chanvre qui est issu de la d\u00e9carboxylation du THC sous l\u2019effet de la chaleur et de l\u2019exposition \u00e0 l\u2019oxyg\u00e8ne. Contrairement au THC, il est non-psychotrope et offre de nombreux bienfaits \u00e0 l&rsquo;organisme. Nous pouvons citer l&rsquo;am\u00e9lioration du sommeil, de l&rsquo;app\u00e9tit, un effet anti-inflammatoire et anxiolytique, les convulsions et les troubles neurod\u00e9g\u00e9n\u00e9ratifs. De plus, il peut aider \u00e0 contr\u00f4ler la croissance des cellules cutan\u00e9es et \u00e0 traiter des affections telles que le psoriasis et les br\u00fblures. Il a \u00e9galement \u00e9t\u00e9 d\u00e9montr\u00e9 que le CBN peut remplacer les antibiotiques et agir contre les bact\u00e9ries qui leur r\u00e9sistent..<\/span><\/p>\n<p><span style=\"color: #000000\"><br \/>\nNotre <strong>r\u00e9sine Charas<\/strong> CBN combine ces deux cannabino\u00efdes dans les proportions suivantes:\u00a0 <strong>25% CBD<\/strong> et <strong>10% CBN. <\/strong>Cela permet de multiplier les effets b\u00e9n\u00e9fiques du cannabis dans l&rsquo;organisme gr\u00e2ce \u00e0 un effet d&rsquo;entourage. La synergie entre les diff\u00e9rents cannabino\u00efdes du chanvre, dont le CBD et le CBN, renforce les effets gr\u00e2ce \u00e0 cet effet d&rsquo;entourage.<\/span><\/p>\n<p><span style=\"color: #000000\"><br \/>\nPour profiter des effets du Charas, vous pouvez la consommer de diff\u00e9rentes mani\u00e8res :<\/span><\/p>\n<ul>\n<li><span style=\"color: #000000\">En l&rsquo;inhalant apr\u00e8s l&rsquo;avoir \u00e9miett\u00e9e<\/span><\/li>\n<li><span style=\"color: #000000\">En le vaporisant dans un vaporisateur d\u00e9di\u00e9 \u00e0 une temp\u00e9rature maximale de 180 degr\u00e9s,<\/span><\/li>\n<li><span style=\"color: #000000\">En l&rsquo;int\u00e9grant dans une recette sp\u00e9cifique au CBD ou dans des pr\u00e9parations alimentaires<\/span><\/li>\n<li><span style=\"color: #000000\">En l&rsquo;infusant dans une tisane ou un th\u00e9 associ\u00e9 \u00e0 un corps gras comme du lait, par exemple.<\/span><\/li>\n<\/ul>\n","protected":false},"excerpt":{"rendered":"<p><span style=\"color: #000000\">Laissez-vous s\u00e9duire par les saveurs authentiques de ce <strong>Charas<\/strong> <strong>CBN<\/strong>, l&rsquo;un des plus c\u00e9l\u00e8bres concentr\u00e9s de cannabis de tous les temps.<\/span><\/p>\n","protected":false},"featured_media":1370,"template":"","meta":[],"product_cat":[37],"product_tag":[],"_links":{"self":[{"href":"https:\/\/fillinx.site\/tropscbdtest\/wp-json\/wp\/v2\/product\/1353"}],"collection":[{"href":"https:\/\/fillinx.site\/tropscbdtest\/wp-json\/wp\/v2\/product"}],"about":[{"href":"https:\/\/fillinx.site\/tropscbdtest\/wp-json\/wp\/v2\/types\/product"}],"wp:featuredmedia":[{"embeddable":true,"href":"https:\/\/fillinx.site\/tropscbdtest\/wp-json\/wp\/v2\/media\/1370"}],"wp:attachment":[{"href":"https:\/\/fillinx.site\/tropscbdtest\/wp-json\/wp\/v2\/media?parent=1353"}],"wp:term":[{"taxonomy":"product_cat","embeddable":true,"href":"https:\/\/fillinx.site\/tropscbdtest\/wp-json\/wp\/v2\/product_cat?post=1353"},{"taxonomy":"product_tag","embeddable":true,"href":"https:\/\/fillinx.site\/tropscbdtest\/wp-json\/wp\/v2\/product_tag?post=1353"}],"curies":[{"name":"wp","href":"https:\/\/api.w.org\/{rel}","templated":true}]}}