{"id":1358,"date":"2023-08-11T12:29:40","date_gmt":"2023-08-11T12:29:40","guid":{"rendered":"https:\/\/fillinx.site\/tropscbdtest\/?post_type=product&#038;p=1358"},"modified":"2024-04-09T07:19:56","modified_gmt":"2024-04-09T07:19:56","slug":"marocco-25-cbd","status":"publish","type":"product","link":"https:\/\/fillinx.site\/tropscbdtest\/produit\/marocco-25-cbd\/","title":{"rendered":"Marocco 25% CBD"},"content":{"rendered":"<p>Notre <strong><span style=\"color: #b7940b;\"><a style=\"color: #b7940b;\" href=\"https:\/\/fillinx.site\/tropscbdtest\/product-category\/resines-de-cbd\/\">r\u00e9sine de CBD<\/a><\/span><\/strong> Marocco est produite \u00e0 partir de fleurs de chanvre naturellement cultiv\u00e9es. La fleur de CBD utilis\u00e9e pour produire cette r\u00e9sine est une vari\u00e9t\u00e9 hybride proche de l&rsquo;Indica, avec des ar\u00f4mes doux et subtils. En effet,\u00a0 ses ar\u00f4mes frais sont particuli\u00e8rement puissants, \u00e9pic\u00e9s, floraux et terreux.<\/p>\n<p>Notre r\u00e9sine reprend les m\u00eames traits que sa c\u00e9l\u00e8bre variante \u00e0 base de THC. Cependant, vous n&rsquo;aurez aucun effets psychotropes mais que des effets relaxants et apaisants.<\/p>\n<p>Notre <strong>Marocco 25%<\/strong> est obtenue selon la tradition marocaine, en utilisant des tamis pour s\u00e9parer les meilleures parties des fleurs des tiges et des feuilles. Cela permet d&rsquo;obtenir un concentr\u00e9 de cannabis pur. Nous recommandons notre Marocco CBD aux amateurs de <strong>cannabis<\/strong> <strong>traditionnel<\/strong>. Ainsi, ils retrouveront dans notre <strong>r\u00e9sine Trop&rsquo;s CBD,<\/strong> toutes les saveurs et ar\u00f4mes qu&rsquo;ils appr\u00e9cient. Combin\u00e9s \u00e0 un taux de cannabidiol de 25%,\u00a0 cette r\u00e9sine est parfaite pour une relaxation optimale.<\/p>\n<p>Cette r\u00e9sine de CBD, \u00e9galement appel\u00e9e haschich, pollen ou skuff, est disponible en 25% (comme celle ci), mais aussi en 35%.<\/p>\n<p>Vous pouvez utiliser cette r\u00e9sine avec diff\u00e9rents modes de consommation : infusion, vaporisation ou cuisine.<\/p>\n<p>Pour une infusion r\u00e9ussie, nous recommandons de laisser infuser la r\u00e9sine pendant 10 \u00e0 15 minutes avec un corps gras.<\/p>\n<p>En vaporisation, nous conseillons une temp\u00e9rature entre 180 et 200\u00b0C pour une meilleure absorption des cannabino\u00efdes.<\/p>\n<p>Enfin en cuisine, saupoudrez la r\u00e9sine sur vos plats et ajoutez la de pr\u00e9f\u00e9rence dans du lait entier ou du beurre.<\/p>\n<p>Commandez d\u00e8s maintenant notre <strong>Marocco CBD<\/strong> et profitez d&rsquo;une exp\u00e9rience sensorielle unique, en toute l\u00e9galit\u00e9.<\/p>\n","protected":false},"excerpt":{"rendered":"<p>D\u00e9couvrez la version l\u00e9gale du fameux Marocco ! Cette r\u00e9sine de CBD d&rsquo;origine marocaine vous offre un voyage sensoriel au Moyen-Orient.<\/p>\n","protected":false},"featured_media":1371,"template":"","meta":[],"product_cat":[37],"product_tag":[81],"_links":{"self":[{"href":"https:\/\/fillinx.site\/tropscbdtest\/wp-json\/wp\/v2\/product\/1358"}],"collection":[{"href":"https:\/\/fillinx.site\/tropscbdtest\/wp-json\/wp\/v2\/product"}],"about":[{"href":"https:\/\/fillinx.site\/tropscbdtest\/wp-json\/wp\/v2\/types\/product"}],"wp:featuredmedia":[{"embeddable":true,"href":"https:\/\/fillinx.site\/tropscbdtest\/wp-json\/wp\/v2\/media\/1371"}],"wp:attachment":[{"href":"https:\/\/fillinx.site\/tropscbdtest\/wp-json\/wp\/v2\/media?parent=1358"}],"wp:term":[{"taxonomy":"product_cat","embeddable":true,"href":"https:\/\/fillinx.site\/tropscbdtest\/wp-json\/wp\/v2\/product_cat?post=1358"},{"taxonomy":"product_tag","embeddable":true,"href":"https:\/\/fillinx.site\/tropscbdtest\/wp-json\/wp\/v2\/product_tag?post=1358"}],"curies":[{"name":"wp","href":"https:\/\/api.w.org\/{rel}","templated":true}]}}