{"id":1386,"date":"2023-08-11T12:30:06","date_gmt":"2023-08-11T12:30:06","guid":{"rendered":"https:\/\/fillinx.site\/tropscbdtest\/?post_type=product&#038;p=1386"},"modified":"2024-04-23T16:24:37","modified_gmt":"2024-04-23T14:24:37","slug":"spray-kleaner-anti-thc","status":"publish","type":"product","link":"https:\/\/fillinx.site\/tropscbdtest\/produit\/spray-kleaner-anti-thc\/","title":{"rendered":"Spray kleaner anti THC"},"content":{"rendered":"<p><span>M\u00eame les produits contenant moins de 0,3% de THC peuvent causer un test antidopage positif si vous consommez beaucoup de CBD.<\/span><\/p>\n<p>Le Spray Kleaner est un nettoyant puissant con\u00e7u pour \u00e9liminer les traces de THC. Ce produit est devenu tr\u00e8s populaire aupr\u00e8s des consommateurs de cannabis, car il est possible de donner des r\u00e9sultats positifs lors d&rsquo;un contr\u00f4le antidopage m\u00eame si les produits contiennent moins de 0,3% de THC. Le Spray Kleaner est la solution pour \u00e9liminer les traces r\u00e9siduelles de THC et passer un test antidopage en toute confiance.<\/p>\n<p>Le Spray Kleaner est fabriqu\u00e9 \u00e0 partir d&rsquo;ingr\u00e9dients naturels tels que l&rsquo;eau, l&rsquo;alcool \u00e9thylique, la glyc\u00e9rine v\u00e9g\u00e9tale et des extraits de plantes. Ce produit est exempt de tout produit chimique nocif, ce qui le rend s\u00fbr pour une utilisation r\u00e9guli\u00e8re. De plus, il est v\u00e9g\u00e9talien, ce qui signifie qu&rsquo;il convient aux personnes suivant un r\u00e9gime v\u00e9g\u00e9talien.<\/p>\n<p>Le Spray Kleaner est \u00e9galement facile \u00e0 transporter, ce qui en fait un choix pratique pour les personnes qui se d\u00e9placent souvent. Il peut \u00eatre utilis\u00e9 par tous les consommateurs de cannabis, que ce soit pour des raisons m\u00e9dicales ou r\u00e9cr\u00e9atives. Les utilisateurs ont t\u00e9moign\u00e9 de son efficacit\u00e9, m\u00eame apr\u00e8s une utilisation \u00e0 long terme.<\/p>\n<p>En conclusion, le Spray Kleaner de Kleaner est un nettoyant efficace et naturel pour \u00e9liminer les traces de THC. Utilisez-le en toute confiance apr\u00e8s avoir consomm\u00e9 du CBD et avant de prendre la route en cas contr\u00f4le.<\/p>\n<h2 style=\"font-weight: 400\"><b><strong>Conseil d&rsquo;utilisation<\/strong><\/b><\/h2>\n<p style=\"font-weight: 400\">Le Spray Kleaner est facile \u00e0 utiliser : il suffit de pulv\u00e9riser une petite quantit\u00e9 de produit dans la bouche et de la garder pendant quelques secondes avant de la cracher.<\/p>\n<p style=\"font-weight: 400\">Effectuez 1 \u00e0 3 pulv\u00e9risation dans la bouche, puis passer votre langue dans tout l\u2019int\u00e9rieur de la bouche.<\/p>\n<p style=\"font-weight: 400\">Les tests effectu\u00e9s prouvent son efficacit\u00e9 10 minutes apr\u00e8s l\u2019application et peuvent durer jusqu\u2019\u00e0 1h30 heure.<\/p>\n<p>&nbsp;<\/p>\n","protected":false},"excerpt":{"rendered":"<p><span>Le Spray Kleaner est un nettoyant efficace pour \u00e9liminer les traces de THC de la bouche. Il peut vous aider \u00e0 passer un contr\u00f4le en toute confiance.<\/span><\/p>\n<p><span>\u00a0<\/span><\/p>\n","protected":false},"featured_media":1404,"template":"","meta":[],"product_cat":[44],"product_tag":[],"_links":{"self":[{"href":"https:\/\/fillinx.site\/tropscbdtest\/wp-json\/wp\/v2\/product\/1386"}],"collection":[{"href":"https:\/\/fillinx.site\/tropscbdtest\/wp-json\/wp\/v2\/product"}],"about":[{"href":"https:\/\/fillinx.site\/tropscbdtest\/wp-json\/wp\/v2\/types\/product"}],"wp:featuredmedia":[{"embeddable":true,"href":"https:\/\/fillinx.site\/tropscbdtest\/wp-json\/wp\/v2\/media\/1404"}],"wp:attachment":[{"href":"https:\/\/fillinx.site\/tropscbdtest\/wp-json\/wp\/v2\/media?parent=1386"}],"wp:term":[{"taxonomy":"product_cat","embeddable":true,"href":"https:\/\/fillinx.site\/tropscbdtest\/wp-json\/wp\/v2\/product_cat?post=1386"},{"taxonomy":"product_tag","embeddable":true,"href":"https:\/\/fillinx.site\/tropscbdtest\/wp-json\/wp\/v2\/product_tag?post=1386"}],"curies":[{"name":"wp","href":"https:\/\/api.w.org\/{rel}","templated":true}]}}