{"id":1391,"date":"2023-08-11T12:30:06","date_gmt":"2023-08-11T12:30:06","guid":{"rendered":"https:\/\/fillinx.site\/tropscbdtest\/?post_type=product&#038;p=1391"},"modified":"2023-09-29T11:26:59","modified_gmt":"2023-09-29T11:26:59","slug":"pineapple-skunk-small-bud-10g","status":"publish","type":"product","link":"https:\/\/fillinx.site\/tropscbdtest\/produit\/pineapple-skunk-small-bud-10g\/","title":{"rendered":"Pineapple Skunk small bud 10g"},"content":{"rendered":"<p>Contrairement \u00e0 son homologue la pineapple ext\u00e9rieure, cette vari\u00e9t\u00e9 est plus piquante. Laissant de c\u00f4t\u00e9 son c\u00f4t\u00e9 fruit\u00e9 agr\u00e9able, cette souche fait ressortir son c\u00f4t\u00e9 terreux et puissant en bouche.<\/p>\n<p>Les amateurs de fleur naturelle au go\u00fbt v\u00e9g\u00e9tal, cette pineapple skunk est faites pour vous.<\/p>\n","protected":false},"excerpt":{"rendered":"<p>Que diriez vous de tester une fleur de CBD avec un pointe de piquant \u00e0 petit prix ?<\/p>\n","protected":false},"featured_media":932,"template":"","meta":[],"product_cat":[65],"product_tag":[81],"_links":{"self":[{"href":"https:\/\/fillinx.site\/tropscbdtest\/wp-json\/wp\/v2\/product\/1391"}],"collection":[{"href":"https:\/\/fillinx.site\/tropscbdtest\/wp-json\/wp\/v2\/product"}],"about":[{"href":"https:\/\/fillinx.site\/tropscbdtest\/wp-json\/wp\/v2\/types\/product"}],"wp:featuredmedia":[{"embeddable":true,"href":"https:\/\/fillinx.site\/tropscbdtest\/wp-json\/wp\/v2\/media\/932"}],"wp:attachment":[{"href":"https:\/\/fillinx.site\/tropscbdtest\/wp-json\/wp\/v2\/media?parent=1391"}],"wp:term":[{"taxonomy":"product_cat","embeddable":true,"href":"https:\/\/fillinx.site\/tropscbdtest\/wp-json\/wp\/v2\/product_cat?post=1391"},{"taxonomy":"product_tag","embeddable":true,"href":"https:\/\/fillinx.site\/tropscbdtest\/wp-json\/wp\/v2\/product_tag?post=1391"}],"curies":[{"name":"wp","href":"https:\/\/api.w.org\/{rel}","templated":true}]}}