{"id":1392,"date":"2023-08-11T12:30:06","date_gmt":"2023-08-11T12:30:06","guid":{"rendered":"https:\/\/fillinx.site\/tropscbdtest\/?post_type=product&#038;p=1392"},"modified":"2023-09-29T10:38:40","modified_gmt":"2023-09-29T10:38:40","slug":"pineapple-express-small-bud-10g","status":"publish","type":"product","link":"https:\/\/fillinx.site\/tropscbdtest\/produit\/pineapple-express-small-bud-10g\/","title":{"rendered":"Pineapple Express small bud 10g"},"content":{"rendered":"<p class=\"&quot;MsoNormal&quot;\">Fid\u00e8le \u00e0\u00a0 tout ce qui concerne l&rsquo;ananas, cette vari\u00e9t\u00e9 a le go\u00fbt de l&rsquo;odeur.<\/p>\n<p class=\"&quot;MsoNormal&quot;\">Avec des nuances d&rsquo;ananas de pomme verte, de mangue fra\u00eechement coup\u00e9e et de pin, cette\u00a0<strong>fleur de CBD<\/strong>\u00a0tropical ravira tous vos sens.<\/p>\n<p class=\"&quot;MsoNormal&quot;\">La\u00a0Pineapple Express\u00a0se vante de certaines odeurs fruit\u00e9es terreuses fra\u00eeches qui sont follement vivifiantes et s\u00e9duisantes. Cela rend justice \u00e0\u00a0 son nom,\u00a0et repr\u00e9sente\u00a0r\u00e9ellement le c\u00e9l\u00e8bre parfum d&rsquo;ananas qui incarne son h\u00e9ritage<strong>\u00a0hawa\u00efen<\/strong>.<\/p>\n<p class=\"&quot;MsoNormal&quot;\">Si les parfums ne suffisaient pas, les saveurs sont similaires et super fortes.<\/p>\n<p class=\"&quot;MsoNormal&quot;\">La\u00a0<strong>Pineapple Express<\/strong>\u00a0a un bouquet de c\u00e8dre et de pin, m\u00e9lang\u00e9 \u00e0\u00a0 une douce ambiance tropicale. Cette fleur de CBD laisse un l\u00e9ger arri\u00e8re-go\u00fbt sucr\u00e9 dans la bouche, rappelant les mangues fra\u00eeches et bien sur &#8211; l&rsquo;ananas. Les saveurs inimitables d&rsquo;agrumes juteux de cette fleur bien-\u00eatre, frappent la langue et se m\u00e9lange \u00e0\u00a0 des notes subtiles de pina-colada.<\/p>\n<p class=\"&quot;MsoNormal&quot;\">Parmi les nombreuses\u00a0<strong>vertus<\/strong>\u00a0que l&rsquo;on conf\u00e8re \u00e0\u00a0 la\u00a0<strong>PineApple Express<\/strong>, le contr\u00f4le du stress est probablement la raison principale de sa popularit\u00e9. Cette souche pleine de\u00a0<strong>bienfaits<\/strong>, poss\u00e8de aussi de grandes vertus pour aider contre les \u00e9tats d\u00e9pressifs, les douleurs chroniques, le stress chronique, l&rsquo;anxi\u00e9t\u00e9, l&rsquo;\u00e9tat d&rsquo;agitation g\u00e9n\u00e9ralis\u00e9e.<\/p>\n<p class=\"&quot;MsoNormal&quot;\">Si vous souhaitez passer un moment de d\u00e9tente et\u00a0<strong>relaxant, ne passez\u00a0pas \u00e0\u00a0 c\u00f4t\u00e9 de cette\u00a0fleur de CBD<\/strong>, qui est sans aucun doute une valeur s\u00fbre.<\/p>\n<h1>Origines<\/h1>\n<h1><\/h1>\n<p>Vainqueure de la Cannabis Cup 2019, la PineApple Express est n\u00e9e d&rsquo;une hybridation de deux vari\u00e9t\u00e9s \u00e0\u00a0 dominance Sativa<\/p>\n<p>Sa lign\u00e9e parentale provient d&rsquo;un \u00e9levage d&rsquo;une souche landrace sativa Hawaiian et d&rsquo;une souche hybride Trainwreck<\/p>\n<p>Cet hybride est donc naturellement \u00e0\u00a0 dominante sativa et est bien \u00e9quilibr\u00e9, avec un ratio de 60% sativa et 40% indica.<\/p>\n<p>Rendue c\u00e9l\u00e8bre par le film qui porte le m\u00eame nom (PineApple Express sorti en 2008, ou D\u00e9lire Express en fran\u00e7ais avec Seth Rogen et James Franco. Rogen affirmant m\u00eame que la souche n&rsquo;existait pas avant le film), cette vari\u00e9t\u00e9 \u00e9tait d\u00e9j\u00e0\u00a0 bien connue aux Pays-Bas depuis une demi-d\u00e9cennie.<\/p>\n<p>Produit par les \u00e9leveurs de la Barney&rsquo;s Farm (rien que \u00e7a), il n&rsquo;est pas \u00e9tonnant que cette souche soit une\u00a0<strong>mine d&rsquo;or<\/strong>\u00a0et est connu un succ\u00e8s fulgurant.<\/p>\n<p>&nbsp;<\/p>\n<h1>Aspect<\/h1>\n<p>La vari\u00e9t\u00e9\u00a0<strong>Pineapple Express<\/strong>, en mati\u00e8re d&rsquo;apparence, ressemble l\u00e9g\u00e8rement \u00e0\u00a0 une indica, avec des t\u00eates exceptionnellement dens\u00e9ment compact\u00e9es, longues et effil\u00e9es comme la forme d&rsquo;une sativa classique.<\/p>\n<p>Elle poss\u00e8de des bourgeons de couleurs vert olive de petite taille \u00e0\u00a0 moyenne taille, g\u00e9n\u00e9ralement en forme de roche, avec des pistils orange cuivr\u00e9s un peu longs et est givr\u00e9e par des cristaux r\u00e9sineux qui brillent sous la lumi\u00e8re.<\/p>\n<h3><\/h3>\n<h1>Comment conserver votre fleur de CBD PineApple Express ?<\/h1>\n<p>La<strong>\u00a0<\/strong><strong>fleur de chanvre<\/strong>\u00a0est une mati\u00e8re v\u00e9g\u00e9tale naturelle, qui a une dur\u00e9e de vie limit\u00e9e dans le temps. Certaines pr\u00e9cautions doivent \u00eatre prises pour conserver votre fleur le plus longtemps possible.<\/p>\n<p>Le plus \u00e9vident est de conserver votre\u00a0<strong>fleur de chanvre<\/strong>\u00a0dans son emballage d&rsquo;origine. Cela permettra d&rsquo;\u00e9viter la plupart des inconv\u00e9nients.<\/p>\n<p><strong>Mais d&rsquo;autres pr\u00e9cautions peuvent \u00eatre prises<\/strong>\u00a0:<\/p>\n<p>&#8211;\u00a0Conservez vos fleurs \u00e0\u00a0 l&rsquo;abri de l&rsquo;humidit\u00e9. En effet, les\u00a0<strong>fleurs<\/strong>\u00a0extr\u00eamement sensibles \u00e0\u00a0 l&rsquo;humidit\u00e9, ce qui peut entra\u00eener la d\u00e9gradation de celle-ci et des moisissures<\/p>\n<p>&#8211;\u00a0Evitez les endroits o\u00f9 la temp\u00e9rature change beaucoup (voiture par exemple)<\/p>\n<p>&#8211;\u00a0Evitez d&rsquo;exposer vos\u00a0<strong>fleurs\u00a0<\/strong>\u00e0\u00a0 la lumi\u00e8re du soleil. Cela d\u00e9truit les mol\u00e9cules de\u00a0<strong>CBD<\/strong>.<\/p>\n<p>Si vous avez une grande quantit\u00e9 de\u00a0<strong>fleur\u00a0<\/strong>\u00e0\u00a0 conserver, vous avez la possibilit\u00e9 de vous tourner vers des bo\u00eetes sous vide. Cela permettra de conserver vos\u00a0<strong>fleurs<\/strong>\u00a0de mani\u00e8re optimale, et de garder toutes\u00a0<strong>ses effluves<\/strong>\u00a0et\u00a0<strong>ses ar\u00f4mes<\/strong>.<\/p>\n<h1>Comment cultiver La PineApple Express ?<\/h1>\n<p>C&rsquo;est une excellente plante d&rsquo;int\u00e9rieur mais aussi d&rsquo;ext\u00e9rieur. Vous aurez g\u00e9n\u00e9ralement de meilleurs r\u00e9sultats avec une culture int\u00e9rieure et avec des temp\u00e9ratures contr\u00f4l\u00e9es.<\/p>\n<p>Si vous souhaitez que votre plante soit plus grande, il est fortement recommand\u00e9 de la cultiver \u00e0\u00a0 l&rsquo;ext\u00e9rieur.\u00a0 La\u00a0<strong>Pineapple Express<\/strong>\u00a0est connue comme une vari\u00e9t\u00e9 facile \u00e0\u00a0 cultiver et poss\u00e8de une r\u00e9sistance convenable aux moisissures et aux maladies courantes des plantes. Cette vari\u00e9t\u00e9 est g\u00e9n\u00e9ralement pr\u00eate \u00e0\u00a0 \u00eatre r\u00e9colt\u00e9e \u00e0\u00a0 l&rsquo;ext\u00e9rieur \u00e0\u00a0 la mi-octobre, avec un rendement \u00e9lev\u00e9. Une derni\u00e8re remarque sur la culture en ext\u00e9rieur : assurez-vous de prot\u00e9ger vos plantes des vents violents.<\/p>\n<p>Cultiver la\u00a0<strong>Pineapple Express<\/strong>\u00a0\u00e0\u00a0 l&rsquo;int\u00e9rieur signifie qu&rsquo;elle fleurit en un laps de temps relativement court. Comptez en moyenne environ 7 \u00e0\u00a0 9 semaines pour \u00eatre pr\u00eate \u00e0\u00a0 \u00eatre r\u00e9colt\u00e9.<\/p>\n<p>Assurez-vous cependant de laisser beaucoup d&rsquo;espace \u00e0\u00a0 vos plants, car les branches ont tendance \u00e0\u00a0 s&rsquo;\u00e9tendre tr\u00e8s loin. Les rendements de cette vari\u00e9t\u00e9 sont g\u00e9n\u00e9ralement \u00e9lev\u00e9s<\/p>\n<p>Si vous souhaitez en savoir plus sur la culture de cette\u00a0<strong>plante<\/strong>, rendez-vous sur notre blog. Nous avons cr\u00e9\u00e9 un guide complet pour vous permettre de cultiver cette plante dans les meilleures conditions.<\/p>\n","protected":false},"excerpt":{"rendered":"<p>Une fleur de CBD fruit\u00e9e \u00e0 petit prix ! Hmmm, d\u00e9licieux !<\/p>\n","protected":false},"featured_media":931,"template":"","meta":[],"product_cat":[65],"product_tag":[],"_links":{"self":[{"href":"https:\/\/fillinx.site\/tropscbdtest\/wp-json\/wp\/v2\/product\/1392"}],"collection":[{"href":"https:\/\/fillinx.site\/tropscbdtest\/wp-json\/wp\/v2\/product"}],"about":[{"href":"https:\/\/fillinx.site\/tropscbdtest\/wp-json\/wp\/v2\/types\/product"}],"wp:featuredmedia":[{"embeddable":true,"href":"https:\/\/fillinx.site\/tropscbdtest\/wp-json\/wp\/v2\/media\/931"}],"wp:attachment":[{"href":"https:\/\/fillinx.site\/tropscbdtest\/wp-json\/wp\/v2\/media?parent=1392"}],"wp:term":[{"taxonomy":"product_cat","embeddable":true,"href":"https:\/\/fillinx.site\/tropscbdtest\/wp-json\/wp\/v2\/product_cat?post=1392"},{"taxonomy":"product_tag","embeddable":true,"href":"https:\/\/fillinx.site\/tropscbdtest\/wp-json\/wp\/v2\/product_tag?post=1392"}],"curies":[{"name":"wp","href":"https:\/\/api.w.org\/{rel}","templated":true}]}}