{"id":1393,"date":"2023-08-11T12:30:06","date_gmt":"2023-08-11T12:30:06","guid":{"rendered":"https:\/\/fillinx.site\/tropscbdtest\/?post_type=product&#038;p=1393"},"modified":"2024-05-15T16:24:24","modified_gmt":"2024-05-15T14:24:24","slug":"pineapple-exterieure-small-bud-10g","status":"publish","type":"product","link":"https:\/\/fillinx.site\/tropscbdtest\/produit\/pineapple-exterieure-small-bud-10g\/","title":{"rendered":"Pineapple Ext\u00e9rieure small bud 10g"},"content":{"rendered":"<p class=\"&quot;MsoNormal&quot;\">Avec des nuances d&rsquo;ananas de pomme verte, de mangue fra\u00eechement coup\u00e9e et de pin, cette\u00a0<strong>fleur de CBD<\/strong>\u00a0tropical ravira tous vos sens.<\/p>\n<p class=\"&quot;MsoNormal&quot;\">La Pineapple se vante de certaines odeurs fruit\u00e9es terreuses fra\u00eeches qui sont follement vivifiantes et s\u00e9duisantes. Cela rend justice \u00e0\u00a0 son nom, et repr\u00e9sente r\u00e9ellement le c\u00e9l\u00e8bre parfum d&rsquo;ananas qui incarne son h\u00e9ritage<strong>\u00a0hawa\u00efen<\/strong>.<\/p>\n<p class=\"&quot;MsoNormal&quot;\">Si les parfums ne suffisaient pas, les saveurs sont similaires et super fortes.<\/p>\n<p class=\"&quot;MsoNormal&quot;\">La\u00a0<strong>Pineapple <\/strong>\u00a0a un bouquet de c\u00e8dre et de pin, m\u00e9lang\u00e9 \u00e0\u00a0 une douce ambiance tropicale. Cette fleur de CBD laisse un l\u00e9ger arri\u00e8re-go\u00fbt sucr\u00e9 dans la bouche, rappelant les mangues fra\u00eeches et bien sur &#8211; l&rsquo;ananas. Les saveurs inimitables d&rsquo;agrumes juteux de cette fleur bien-\u00eatre, frappent la langue et se m\u00e9lange \u00e0\u00a0 des notes subtiles de pina-colada.<\/p>\n<p class=\"&quot;MsoNormal&quot;\">Parmi les nombreuses\u00a0<strong>vertus<\/strong>\u00a0que l&rsquo;on conf\u00e8re \u00e0\u00a0 la\u00a0<strong>PineApple<\/strong>, le contr\u00f4le du stress est probablement la raison principale de sa popularit\u00e9. Cette souche pleine de\u00a0<strong>bienfaits<\/strong>, poss\u00e8de aussi de grandes vertus pour aider contre les \u00e9tats d\u00e9pressifs, les douleurs chroniques, le stress chronique, l&rsquo;anxi\u00e9t\u00e9, l&rsquo;\u00e9tat d&rsquo;agitation g\u00e9n\u00e9ralis\u00e9e.<\/p>\n<p class=\"&quot;MsoNormal&quot;\">Si vous souhaitez passer un moment de d\u00e9tente et\u00a0<strong>relaxant, ne passez\u00a0pas \u00e0\u00a0 c\u00f4t\u00e9 de cette\u00a0fleur de CBD<\/strong>, qui est sans aucun doute une valeur s\u00fbre.<\/p>\n","protected":false},"excerpt":{"rendered":"<p class=\"&quot;MsoNormal&quot;\">Fid\u00e8le \u00e0 tout ce qui concerne l&rsquo;ananas, cette vari\u00e9t\u00e9 a le go\u00fbt de l&rsquo;odeur.<\/p>\n<p class=\"&quot;MsoNormal&quot;\">Cette version small bud de la pineapple \u00e0 de quoi s\u00e9duire.<\/p>\n","protected":false},"featured_media":0,"template":"","meta":[],"product_cat":[65],"product_tag":[],"_links":{"self":[{"href":"https:\/\/fillinx.site\/tropscbdtest\/wp-json\/wp\/v2\/product\/1393"}],"collection":[{"href":"https:\/\/fillinx.site\/tropscbdtest\/wp-json\/wp\/v2\/product"}],"about":[{"href":"https:\/\/fillinx.site\/tropscbdtest\/wp-json\/wp\/v2\/types\/product"}],"wp:attachment":[{"href":"https:\/\/fillinx.site\/tropscbdtest\/wp-json\/wp\/v2\/media?parent=1393"}],"wp:term":[{"taxonomy":"product_cat","embeddable":true,"href":"https:\/\/fillinx.site\/tropscbdtest\/wp-json\/wp\/v2\/product_cat?post=1393"},{"taxonomy":"product_tag","embeddable":true,"href":"https:\/\/fillinx.site\/tropscbdtest\/wp-json\/wp\/v2\/product_tag?post=1393"}],"curies":[{"name":"wp","href":"https:\/\/api.w.org\/{rel}","templated":true}]}}