{"id":1394,"date":"2023-08-11T12:30:07","date_gmt":"2023-08-11T12:30:07","guid":{"rendered":"https:\/\/fillinx.site\/tropscbdtest\/?post_type=product&#038;p=1394"},"modified":"2024-04-24T10:03:32","modified_gmt":"2024-04-24T08:03:32","slug":"orange-bud-exterieure-small-bud-10g","status":"publish","type":"product","link":"https:\/\/fillinx.site\/tropscbdtest\/produit\/orange-bud-exterieure-small-bud-10g\/","title":{"rendered":"Orange Bud Ext\u00e9rieure small bud 10g"},"content":{"rendered":"<p>Cette fleur magnifique, se distingue par de l\u00e9g\u00e8res notes d&rsquo;agrumes, saupoudr\u00e9 une dose d&rsquo;oranges d&rsquo;\u00e9t\u00e9 douces et m\u00fbres.<\/p>\n<p>Cette vari\u00e9t\u00e9 aux\u00a0<strong>multiples bienfaits<\/strong>, poss\u00e8de \u00e9galement quelques notes de terre et d&rsquo;herbe m\u00e9lang\u00e9e \u00e0\u00a0 une teinte distincte de mouffette et de pin. Bien que ce soit une odeur piquante, ce n&rsquo;est pas d\u00e9sagr\u00e9able et de nombreux utilisateurs d\u00e9clarent aimer son parfum.<\/p>\n<p>L&rsquo;<strong>Orange Bud<\/strong>\u00a0a un profil de saveur intrigante et complexe, avec des saveurs fruit\u00e9es et des notes skunky, et le tout est harmonis\u00e9 pour vous procurer une superbe exp\u00e9rience avec une\u00a0<strong>fleur de CBD<\/strong>.<\/p>\n<p>L&rsquo;un des avantages les plus utiles de l&rsquo;<strong>Orange Bud<\/strong>\u00a0pour les utilisateurs de fleurs, est sa capacit\u00e9 \u00e0\u00a0\u00a0<strong>r\u00e9duire le stress<\/strong>\u00a0et la\u00a0<strong>d\u00e9pression<\/strong>. De nombreux utilisateurs rapportent aussi que cela att\u00e9nue leur inconfort ou \u00e9limine leurs maux de t\u00eate.<\/p>\n<p>Cette vari\u00e9t\u00e9 fait des\u00a0<strong>merveilles<\/strong>\u00a0pour un large \u00e9ventail de\u00a0<strong>pathologie<\/strong>, car c&rsquo;est un\u00a0<strong>relaxant musculaire<\/strong>\u00a0doux avec un effet revitalisant.<\/p>\n<h1><\/h1>\n<h1>Origines<\/h1>\n<p>L&rsquo;<strong>Orange Bud<\/strong>\u00a0de\u00a0<strong>Dutch Passion<\/strong>, est n\u00e9e du m\u00e9lange de deux souches de skunk inconnues.<\/p>\n<p>Certains pr\u00e9tendent que cette souche est le r\u00e9sultat d&rsquo;une bio-ing\u00e9nierie astucieuse des cultivateurs. Cela inclut le r\u00e9trocroisement de la souche\u00a0<strong>Skunk n\u00b01<\/strong>\u00a0. Cependant, le processus exact et les souches impliqu\u00e9es sont un myst\u00e8re.<\/p>\n<p>D&rsquo;apr\u00e8s ce que nous avons pu recueillir, l&rsquo;origine de l&rsquo;<strong>Orange Bud<\/strong>\u00a0semble commencer en\u00a0<strong>Californie<\/strong>. Elle a ensuite fait son petit bout de chemin vers les fameux caf\u00e9s d&rsquo;Amsterdam dans les ann\u00e9es 80.<\/p>\n<p>Quoi qu&rsquo;il en soit, l&rsquo;<strong>Orange Bud<\/strong>\u00a0s&rsquo;est fait un nom en se classant deuxi\u00e8me dans la cat\u00e9gorie Bio de la\u00a0<strong>High Times Cannabis Cup<\/strong>\u00a0de 1994.<\/p>\n<p>Depuis lors, elle est devenue l&rsquo;une des vari\u00e9t\u00e9s pr\u00e9f\u00e9r\u00e9es de nombreux utilisateurs de\u00a0<strong>marijuana<\/strong>.<\/p>\n<h1>Aspect<\/h1>\n<p>La vari\u00e9t\u00e9\u00a0<strong>Orange Bud<\/strong>\u00a0a une apparence chaude et color\u00e9e.<\/p>\n<p>Elle poss\u00e8de des bourgeons denses et abondants avec des poils orange vif et arbore \u00e9galement des nuances brillantes de vert vif, des morceaux d&rsquo;ambre et des \u00e9claboussures de jaune.<\/p>\n<h1>Comment conserver votre fleur de CBD Orange Bud ?<\/h1>\n<p>La<strong>\u00a0<\/strong><strong>fleur de chanvre<\/strong>\u00a0est une mati\u00e8re v\u00e9g\u00e9tale naturelle, qui a une dur\u00e9e de vie limit\u00e9e dans le temps. Certaines pr\u00e9cautions doivent \u00eatre prises pour conserver votre fleur le plus longtemps possible.<\/p>\n<p>Le plus \u00e9vident est de conserver votre\u00a0<strong>fleur de chanvre<\/strong>\u00a0dans son emballage d&rsquo;origine. Cela permettra d&rsquo;\u00e9viter la plupart des inconv\u00e9nients.<\/p>\n<p><strong>Mais d&rsquo;autres pr\u00e9cautions peuvent \u00eatre prises<\/strong>\u00a0:<\/p>\n<p>&#8211;\u00a0Conservez vos fleurs \u00e0\u00a0 l&rsquo;abri de l&rsquo;humidit\u00e9. En effet, les\u00a0<strong>fleurs<\/strong>\u00a0extr\u00eamement sensibles \u00e0\u00a0 l&rsquo;humidit\u00e9, ce qui peut entra\u00eener la d\u00e9gradation de celle-ci et des moisissures<\/p>\n<p>&#8211;\u00a0Evitez les endroits o\u00f9 la temp\u00e9rature change beaucoup (voiture par exemple)<\/p>\n<p>&#8211;\u00a0Evitez d&rsquo;exposer vos\u00a0<strong>fleurs\u00a0<\/strong>\u00e0\u00a0 la lumi\u00e8re du soleil. Cela d\u00e9truit les mol\u00e9cules de\u00a0<strong>CBD<\/strong>.<\/p>\n<p>Si vous avez une grande quantit\u00e9 de\u00a0<strong>fleur\u00a0<\/strong>\u00e0\u00a0 conserver, vous avez la possibilit\u00e9 de vous tourner vers des bo\u00eetes sous vide. Cela permettra de conserver vos\u00a0<strong>fleurs<\/strong>\u00a0de mani\u00e8re optimale, et de garder toutes\u00a0<strong>ses effluves<\/strong>\u00a0et\u00a0<strong>ses ar\u00f4mes<\/strong>.<\/p>\n<h1>Comment cultiver La Orange Bud ?<\/h1>\n<p>L&rsquo;<strong>Orange Bud<\/strong>\u00a0peut \u00eatre cultiv\u00e9 aussi bien en int\u00e9rieur qu&rsquo;en ext\u00e9rieur.<\/p>\n<p>Elle se d\u00e9veloppe facilement, et c&rsquo;est l&rsquo;une des raisons pour lesquelles elle \u00e0\u00a0 gagner en popularit\u00e9. La plupart des gens ne devraient avoir aucun mal \u00e0\u00a0 la cultiver, y compris les d\u00e9butants.<\/p>\n<p>Les graines de cette vari\u00e9t\u00e9 sont r\u00e9sistantes aux conditions d\u00e9favorables, \u00e0\u00a0 la moisissure et au mildiou, et se d\u00e9veloppent bien m\u00eame en pr\u00e9sence de ravageurs communs tels que les acariens.<\/p>\n<p>Les cultivateurs amateurs peuvent utiliser plusieurs techniques de cultures et plusieurs configurations pour cultiver l&rsquo;<strong>Orange Bud<\/strong>.<\/p>\n<p>Cette plante convient tr\u00e8s bien \u00e0\u00a0 la culture dite\u00a0<strong>SOG<\/strong>\u00a0(<strong>Sea of Green<\/strong>), au\u00a0<strong>SCROG<\/strong>\u00a0(<strong>Screen of Green<\/strong>) et \u00e0\u00a0 la culture hydroponique.<\/p>\n<p>Les temps de croissance de cette fleur de cannabis, sont relativement courts, avec une fen\u00eatre de 7 \u00e0\u00a0 10 semaines en int\u00e9rieur. Apr\u00e8s huit semaines, vous pouvez commencer \u00e0\u00a0 d\u00e9clencher la phase de floraison. Sous un \u00e9clairage de 600 watts, vous devriez pouvoir produire jusqu&rsquo;\u00e0\u00a0 400 grammes par plante.<\/p>\n<p>&nbsp;<\/p>\n<p>Vous pouvez \u00e9galement opter pour une culture sous serre et l&rsquo;utilisation de compost. Avec une configuration hydroponique combin\u00e9e aux techniques d&rsquo;entra\u00eenement<strong>\u00a0Screen of Green ou Sea of Green<\/strong>, cela am\u00e9liorera consid\u00e9rablement la croissance de votre plante et son rendement.<\/p>\n<p>Dans son environnement naturel, avec beaucoup de soleil, elle devrait commencer \u00e0\u00a0 fleurir au cours de la premi\u00e8re semaine d&rsquo;octobre, pour un rendement de 400 grammes et m\u00eame un peu plus pour chaque plante.<\/p>\n","protected":false},"excerpt":{"rendered":"<p>La version small bud de la marijuana <strong>Orange Bud<\/strong> et son parfum robuste.<\/p>\n<p>&nbsp;<\/p>\n","protected":false},"featured_media":901,"template":"","meta":[],"product_cat":[65],"product_tag":[],"_links":{"self":[{"href":"https:\/\/fillinx.site\/tropscbdtest\/wp-json\/wp\/v2\/product\/1394"}],"collection":[{"href":"https:\/\/fillinx.site\/tropscbdtest\/wp-json\/wp\/v2\/product"}],"about":[{"href":"https:\/\/fillinx.site\/tropscbdtest\/wp-json\/wp\/v2\/types\/product"}],"wp:featuredmedia":[{"embeddable":true,"href":"https:\/\/fillinx.site\/tropscbdtest\/wp-json\/wp\/v2\/media\/901"}],"wp:attachment":[{"href":"https:\/\/fillinx.site\/tropscbdtest\/wp-json\/wp\/v2\/media?parent=1394"}],"wp:term":[{"taxonomy":"product_cat","embeddable":true,"href":"https:\/\/fillinx.site\/tropscbdtest\/wp-json\/wp\/v2\/product_cat?post=1394"},{"taxonomy":"product_tag","embeddable":true,"href":"https:\/\/fillinx.site\/tropscbdtest\/wp-json\/wp\/v2\/product_tag?post=1394"}],"curies":[{"name":"wp","href":"https:\/\/api.w.org\/{rel}","templated":true}]}}