{"id":1395,"date":"2023-08-11T12:30:07","date_gmt":"2023-08-11T12:30:07","guid":{"rendered":"https:\/\/fillinx.site\/tropscbdtest\/?post_type=product&#038;p=1395"},"modified":"2024-05-10T09:02:54","modified_gmt":"2024-05-10T07:02:54","slug":"og-haze-small-bud-10g","status":"publish","type":"product","link":"https:\/\/fillinx.site\/tropscbdtest\/produit\/og-haze-small-bud-10g\/","title":{"rendered":"OG Haze small bud 10g"},"content":{"rendered":"<p>Si vous aimez les fleurs avec un go\u00fbt naturellement bois\u00e9, la Og Haze est faites pour vous.<\/p>\n<p>Son go\u00fbt floral et son odeur de bois s\u00e9ch\u00e9 ravira les amoureux de nature.<\/p>\n","protected":false},"excerpt":{"rendered":"<p>Voici la version <span style=\"color: #b7940b\"><strong><a href=\"https:\/\/fillinx.site\/tropscbdtest\/product-category\/fleurs\/small-bud\/\" style=\"color: #b7940b\">small bud<\/a><\/strong><\/span> de\u00a0 la Og Haze.\u00a0 Son go\u00fbt bois\u00e9 et tr\u00e8s naturelle, ravira ceux qui pr\u00e9f\u00e8res le go\u00fbt herbac\u00e9 .<\/p>\n<p>&nbsp;<\/p>\n","protected":false},"featured_media":618,"template":"","meta":[],"product_cat":[65],"product_tag":[],"_links":{"self":[{"href":"https:\/\/fillinx.site\/tropscbdtest\/wp-json\/wp\/v2\/product\/1395"}],"collection":[{"href":"https:\/\/fillinx.site\/tropscbdtest\/wp-json\/wp\/v2\/product"}],"about":[{"href":"https:\/\/fillinx.site\/tropscbdtest\/wp-json\/wp\/v2\/types\/product"}],"wp:featuredmedia":[{"embeddable":true,"href":"https:\/\/fillinx.site\/tropscbdtest\/wp-json\/wp\/v2\/media\/618"}],"wp:attachment":[{"href":"https:\/\/fillinx.site\/tropscbdtest\/wp-json\/wp\/v2\/media?parent=1395"}],"wp:term":[{"taxonomy":"product_cat","embeddable":true,"href":"https:\/\/fillinx.site\/tropscbdtest\/wp-json\/wp\/v2\/product_cat?post=1395"},{"taxonomy":"product_tag","embeddable":true,"href":"https:\/\/fillinx.site\/tropscbdtest\/wp-json\/wp\/v2\/product_tag?post=1395"}],"curies":[{"name":"wp","href":"https:\/\/api.w.org\/{rel}","templated":true}]}}