{"id":1397,"date":"2023-08-11T12:30:07","date_gmt":"2023-08-11T12:30:07","guid":{"rendered":"https:\/\/fillinx.site\/tropscbdtest\/?post_type=product&#038;p=1397"},"modified":"2024-04-30T09:37:52","modified_gmt":"2024-04-30T07:37:52","slug":"mango-kush-small-bud-10g","status":"publish","type":"product","link":"https:\/\/fillinx.site\/tropscbdtest\/produit\/mango-kush-small-bud-10g\/","title":{"rendered":"Mango Kush small bud 10g"},"content":{"rendered":"<p>En plus de l&rsquo;odeur sucr\u00e9e de la\u00a0<strong>mangue fra\u00eeche<\/strong>, elle poss\u00e8de aussi des notes de banane et des ar\u00f4mes piquants et terreux tr\u00e8s pr\u00e9sents.<\/p>\n<p>La saveur de mangue de cet hybride, est une sensation gustative unique. Son go\u00fbt fruit\u00e9 de mangue, m\u00eal\u00e9 \u00e0\u00a0 une note de banane se retrouve m\u00e9lang\u00e9 avec une saveur qui est propre de la Kush.<\/p>\n<p>Ce d\u00e9licieux bourgeon donnera \u00e0\u00a0 vos l\u00e8vres un go\u00fbt de fruits tropicaux et aura un arri\u00e8re-go\u00fbt doux et terreux qui am\u00e9liorera son\u00a0<strong>effet relaxant<\/strong>\u00a0agr\u00e9able.<\/p>\n<p>La popularit\u00e9 de la\u00a0<strong>Mango kush<\/strong>\u00a0n&rsquo;est plus \u00e0\u00a0 d\u00e9montrer. Elle est connue pour soulager du stress (principale raison qui a maintenu sa popularit\u00e9 sur la sc\u00e8ne du\u00a0<strong>cannabis m\u00e9dical<\/strong>), mais aussi les douleurs musculaires ainsi que les troubles de l&rsquo;humeur et les angoisses.<\/p>\n<p>Une vari\u00e9t\u00e9 qui joue dans la cour des grandes.<\/p>\n<h1>Origines<\/h1>\n<p>La\u00a0<strong>Mango Kush<\/strong> est une variante hybride de \u00ab\u00a0Kush\u00a0\u00bb, dont l&rsquo;histoire exacte est un peu myst\u00e9rieuse.<\/p>\n<p>Cependant, il s&rsquo;agit tr\u00e8s probablement d&rsquo;un croisement entre une Mango Indica, par KC Brains et la c\u00e9l\u00e8bre Hindu Kush. Ce qui fait de la\u00a0<strong>Mango kush<\/strong>\u00a0une hybride \u00e0\u00a0 dominante indica (65% indica \/ 35% sativa).<\/p>\n<h1>Aspect<\/h1>\n<p>Pour ce qui est de l&rsquo;apparence, la\u00a0<strong>Mango Kush<\/strong>\u00a0produit des bourgeons a\u00e9r\u00e9s et est g\u00e9n\u00e9ralement recouverte de beaucoup de pistils orange vif, qui repr\u00e9sentent les organes reproducteurs de la plante femelle.<\/p>\n<p>&nbsp;<\/p>\n<p>&nbsp;<\/p>\n","protected":false},"excerpt":{"rendered":"<p>La\u00a0<strong>Mango Kush<\/strong> version <span style=\"color: #b7950b\"><strong><a href=\"https:\/\/fillinx.site\/tropscbdtest\/product-category\/fleurs\/small-bud\/\" style=\"color: #b7950b\">small bud<\/a><\/strong><\/span> ne manquera pas de vous s\u00e9duire avec ses ar\u00f4mes et ses saveurs.<\/p>\n<p>&nbsp;<\/p>\n","protected":false},"featured_media":655,"template":"","meta":[],"product_cat":[65],"product_tag":[],"_links":{"self":[{"href":"https:\/\/fillinx.site\/tropscbdtest\/wp-json\/wp\/v2\/product\/1397"}],"collection":[{"href":"https:\/\/fillinx.site\/tropscbdtest\/wp-json\/wp\/v2\/product"}],"about":[{"href":"https:\/\/fillinx.site\/tropscbdtest\/wp-json\/wp\/v2\/types\/product"}],"wp:featuredmedia":[{"embeddable":true,"href":"https:\/\/fillinx.site\/tropscbdtest\/wp-json\/wp\/v2\/media\/655"}],"wp:attachment":[{"href":"https:\/\/fillinx.site\/tropscbdtest\/wp-json\/wp\/v2\/media?parent=1397"}],"wp:term":[{"taxonomy":"product_cat","embeddable":true,"href":"https:\/\/fillinx.site\/tropscbdtest\/wp-json\/wp\/v2\/product_cat?post=1397"},{"taxonomy":"product_tag","embeddable":true,"href":"https:\/\/fillinx.site\/tropscbdtest\/wp-json\/wp\/v2\/product_tag?post=1397"}],"curies":[{"name":"wp","href":"https:\/\/api.w.org\/{rel}","templated":true}]}}