{"id":1406,"date":"2023-08-11T12:30:23","date_gmt":"2023-08-11T12:30:23","guid":{"rendered":"https:\/\/fillinx.site\/tropscbdtest\/?post_type=product&#038;p=1406"},"modified":"2024-05-13T09:30:29","modified_gmt":"2024-05-13T07:30:29","slug":"hawaian-skunk-small-bud-10g","status":"publish","type":"product","link":"https:\/\/fillinx.site\/tropscbdtest\/produit\/hawaian-skunk-small-bud-10g\/","title":{"rendered":"Hawa\u00efan Skunk small bud 10g"},"content":{"rendered":"<p>Laur\u00e9ate de la cannabis cup 2005, la\u00a0<strong>Hawaiian Skunk<\/strong>\u00a0est une vari\u00e9t\u00e9 qui vous remontera le moral en un rien de temps.<\/p>\n<p>Son odeur douce et terreuse, se m\u00e9lange parfaitement avec un soup\u00e7on de notes\u00a0<strong>florales sensuelles<\/strong>, qui vous chatouilleront le nez lorsque vous vous en approcherez. D&rsquo;une douceur tropicale, cette vari\u00e9t\u00e9 saura vous s\u00e9duire, avec ses notes l\u00e9g\u00e8rement \u00e9pic\u00e9es et herbac\u00e9e.<\/p>\n<p>Savoureuse et agr\u00e9able, vous serez \u00e0\u00a0 coup s\u00fbr s\u00e9duit par cette\u00a0<strong>fleur de chanvre bien \u00eatre<\/strong>. Son go\u00fbt sucr\u00e9 et terreux, vous rappellera la sauge sucr\u00e9, m\u00e9lang\u00e9 \u00e0\u00a0 des nuances bois\u00e9es.<\/p>\n<p>La\u00a0<strong>Hawaiian Skunk<\/strong>\u00a0est particuli\u00e8rement utile pour les personnes souffrant d&rsquo;insomnie, mais aussi pour aider \u00e0\u00a0 soulager les maux de t\u00eate chronique et certaines douleurs mineures.<\/p>\n<h1><\/h1>\n<h1><\/h1>\n<h1>Origines<\/h1>\n<p>La\u00a0<strong>Hawaiian Skunk<\/strong>\u00a0est une vari\u00e9t\u00e9 \u00e0\u00a0 dominance indica (65%). Elle est n\u00e9e d&rsquo;un croisement de deux vari\u00e9t\u00e9s c\u00e9l\u00e8bre : la Skunk #1 et la Hawaiian Indica.<\/p>\n<h1>Aspect<\/h1>\n<p>La\u00a0<strong>Hawaiian Skunk<\/strong>\u00a0se caract\u00e9rise par des bourgeons vert clair, qui d\u00e9gagent un ar\u00f4me fruit\u00e9 l\u00e9g\u00e8rement musqu\u00e9. Les bourgeons laissent appara\u00eetre des poils jaunes et bruns, qui donne \u00e0\u00a0 cette vari\u00e9t\u00e9 une sorte de lueur ensoleill\u00e9e.<\/p>\n<h1>Comment conserver votre fleur de CBD Hawaiian Skunk?<\/h1>\n<p>La<strong>\u00a0<\/strong><strong>fleur de chanvre<\/strong>\u00a0est une mati\u00e8re v\u00e9g\u00e9tale naturelle, qui a une dur\u00e9e de vie limit\u00e9e dans le temps. Certaines pr\u00e9cautions doivent \u00eatre prises pour conserver votre fleur le plus longtemps possible.<\/p>\n<p>Le plus \u00e9vident est de conserver votre\u00a0<strong>fleur de chanvre<\/strong>\u00a0dans son emballage d&rsquo;origine. Cela permettra d&rsquo;\u00e9viter la plupart des inconv\u00e9nients.<\/p>\n<p><strong>Mais d&rsquo;autres pr\u00e9cautions peuvent \u00eatre prises<\/strong>\u00a0:<\/p>\n<p>&#8211;\u00a0Conservez vos fleurs \u00e0\u00a0 l&rsquo;abri de l&rsquo;humidit\u00e9. En effet, les\u00a0<strong>fleurs<\/strong>\u00a0extr\u00eamement sensibles \u00e0\u00a0 l&rsquo;humidit\u00e9, ce qui peut entra\u00eener la d\u00e9gradation de celle-ci et des moisissures<\/p>\n<p>&#8211;\u00a0Evitez les endroits o\u00f9 la temp\u00e9rature change beaucoup (voiture par exemple)<\/p>\n<p>&#8211;\u00a0Evitez d&rsquo;exposer vos\u00a0<strong>fleurs\u00a0<\/strong>\u00e0\u00a0 la lumi\u00e8re du soleil. Cela d\u00e9truit les mol\u00e9cules de\u00a0<strong>CBD<\/strong>.<\/p>\n<p>Si vous avez une grande quantit\u00e9 de\u00a0<strong>fleur\u00a0<\/strong>\u00e0\u00a0 conserver, vous avez la possibilit\u00e9 de vous tourner vers des bo\u00eetes sous vide. Cela permettra de conserver vos\u00a0<strong>fleurs<\/strong>\u00a0de mani\u00e8re optimale, et de garder toutes\u00a0<strong>ses effluves<\/strong>\u00a0et\u00a0<strong>ses ar\u00f4mes<\/strong>.<\/p>\n<h1>Comment cultiver La Hawaiian Skunk ?<\/h1>\n<p>&nbsp;<\/p>\n<p>La\u00a0<strong>Hawaiian Skunk<\/strong>\u00a0peut \u00eatre cultiv\u00e9e \u00e0\u00a0 la fois par un cultivateur exp\u00e9riment\u00e9 et inexp\u00e9riment\u00e9, car, comme vous l&rsquo;avez compris, cette plante est tr\u00e8s facile \u00e0\u00a0 cultiver.<\/p>\n<p>Cette\u00a0<strong>plante relaxante<\/strong>\u00a0aime les grands espaces mais se cultive \u00e9galement facilement en int\u00e9rieur.<\/p>\n<p>La\u00a0<strong>Hawaiian Skunk<\/strong>\u00a0est tr\u00e8s favorable aux conditions naturelles ext\u00e9rieur, mais pour une culture int\u00e9rieure cela se complique.<\/p>\n<p>Vous allez devoir la surveiller de pr\u00e8s, car cette vari\u00e9t\u00e9 \u00e0\u00a0 tendance \u00e0\u00a0 avoir des pouss\u00e9es de croissance soudaines, et est connue pour des p\u00e9riodes de non-mouvement avec des sauts soudains de hauteur, ce qui rend la croissance en int\u00e9rieur difficile. Si vous \u00eates cultivateurs novices, nous vous conseillons de suivre les techniques standard de culture pour n&rsquo;avoir aucune difficult\u00e9 \u00e0\u00a0 obtenir un rendement moyen.<\/p>\n<p>En int\u00e9rieur, vous pouvez esp\u00e9rer une moyenne estim\u00e9e \u00e0\u00a0 environ 390 grammes par m\u00e8tre carr\u00e9, pour une p\u00e9riode de floraison de 8 \u00e0\u00a0 9, tandis qu&rsquo;en ext\u00e9rieur, cette vari\u00e9t\u00e9 peut produire environ 480 grammes par plante et devrait finir sa floraison vers la mi-octobre.<\/p>\n","protected":false},"excerpt":{"rendered":"<p>Douce et terreuse, agr\u00e9ment\u00e9 d&rsquo;un soup\u00e7on de notes <strong>florales sensuelles.\u00a0<\/strong><\/p>\n<p>C&rsquo;est ce qu&rsquo;est la Hawa\u00efan Skunk. Parfaite pour la journ\u00e9e en version <strong>small bud<\/strong>.<\/p>\n","protected":false},"featured_media":830,"template":"","meta":[],"product_cat":[65],"product_tag":[82],"_links":{"self":[{"href":"https:\/\/fillinx.site\/tropscbdtest\/wp-json\/wp\/v2\/product\/1406"}],"collection":[{"href":"https:\/\/fillinx.site\/tropscbdtest\/wp-json\/wp\/v2\/product"}],"about":[{"href":"https:\/\/fillinx.site\/tropscbdtest\/wp-json\/wp\/v2\/types\/product"}],"wp:featuredmedia":[{"embeddable":true,"href":"https:\/\/fillinx.site\/tropscbdtest\/wp-json\/wp\/v2\/media\/830"}],"wp:attachment":[{"href":"https:\/\/fillinx.site\/tropscbdtest\/wp-json\/wp\/v2\/media?parent=1406"}],"wp:term":[{"taxonomy":"product_cat","embeddable":true,"href":"https:\/\/fillinx.site\/tropscbdtest\/wp-json\/wp\/v2\/product_cat?post=1406"},{"taxonomy":"product_tag","embeddable":true,"href":"https:\/\/fillinx.site\/tropscbdtest\/wp-json\/wp\/v2\/product_tag?post=1406"}],"curies":[{"name":"wp","href":"https:\/\/api.w.org\/{rel}","templated":true}]}}