{"id":1408,"date":"2023-08-11T12:30:23","date_gmt":"2023-08-11T12:30:23","guid":{"rendered":"https:\/\/fillinx.site\/tropscbdtest\/?post_type=product&#038;p=1408"},"modified":"2024-04-22T11:39:31","modified_gmt":"2024-04-22T09:39:31","slug":"gorilla-glue-small-bud-10g","status":"publish","type":"product","link":"https:\/\/fillinx.site\/tropscbdtest\/produit\/gorilla-glue-small-bud-10g\/","title":{"rendered":"Gorilla glue small bud 10g"},"content":{"rendered":"<p>Voici une vari\u00e9t\u00e9 de fleur de CBD dont le nom est connu dans le monde entier.<\/p>\n<p>Cette vari\u00e9t\u00e9 de Gorilla poss\u00e8de un ar\u00f4me bois\u00e9 de pin qui frise un soup\u00e7on de bois de santal frais.<\/p>\n<p>Ce qui brise son parfum piquant et moussu est celui d&rsquo;une certaine douceur sombre, un peu comme les baies et les cerises sauvages fra\u00eeches.<\/p>\n<p>La Gorilla Glue a le m\u00eame go\u00fbt que son odeur. Ses saveurs ont un arri\u00e8re-go\u00fbt bois\u00e9 fonc\u00e9, m\u00e9lang\u00e9 avec un soup\u00e7on de pin terreux.<\/p>\n<p>Cette fleur de CBD contient \u00e9galement un soup\u00e7on de caf\u00e9 et de chocolat , brisant les accents \u00e9pic\u00e9s sombres avec un soup\u00e7on de douceur parfum\u00e9e. Parfois, elle peut laisser un arri\u00e8re-go\u00fbt l\u00e9g\u00e8rement acide dans la bouche.<\/p>\n","protected":false},"excerpt":{"rendered":"<p>Une version petit prix de la Gorilla Glue.<\/p>\n<p>La Gorilla Glue poss\u00e8de un ar\u00f4me bois\u00e9 de pin qui frise un soup\u00e7on de bois de santal frais.<\/p>\n<p>2,5\u20ac le gramme. Livraison partout en France.<\/p>\n","protected":false},"featured_media":1435,"template":"","meta":[],"product_cat":[65],"product_tag":[],"_links":{"self":[{"href":"https:\/\/fillinx.site\/tropscbdtest\/wp-json\/wp\/v2\/product\/1408"}],"collection":[{"href":"https:\/\/fillinx.site\/tropscbdtest\/wp-json\/wp\/v2\/product"}],"about":[{"href":"https:\/\/fillinx.site\/tropscbdtest\/wp-json\/wp\/v2\/types\/product"}],"wp:featuredmedia":[{"embeddable":true,"href":"https:\/\/fillinx.site\/tropscbdtest\/wp-json\/wp\/v2\/media\/1435"}],"wp:attachment":[{"href":"https:\/\/fillinx.site\/tropscbdtest\/wp-json\/wp\/v2\/media?parent=1408"}],"wp:term":[{"taxonomy":"product_cat","embeddable":true,"href":"https:\/\/fillinx.site\/tropscbdtest\/wp-json\/wp\/v2\/product_cat?post=1408"},{"taxonomy":"product_tag","embeddable":true,"href":"https:\/\/fillinx.site\/tropscbdtest\/wp-json\/wp\/v2\/product_tag?post=1408"}],"curies":[{"name":"wp","href":"https:\/\/api.w.org\/{rel}","templated":true}]}}