{"id":1410,"date":"2023-08-11T12:30:23","date_gmt":"2023-08-11T12:30:23","guid":{"rendered":"https:\/\/fillinx.site\/tropscbdtest\/?post_type=product&#038;p=1410"},"modified":"2023-12-15T10:24:12","modified_gmt":"2023-12-15T10:24:12","slug":"gelato-ext-small-bud-10g","status":"publish","type":"product","link":"https:\/\/fillinx.site\/tropscbdtest\/produit\/gelato-ext-small-bud-10g\/","title":{"rendered":"G\u00e9lato ext small bud 10g"},"content":{"rendered":"","protected":false},"excerpt":{"rendered":"<p>Une fleur de CBD G\u00e9lato ext\u00e9rieure \u00e0 2,5\u20ac le gramme. C&rsquo;est parfait pour la journ\u00e9e.<\/p>\n<p>Livraison partout en France en 48h.<\/p>\n","protected":false},"featured_media":797,"template":"","meta":[],"product_cat":[65],"product_tag":[82],"_links":{"self":[{"href":"https:\/\/fillinx.site\/tropscbdtest\/wp-json\/wp\/v2\/product\/1410"}],"collection":[{"href":"https:\/\/fillinx.site\/tropscbdtest\/wp-json\/wp\/v2\/product"}],"about":[{"href":"https:\/\/fillinx.site\/tropscbdtest\/wp-json\/wp\/v2\/types\/product"}],"wp:featuredmedia":[{"embeddable":true,"href":"https:\/\/fillinx.site\/tropscbdtest\/wp-json\/wp\/v2\/media\/797"}],"wp:attachment":[{"href":"https:\/\/fillinx.site\/tropscbdtest\/wp-json\/wp\/v2\/media?parent=1410"}],"wp:term":[{"taxonomy":"product_cat","embeddable":true,"href":"https:\/\/fillinx.site\/tropscbdtest\/wp-json\/wp\/v2\/product_cat?post=1410"},{"taxonomy":"product_tag","embeddable":true,"href":"https:\/\/fillinx.site\/tropscbdtest\/wp-json\/wp\/v2\/product_tag?post=1410"}],"curies":[{"name":"wp","href":"https:\/\/api.w.org\/{rel}","templated":true}]}}