{"id":1412,"date":"2023-08-11T12:30:23","date_gmt":"2023-08-11T12:30:23","guid":{"rendered":"https:\/\/fillinx.site\/tropscbdtest\/?post_type=product&#038;p=1412"},"modified":"2023-11-06T09:26:23","modified_gmt":"2023-11-06T09:26:23","slug":"cheese-ext-small-bud-10g","status":"publish","type":"product","link":"https:\/\/fillinx.site\/tropscbdtest\/produit\/cheese-ext-small-bud-10g\/","title":{"rendered":"Cheese ext small bud 10g"},"content":{"rendered":"<p>Cette\u00a0<strong>fleur de CBD<\/strong>\u00a0a \u00e9t\u00e9 cultiv\u00e9e en ext\u00e9rieur.<\/p>\n<p>L&rsquo;odeur de cette vari\u00e9t\u00e9 est souvent forte, terreuse et est d\u00e9crite comme rappelant l&rsquo;odeur du cheddar.<\/p>\n<p>\u00c9tonnamment, les <strong>ph\u00e9notypes<\/strong>\u00a0de cette<strong>\u00a0Cheese<\/strong>\u00a0sont l\u00e9g\u00e8rement citronn\u00e9s, ce qui donne une tout autre dimension \u00e0\u00a0 cette vari\u00e9t\u00e9.<\/p>\n<p>L&rsquo;ar\u00f4me terreux du fromage est curieusement complexe, et il ne suffit pas d&rsquo;utiliser le mot \u00ab fromage \u00bb pour d\u00e9crire les ar\u00f4mes de cette\u00a0<strong>fleur de chanvre<\/strong>.<\/p>\n<p>Cependant, son ar\u00f4me est imm\u00e9diatement perceptible et reconnaissable.<\/p>\n<p>Bien que l&rsquo;ar\u00f4me puisse \u00eatre consid\u00e9r\u00e9 comme relativement simpliste, cette\u00a0<strong>fleur de CBD<\/strong>\u00a0vous rappellera son nom, avec un l\u00e9ger go\u00fbt beurr\u00e9 agr\u00e9able, m\u00e9lang\u00e9 \u00e0\u00a0 des notes de noisettes et un go\u00fbt de fromage propre \u00e0\u00a0 cette vari\u00e9t\u00e9.<\/p>\n<p>Son go\u00fbt l\u00e9ger, cr\u00e9meux et doux, associ\u00e9 \u00e0\u00a0 des saveurs skunk ravira ceux qui recherchent une\u00a0<strong>fleur\u00a0relaxante<\/strong>\u00a0avec du corps.<\/p>\n<p>G\u00e9n\u00e9ralement utilis\u00e9e pour soulager le stress et l&rsquo;anxi\u00e9t\u00e9, la\u00a0<strong>Cheese<\/strong>\u00a0peut aussi vous aider \u00e0\u00a0 lutter contre les douleurs chroniques et contre l&rsquo;insomnie.<\/p>\n<h1><\/h1>\n<h1>Origines<\/h1>\n<p>La\u00a0<strong>Cheese<\/strong>\u00a0est une vari\u00e9t\u00e9 c\u00e9l\u00e8bre originaire du Royaume-Uni.<\/p>\n<p>Elle est apparue pour la premi\u00e8re fois en 1988\/1989 par un myst\u00e9rieux cultivateur, et descendrait d&rsquo;un ph\u00e9notype f\u00e9minin rare de\u00a0<strong>Skunk # 1<\/strong>, un croisement entre une\u00a0<strong>Sativa du Mexique<\/strong>\u00a0et une\u00a0<strong>Sativa de Colombie<\/strong>, et serait peut-\u00eatre m\u00e9lang\u00e9e \u00e0\u00a0 des vari\u00e9t\u00e9s\u00a0<strong>Afghanes Indica<\/strong>\u00a0locales, pour essayer d&rsquo;augmenter sa production totale de trichomes.<\/p>\n<p>Bien que la lign\u00e9e pr\u00e9cise de la\u00a0<strong>Cheese<\/strong>\u00a0ne soit pas tout \u00e0\u00a0 fait claire, le succ\u00e8s de cette vari\u00e9t\u00e9 a fait qu&rsquo;elle a \u00e9t\u00e9 rapidement clon\u00e9e et transmise \u00e0\u00a0 d&rsquo;autres breeders.<\/p>\n<p>En tant que ph\u00e9notype femelle, la souche originale n&rsquo;est disponible que sous forme de clone, mais d&rsquo;autres s\u00e9lectionneurs l&rsquo;ont imit\u00e9e sous forme de graine en croisant une\u00a0<strong>Cheese<\/strong>\u00a0femelle avec d&rsquo;autres souches Indica.<\/p>\n<p>Aujourd&rsquo;hui, cette vari\u00e9t\u00e9 surnomm\u00e9e \u00ab\u00a0<strong>la chaussette puante<\/strong>\u00ab\u00a0, reste l&rsquo;une des vari\u00e9t\u00e9s de cannabis les plus connues disponibles, et figure parmi le\u00a0<strong>Top Ten<\/strong>\u00a0des coffee-shops depuis plus d&rsquo;une d\u00e9cennie.<\/p>\n<h1>Aspect<\/h1>\n<p>Bien que les saveurs et les ar\u00f4mes de cette vari\u00e9t\u00e9 soient profond\u00e9ment int\u00e9ressants, visuellement, la pr\u00e9sentation de cette\u00a0<strong>fleur de\u00a0CBD<\/strong>\u00a0est d\u00e9cid\u00e9ment terne et ennuyeuse.<\/p>\n<p>En tant qu&rsquo;hybride \u00e0\u00a0 dominante fortement indica, l&rsquo;apparence de la\u00a0<strong>Cheese<\/strong>\u00a0est forc\u00e9ment distinctement indica, avec des petites t\u00eates group\u00e9es, l\u00e9g\u00e8rement friable.<\/p>\n<p>Sa coloration est principalement marron fade et ses bourgeons sont essentiellement de forme allong\u00e9e.<\/p>\n<p>&nbsp;<\/p>\n<h1>Comment conserver votre fleur de CBD\u00a0Cheese ?<\/h1>\n<p>La<strong>\u00a0<\/strong><strong>fleur de chanvre<\/strong>\u00a0est une mati\u00e8re v\u00e9g\u00e9tale naturelle, qui a une dur\u00e9e de vie limit\u00e9e dans le temps. Certaines pr\u00e9cautions doivent \u00eatre prises pour conserver votre fleur le plus longtemps possible.<\/p>\n<p>Le plus \u00e9vident est de conserver votre\u00a0<strong>fleur de chanvre<\/strong>\u00a0dans son emballage d&rsquo;origine. Cela permettra d&rsquo;\u00e9viter la plupart des inconv\u00e9nients.<\/p>\n<p><strong>Mais d&rsquo;autres pr\u00e9cautions peuvent \u00eatre prises<\/strong>\u00a0:<\/p>\n<p>&#8211;\u00a0Conservez vos fleurs \u00e0\u00a0 l&rsquo;abri de l&rsquo;humidit\u00e9. En effet, les\u00a0<strong>fleurs<\/strong>\u00a0extr\u00eamement sensibles \u00e0\u00a0 l&rsquo;humidit\u00e9, ce qui peut entra\u00eener la d\u00e9gradation de celle-ci et des moisissures<\/p>\n<p>&#8211;\u00a0Evitez les endroits o\u00f9 la temp\u00e9rature change beaucoup (voiture par exemple)<\/p>\n<p>&#8211;\u00a0Evitez d&rsquo;exposer vos\u00a0<strong>fleurs\u00a0<\/strong>\u00e0\u00a0 la lumi\u00e8re du soleil. Cela d\u00e9truit les mol\u00e9cules de\u00a0<strong>CBD<\/strong>.<\/p>\n<p>Si vous avez une grande quantit\u00e9 de\u00a0<strong>fleur\u00a0<\/strong>\u00e0\u00a0 conserver, vous avez la possibilit\u00e9 de vous tourner vers des bo\u00eetes sous vide. Cela permettra de conserver vos\u00a0<strong>fleurs<\/strong>\u00a0de mani\u00e8re optimale, et de garder toutes\u00a0<strong>ses effluves<\/strong>\u00a0et\u00a0<strong>ses ar\u00f4mes<\/strong>.<\/p>\n<h1>Comment cultiver La cheese ?<\/h1>\n<p>Cultiver cette vari\u00e9t\u00e9\u00a0<strong>relaxante<\/strong>\u00a0est tr\u00e8s facile. M\u00eame les cultivateurs amateurs peuvent obtenir de bons r\u00e9sultats sans trop de connaissances.<\/p>\n<p>En raison de sa forte g\u00e9n\u00e9tique indica, la Cheese peut \u00eatre cultiv\u00e9e facilement avec des techniques de cultures comme le \u00ab\u00a0<strong>Screen of Green<\/strong>\u00a0\u00bb, afin d&rsquo;encourager un potentiel de croissance ad\u00e9quat.<\/p>\n<p>Tout cela suppose bien entendu que vous puissiez mettre la main sur un v\u00e9ritable clone de cette vari\u00e9t\u00e9, car il est g\u00e9n\u00e9ralement difficile de mettre la main sur de vraies graines de\u00a0<strong>Cheese<\/strong>.<\/p>\n<p>Cependant, vous trouverez facilement des graines issues d&rsquo;un croisement g\u00e9n\u00e9tique.<\/p>\n<p>Cette souche peut avoir tendance \u00e0\u00a0 beaucoup se d\u00e9velopper, nous vous conseillons donc, pour lutter contre cela, d&rsquo;essayer de lier les tiges de cette vari\u00e9t\u00e9 \u00e0\u00a0 un treillis \u00e0\u00a0 mesure qu&rsquo;elle grandit, en veillant \u00e0\u00a0 ce qu&rsquo;elle pousse de mani\u00e8re logique et coh\u00e9rente.<\/p>\n<p>C&rsquo;est aussi un excellent moyen de s&rsquo;assurer que la plante ne s&rsquo;\u00e9parpille pas.<\/p>\n<p>Assurez-vous aussi de couper toutes ses excroissances, car elles ne seront g\u00e9n\u00e9ralement pas assez aliment\u00e9es en lumi\u00e8re et ne seront pas susceptibles de produire des t\u00eates de haute qualit\u00e9.<\/p>\n<p>Comme nous l&rsquo;avons dit, la\u00a0<strong>Cheese<\/strong>\u00a0est une vari\u00e9t\u00e9 de\u00a0<strong>cannabis<\/strong>\u00a0assez simple \u00e0\u00a0 cultiver. Voyez \u00e7a comme une introduction au monde de la culture de votre propre marijuana.<\/p>\n<p>Il est pr\u00e9f\u00e9rable de cultiver votre\u00a0<strong>Cheese<\/strong>\u00a0en int\u00e9rieur, dans un environnement bien optimis\u00e9. Elle fleurit en g\u00e9n\u00e9ral en 9 \u00e0\u00a0 10 semaines et peut donner environ 400 grammes par m\u00e8tre carr\u00e9 de plante cultiv\u00e9e.<\/p>\n<p>Lorsqu&rsquo;elle est cultiv\u00e9e en ext\u00e9rieur, cette plante pr\u00e9f\u00e8re un climat m\u00e9diterran\u00e9en doux avec beaucoup de soleil et de chaleur et r\u00e9siste tr\u00e8s bien aux moisissures courantes et aux ravageurs.<\/p>\n<p>Cette souche donne g\u00e9n\u00e9ralement des rendements plus \u00e9lev\u00e9s en ext\u00e9rieur, et est pr\u00eate pour la r\u00e9colte vers la mi-octobre avec un rendement d&rsquo;environ 590 grammes par plante.<\/p>\n","protected":false},"excerpt":{"rendered":"<p>Ne vous fiez pas \u00e0 son nom. Cette fleur de CBD poss\u00e8de de l\u00e9g\u00e8res notes citronn\u00e9es et est plut\u00f4t.<\/p>\n<p>Tout comme son prix ! La version small bud est \u00e0 2,5\u20ac le gramme.<\/p>\n<p>Livraison partout en France.<\/p>\n","protected":false},"featured_media":793,"template":"","meta":[],"product_cat":[65],"product_tag":[],"_links":{"self":[{"href":"https:\/\/fillinx.site\/tropscbdtest\/wp-json\/wp\/v2\/product\/1412"}],"collection":[{"href":"https:\/\/fillinx.site\/tropscbdtest\/wp-json\/wp\/v2\/product"}],"about":[{"href":"https:\/\/fillinx.site\/tropscbdtest\/wp-json\/wp\/v2\/types\/product"}],"wp:featuredmedia":[{"embeddable":true,"href":"https:\/\/fillinx.site\/tropscbdtest\/wp-json\/wp\/v2\/media\/793"}],"wp:attachment":[{"href":"https:\/\/fillinx.site\/tropscbdtest\/wp-json\/wp\/v2\/media?parent=1412"}],"wp:term":[{"taxonomy":"product_cat","embeddable":true,"href":"https:\/\/fillinx.site\/tropscbdtest\/wp-json\/wp\/v2\/product_cat?post=1412"},{"taxonomy":"product_tag","embeddable":true,"href":"https:\/\/fillinx.site\/tropscbdtest\/wp-json\/wp\/v2\/product_tag?post=1412"}],"curies":[{"name":"wp","href":"https:\/\/api.w.org\/{rel}","templated":true}]}}