{"id":1418,"date":"2023-08-11T12:30:24","date_gmt":"2023-08-11T12:30:24","guid":{"rendered":"https:\/\/fillinx.site\/tropscbdtest\/?post_type=product&#038;p=1418"},"modified":"2024-05-13T09:30:34","modified_gmt":"2024-05-13T07:30:34","slug":"bubblegum-2-0-small-bud-10g","status":"publish","type":"product","link":"https:\/\/fillinx.site\/tropscbdtest\/produit\/bubblegum-2-0-small-bud-10g\/","title":{"rendered":"Bubblegum 2.0 small bud 10g"},"content":{"rendered":"<p>Tous les enfants aiment les chewing-gums \u00e0 cause de leur go\u00fbt et aussi de leur odeur.<\/p>\n<p>Cette vari\u00e9t\u00e9 vous rappelle les fois o\u00f9 vous avez eu un morceau de chewing-gum dans la bouche. La Bubblegum a une douce odeur fruit\u00e9e de citron avec un arri\u00e8re plus odorant.<\/p>\n<p>Le go\u00fbt floral de cette vari\u00e9t\u00e9 est d\u00e9tectable et est m\u00e9lang\u00e9 avec un l\u00e9ger soup\u00e7on de bonbon. En expirant, vous pourriez d\u00e9tecter un arri\u00e8re-go\u00fbt terreux.<\/p>\n<p>La Bubblegum est en fait plus douce que son odeur. D&rsquo;une certaine mani\u00e8re, les saveurs douces la rendent agr\u00e9able \u00e0 consommer.<\/p>\n","protected":false},"excerpt":{"rendered":"<p>Voici la version am\u00e9lior\u00e9 de la c\u00e9l\u00e8bre Bubblugum.<\/p>\n<p>Cette fleur de CBD va vous r\u00e9galer avec son l\u00e9ger go\u00fbt de bonbon sucr\u00e9.<\/p>\n<p>2,5\u20ac le gramme. Livraison partout en France en 48\/72h.<\/p>\n","protected":false},"featured_media":0,"template":"","meta":[],"product_cat":[65],"product_tag":[],"_links":{"self":[{"href":"https:\/\/fillinx.site\/tropscbdtest\/wp-json\/wp\/v2\/product\/1418"}],"collection":[{"href":"https:\/\/fillinx.site\/tropscbdtest\/wp-json\/wp\/v2\/product"}],"about":[{"href":"https:\/\/fillinx.site\/tropscbdtest\/wp-json\/wp\/v2\/types\/product"}],"wp:attachment":[{"href":"https:\/\/fillinx.site\/tropscbdtest\/wp-json\/wp\/v2\/media?parent=1418"}],"wp:term":[{"taxonomy":"product_cat","embeddable":true,"href":"https:\/\/fillinx.site\/tropscbdtest\/wp-json\/wp\/v2\/product_cat?post=1418"},{"taxonomy":"product_tag","embeddable":true,"href":"https:\/\/fillinx.site\/tropscbdtest\/wp-json\/wp\/v2\/product_tag?post=1418"}],"curies":[{"name":"wp","href":"https:\/\/api.w.org\/{rel}","templated":true}]}}