{"id":1422,"date":"2023-08-11T12:30:24","date_gmt":"2023-08-11T12:30:24","guid":{"rendered":"https:\/\/fillinx.site\/tropscbdtest\/?post_type=product&#038;p=1422"},"modified":"2024-04-22T11:39:33","modified_gmt":"2024-04-22T09:39:33","slug":"skittlez-small-bud-10g","status":"publish","type":"product","link":"https:\/\/fillinx.site\/tropscbdtest\/produit\/skittlez-small-bud-10g\/","title":{"rendered":"Skittlez small bud 10g"},"content":{"rendered":"","protected":false},"excerpt":{"rendered":"<p>Ne vous fiez pas \u00e0 son nom. Cette fleur de CBD \u00e0 des caract\u00e9ristiques tr\u00e8s herbac\u00e9s et terreuses.<\/p>\n<p>Parfait pour les amoureux du naturel.<\/p>\n<p>2,5\u20ac le gramme.<\/p>\n<p>Livraison partout en France en 48\/72h.<\/p>\n","protected":false},"featured_media":861,"template":"","meta":[],"product_cat":[65],"product_tag":[],"_links":{"self":[{"href":"https:\/\/fillinx.site\/tropscbdtest\/wp-json\/wp\/v2\/product\/1422"}],"collection":[{"href":"https:\/\/fillinx.site\/tropscbdtest\/wp-json\/wp\/v2\/product"}],"about":[{"href":"https:\/\/fillinx.site\/tropscbdtest\/wp-json\/wp\/v2\/types\/product"}],"wp:featuredmedia":[{"embeddable":true,"href":"https:\/\/fillinx.site\/tropscbdtest\/wp-json\/wp\/v2\/media\/861"}],"wp:attachment":[{"href":"https:\/\/fillinx.site\/tropscbdtest\/wp-json\/wp\/v2\/media?parent=1422"}],"wp:term":[{"taxonomy":"product_cat","embeddable":true,"href":"https:\/\/fillinx.site\/tropscbdtest\/wp-json\/wp\/v2\/product_cat?post=1422"},{"taxonomy":"product_tag","embeddable":true,"href":"https:\/\/fillinx.site\/tropscbdtest\/wp-json\/wp\/v2\/product_tag?post=1422"}],"curies":[{"name":"wp","href":"https:\/\/api.w.org\/{rel}","templated":true}]}}