{"id":1432,"date":"2023-08-11T12:30:25","date_gmt":"2023-08-11T12:30:25","guid":{"rendered":"https:\/\/fillinx.site\/tropscbdtest\/?post_type=product&#038;p=1432"},"modified":"2024-05-13T15:01:23","modified_gmt":"2024-05-13T13:01:23","slug":"bz-trops-2","status":"publish","type":"product","link":"https:\/\/fillinx.site\/tropscbdtest\/produit\/bz-trops-2\/","title":{"rendered":"BZ Trop&rsquo;s"},"content":{"rendered":"<p>D\u00e9couvrez la BZ1 (renomm\u00e9 <strong>BZ Trop&rsquo;s<\/strong>), une <strong>vari\u00e9t\u00e9 de CBD<\/strong> \u00e0 la fois myst\u00e9rieuse et captivante. Cette puissante indica est le fruit d&rsquo;un croisement soigneux entre la c\u00e9l\u00e8bre Pineapple et la l\u00e9gendaire Kush, cr\u00e9ant ainsi une combinaison exceptionnelle qui ravira les connaisseurs.<\/p>\n<p>Cultiv\u00e9e avec soin en ext\u00e9rieure, la BZ1 offre un aspect visuel saisissant et des ar\u00f4mes d\u00e9licieux. Son parfum fruit\u00e9 aux notes acidul\u00e9es d&rsquo;ananas, h\u00e9rit\u00e9 de la g\u00e9n\u00e9tique de la Pineapple, enchantera vos sens d\u00e8s la premi\u00e8re inhalation. Pr\u00e9parez-vous \u00e0 exp\u00e9rimenter des saveurs uniques et exaltantes.<\/p>\n<p>Mais ce n&rsquo;est pas tout, les effets intenses de la BZ1 sauront combler toutes vos attentes. D\u00e8s la premi\u00e8re bouff\u00e9e, une vague de d\u00e9tente enveloppera votre corps, vous offrant un moment de relaxation profonde. Cette vari\u00e9t\u00e9 deviendra sans aucun doute votre meilleure alli\u00e9e pour cl\u00f4turer vos journ\u00e9es en beaut\u00e9.<\/p>\n<div class=\"flex-1 overflow-hidden\">\n<div class=\"react-scroll-to-bottom--css-pwfcx-79elbk h-full dark:bg-gray-800\">\n<div class=\"react-scroll-to-bottom--css-pwfcx-1n7m0yu\">\n<div class=\"flex flex-col items-center text-sm dark:bg-gray-800\">\n<div class=\"group w-full text-gray-800 dark:text-gray-100 border-b border-black\/10 dark:border-gray-900\/50 bg-gray-50 dark:bg-[#444654]\">\n<div class=\"flex p-4 gap-4 text-base md:gap-6 md:max-w-2xl lg:max-w-xl xl:max-w-3xl md:py-6 lg:px-0 m-auto\">\n<div class=\"relative flex flex-col w-[calc(100%-50px)] gap-1 md:gap-3 lg:w-[calc(100%-115px)]\">\n<div class=\"flex flex-grow flex-col gap-3\">\n<div class=\"min-h-[20px] flex flex-col items-start gap-4 whitespace-pre-wrap break-words\">\n<div class=\"markdown prose w-full break-words dark:prose-invert light\">\n<p>Que vous soyez un amateur de CBD exp\u00e9riment\u00e9 ou que vous souhaitiez d\u00e9couvrir de nouvelles sensations, la BZ1 est une vari\u00e9t\u00e9 qui ne vous d\u00e9cevra pas. Son profil aromatique complexe et ses effets puissants en font un choix id\u00e9al pour ceux qui recherchent une exp\u00e9rience unique.<\/p>\n<p>N&rsquo;attendez plus et laissez-vous s\u00e9duire par la BZ Trop&rsquo;s. Avec ses saveurs d&rsquo;agrumes et son arri\u00e8re-go\u00fbt bois\u00e9, accompagn\u00e9s d&rsquo;une l\u00e9g\u00e8re note rappelant celle du fromage, cette vari\u00e9t\u00e9 saura \u00e9veiller vos sens et vous offrir des moments de d\u00e9tente incomparables. Essayez-la d\u00e8s maintenant et d\u00e9couvrez pourquoi la BZ1 est devenue une r\u00e9f\u00e9rence incontournable dans le monde du CBD.<\/p>\n<\/div>\n<\/div>\n<\/div>\n<\/div>\n<\/div>\n<\/div>\n<\/div>\n<\/div>\n<\/div>\n<\/div>\n<p>La BZ1 vous attend avec impatience, pr\u00eate \u00e0 devenir votre vari\u00e9t\u00e9 pr\u00e9f\u00e9r\u00e9e. Laissez-vous s\u00e9duire par son charme envo\u00fbtant et ses qualit\u00e9s exceptionnelles en plus de son tout petit prix.<\/p>\n<p>Pour pr\u00e9server la fra\u00eecheur de vos fleurs CBD BZ1, nous vous recommandons de les conserver avec soin. Rangez-les dans des enveloppes ou des bo\u00eetes herm\u00e9tiques, \u00e0 l&rsquo;abri de la lumi\u00e8re et de l&rsquo;humidit\u00e9. Stockez-les dans un endroit frais, entre 15\u00b0C et 21\u00b0C, pour garantir une conservation optimale de l&rsquo;ar\u00f4me et des effets de ces pr\u00e9cieux produits \u00e0 base de cannabidiol.<\/p>\n","protected":false},"excerpt":{"rendered":"<p>D\u00e9couvrez la BZ1 (renomm\u00e9 <strong>BZ Trop&rsquo;s<\/strong>), une <strong>vari\u00e9t\u00e9 de CBD<\/strong> \u00e0 la fois myst\u00e9rieuse et captivante.<\/p>\n<p>\u00c0 partir de 3,5\u20ac le gramme.<\/p>\n","protected":false},"featured_media":1439,"template":"","meta":[],"product_cat":[30,32],"product_tag":[],"_links":{"self":[{"href":"https:\/\/fillinx.site\/tropscbdtest\/wp-json\/wp\/v2\/product\/1432"}],"collection":[{"href":"https:\/\/fillinx.site\/tropscbdtest\/wp-json\/wp\/v2\/product"}],"about":[{"href":"https:\/\/fillinx.site\/tropscbdtest\/wp-json\/wp\/v2\/types\/product"}],"wp:featuredmedia":[{"embeddable":true,"href":"https:\/\/fillinx.site\/tropscbdtest\/wp-json\/wp\/v2\/media\/1439"}],"wp:attachment":[{"href":"https:\/\/fillinx.site\/tropscbdtest\/wp-json\/wp\/v2\/media?parent=1432"}],"wp:term":[{"taxonomy":"product_cat","embeddable":true,"href":"https:\/\/fillinx.site\/tropscbdtest\/wp-json\/wp\/v2\/product_cat?post=1432"},{"taxonomy":"product_tag","embeddable":true,"href":"https:\/\/fillinx.site\/tropscbdtest\/wp-json\/wp\/v2\/product_tag?post=1432"}],"curies":[{"name":"wp","href":"https:\/\/api.w.org\/{rel}","templated":true}]}}