{"id":1445,"date":"2023-08-11T12:30:43","date_gmt":"2023-08-11T12:30:43","guid":{"rendered":"https:\/\/fillinx.site\/tropscbdtest\/?post_type=product&#038;p=1445"},"modified":"2024-05-20T09:13:14","modified_gmt":"2024-05-20T07:13:14","slug":"therapy-trops-ext","status":"publish","type":"product","link":"https:\/\/fillinx.site\/tropscbdtest\/produit\/therapy-trops-ext\/","title":{"rendered":"Th\u00e9rapy Trop&rsquo;s Ext"},"content":{"rendered":"<p>D\u00e9couvrez la fleur de CBD Therapy, une vari\u00e9t\u00e9 de cannabis sp\u00e9cialement con\u00e7ue pour offrir un taux de CBD maximal et un taux de THC minimal. Apr\u00e8s quatre ann\u00e9es de recherches approfondies men\u00e9es par diff\u00e9rentes banques de graines, cette vari\u00e9t\u00e9 a \u00e9t\u00e9 stabilis\u00e9e pour fournir aux consommateurs des bienfaits th\u00e9rapeutiques et r\u00e9cr\u00e9atifs exceptionnels.<\/p>\n<p>Les origines hybrides de la fleur de CBD Therapy sont diverses et prestigieuses. Elle est le fruit de croisements entre la Cannatonic, r\u00e9put\u00e9e pour sa teneur \u00e9lev\u00e9e en CBD, les l\u00e9gendaires OG Kush et White Widow, la vari\u00e9t\u00e9 tropicale Hawaiian Haze, ainsi que les solides Afghani et Diesel Skunk.<\/p>\n<p>Les effets de la Therapy se concentrent sur la relaxation physique et apportent une sensation de calme et de tranquillit\u00e9 anti-stress. Bien qu&rsquo;elle soit principalement sativa, elle procure une d\u00e9tente r\u00e9confortante en soir\u00e9e, rappelant les effets d&rsquo;une indica.<\/p>\n<p>Cette <strong>Therapy<\/strong>, est une <strong>fleur de chanvre CBD ext\u00e9rieure<\/strong>, reconnue pour son puissant effet d&rsquo;entourage. Gr\u00e2ce \u00e0 sa g\u00e9n\u00e9tique riche en cannabino\u00efdes et en terp\u00e8nes naturels, elle offre une exp\u00e9rience sensorielle unique. Son parfum doux, fruit\u00e9 et l\u00e9g\u00e8rement \u00e9pic\u00e9, associ\u00e9 \u00e0 sa texture liquoreuse, en font l&rsquo;une des fleurs de CBD les plus pris\u00e9es.<\/p>\n<p>Nos fleurs Therapy CBD sont cultiv\u00e9es avec soin dans la Vall\u00e9e de Lombardie, b\u00e9n\u00e9ficiant d&rsquo;un ensoleillement g\u00e9n\u00e9reux et d&rsquo;un sol fertile. Elles se distinguent par leur belle densit\u00e9, leur teinte vert clair et leurs trichomes orang\u00e9s. Leurs ar\u00f4mes riches et fruit\u00e9s, agr\u00e9ment\u00e9s de notes bois\u00e9es, en font une exp\u00e9rience gustative exceptionnelle. Les bourgeons, de taille sup\u00e9rieure \u00e0 la moyenne, d\u00e9gagent un parfum typique, avec des nuances citronn\u00e9es tr\u00e8s agr\u00e9ables.<\/p>\n<p>Avec un taux de CBD compris entre 4% et 9%, nos fleurs Therapy offrent un \u00e9quilibre relaxant id\u00e9al pour prendre un moment de d\u00e9tente.<\/p>\n","protected":false},"excerpt":{"rendered":"<p>D\u00e9couvrez la fleur de CBD Therapy, une vari\u00e9t\u00e9 de cannabis sp\u00e9cialement con\u00e7ue pour offrir le moment de d\u00e9tente id\u00e9al en fin de journ\u00e9e.<\/p>\n","protected":false},"featured_media":1471,"template":"","meta":[],"product_cat":[30,32],"product_tag":[81],"_links":{"self":[{"href":"https:\/\/fillinx.site\/tropscbdtest\/wp-json\/wp\/v2\/product\/1445"}],"collection":[{"href":"https:\/\/fillinx.site\/tropscbdtest\/wp-json\/wp\/v2\/product"}],"about":[{"href":"https:\/\/fillinx.site\/tropscbdtest\/wp-json\/wp\/v2\/types\/product"}],"wp:featuredmedia":[{"embeddable":true,"href":"https:\/\/fillinx.site\/tropscbdtest\/wp-json\/wp\/v2\/media\/1471"}],"wp:attachment":[{"href":"https:\/\/fillinx.site\/tropscbdtest\/wp-json\/wp\/v2\/media?parent=1445"}],"wp:term":[{"taxonomy":"product_cat","embeddable":true,"href":"https:\/\/fillinx.site\/tropscbdtest\/wp-json\/wp\/v2\/product_cat?post=1445"},{"taxonomy":"product_tag","embeddable":true,"href":"https:\/\/fillinx.site\/tropscbdtest\/wp-json\/wp\/v2\/product_tag?post=1445"}],"curies":[{"name":"wp","href":"https:\/\/api.w.org\/{rel}","templated":true}]}}