{"id":1453,"date":"2023-08-11T12:30:45","date_gmt":"2023-08-11T12:30:45","guid":{"rendered":"https:\/\/fillinx.site\/tropscbdtest\/?post_type=product&#038;p=1453"},"modified":"2024-05-13T09:33:36","modified_gmt":"2024-05-13T07:33:36","slug":"lemon-kush-trops","status":"publish","type":"product","link":"https:\/\/fillinx.site\/tropscbdtest\/produit\/lemon-kush-trops\/","title":{"rendered":"Lemon Kush Trop&rsquo;s"},"content":{"rendered":"<p><span style=\"color: #000000;\">D\u00e9couvrez la fleur de CBD Lemon Kush de Trop&rsquo;s CBD, une variante acidul\u00e9e de la c\u00e9l\u00e8bre Og Kush, d\u00e9riv\u00e9e d&rsquo;une fleur de chanvre de qualit\u00e9 sup\u00e9rieure ! Si vous \u00eates \u00e0 la recherche d&rsquo;une exp\u00e9rience de d\u00e9gustation et de d\u00e9tente, ne manquez pas cette vari\u00e9t\u00e9 de CBD.<\/span><\/p>\n<p><span style=\"color: #000000;\">Avec Lemon Kush de Trop&rsquo;s CBD, vous ne pouvez pas vous tromper. Elle offre une explosion de saveurs tr\u00e8s agr\u00e9ables en bouche, vous permettant de savourer pleinement chaque instant. Que vous la d\u00e9gustiez seul ou entre amis, c&rsquo;est une exp\u00e9rience conviviale \u00e0 ne pas manquer.<\/span><\/p>\n<p><span style=\"color: #000000;\">Nous recommandons particuli\u00e8rement cette fleur de CBD aux amateurs de fleurs de cannabis Kush. Ses notes citronn\u00e9es sont plus prononc\u00e9es que celles de l&rsquo;OG Kush, ce qui lui conf\u00e8re un effet plus stimulant. Son parfum enivrant est fid\u00e8le \u00e0 son nom, avec un parfum citronn\u00e9 captivant. Cette vari\u00e9t\u00e9 se distingue par son go\u00fbt l\u00e9g\u00e8rement acidul\u00e9, qui lui conf\u00e8re une saveur particuli\u00e8rement unique. Les ar\u00f4mes d&rsquo;agrumes \u00e9mergent subtilement, tandis que les nuances acidul\u00e9es enrichissent l&rsquo;exp\u00e9rience sensorielle.<\/span><\/p>\n<p><span style=\"color: #000000;\">La fleur de CBD Lemon Kush vous permettra de profiter de tous les bienfaits du CBD. Que vous cherchiez \u00e0 soulager des maux mineurs ou \u00e0 vivre une exp\u00e9rience de d\u00e9tente, cette vari\u00e9t\u00e9 offre des saveurs douces, fortes et agr\u00e9ables.<\/span><\/p>\n<p><span style=\"color: #000000;\">Il existe diff\u00e9rentes fa\u00e7ons de profiter des effets de votre fleur de CBD pr\u00e9f\u00e9r\u00e9. <\/span><\/p>\n<p><span style=\"color: #000000;\">Vous pouvez l&rsquo;inhaler \u00e0 l&rsquo;aide d&rsquo;un vaporisateur en r\u00e9glant la temp\u00e9rature entre 170 et 180 degr\u00e9s pour appr\u00e9cier pleinement ses saveurs. Vous pouvez \u00e9galement l&rsquo;infuser en y ajoutant une substance grasse comme de l&rsquo;huile ou du lait. De plus, gr\u00e2ce \u00e0 ses saveurs citronn\u00e9es et acidul\u00e9es, la Lemon Kush est id\u00e9ale pour r\u00e9aliser des recettes culinaires, des entr\u00e9es aux desserts. Vous trouverez de nombreuses recettes CBD sur notre blog.<\/span><\/p>\n<p><span style=\"color: #000000;\">Trop&rsquo;s CBD Lemon Kush offre une exp\u00e9rience relaxante et calmante, id\u00e9ale pour soulager le stress et l&rsquo;anxi\u00e9t\u00e9. Les effets b\u00e9n\u00e9fiques de cette vari\u00e9t\u00e9 s&rsquo;expliquent par sa lign\u00e9e Kush et sa concentration en cannabidiol.<\/span><\/p>\n<p><span style=\"color: #000000;\">Chez Trop&rsquo;s CBD, toutes nos fleurs de CBD, y compris la <strong>Lemon Kush<\/strong>, sont produites en France ou en Europe. Nous s\u00e9lectionnons soigneusement nos fournisseurs en fonction de la qualit\u00e9 de leur production en int\u00e9rieur, garantissant ainsi une qualit\u00e9 irr\u00e9prochable, ainsi que leur engagement en mati\u00e8re d&rsquo;\u00e9co-responsabilit\u00e9 et de tra\u00e7abilit\u00e9 des produits.<\/span><\/p>\n<p><span style=\"color: #000000;\">Rassurez-vous, la fleur de CBD Lemon Kush est l\u00e9gale en France. Conform\u00e9ment \u00e0 la l\u00e9gislation fran\u00e7aise et europ\u00e9enne, toutes nos fleurs de CBD respectent un taux de THC inf\u00e9rieur \u00e0 0,3%. Vous pouvez donc profiter en toute l\u00e9galit\u00e9 des nombreux effets relaxants de de cette plante.<\/span><\/p>\n<p><span style=\"color: #000000;\">Pour pr\u00e9server sa fra\u00eecheur, conservez la fleur dans son emballage d&rsquo;origine, dans un endroit frais et sec, \u00e0 l&rsquo;abri de l&rsquo;humidit\u00e9, \u00e0 temp\u00e9rature ambiante.<\/span><\/p>\n<p><span style=\"color: #000000;\">N&rsquo;attendez plus pour d\u00e9couvrir les bienfaits de Lemon Kush de Trop&rsquo;s CBD. Procurez-vous d\u00e8s maintenant cette vari\u00e9t\u00e9 unique et profitez d&rsquo;un moment inoubliable de d\u00e9tente et de d\u00e9gustation.<\/span><\/p>\n","protected":false},"excerpt":{"rendered":"<p><span style=\"color: #000000;\">Plongez dans l&rsquo;univers de la fleur CBD Lemon Kush, une version acidul\u00e9e et raffin\u00e9e de la c\u00e9l\u00e8bre OG Kush, reconnue pour sa qualit\u00e9 exceptionnelle.<\/span><\/p>\n<p><span style=\"color: #000000;\">Cette vari\u00e9t\u00e9 est parfaite pour profiter d&rsquo;un moment de d\u00e9tente et de plaisir gustatif.<\/span><\/p>\n","protected":false},"featured_media":3401,"template":"","meta":[],"product_cat":[30,31],"product_tag":[],"_links":{"self":[{"href":"https:\/\/fillinx.site\/tropscbdtest\/wp-json\/wp\/v2\/product\/1453"}],"collection":[{"href":"https:\/\/fillinx.site\/tropscbdtest\/wp-json\/wp\/v2\/product"}],"about":[{"href":"https:\/\/fillinx.site\/tropscbdtest\/wp-json\/wp\/v2\/types\/product"}],"wp:featuredmedia":[{"embeddable":true,"href":"https:\/\/fillinx.site\/tropscbdtest\/wp-json\/wp\/v2\/media\/3401"}],"wp:attachment":[{"href":"https:\/\/fillinx.site\/tropscbdtest\/wp-json\/wp\/v2\/media?parent=1453"}],"wp:term":[{"taxonomy":"product_cat","embeddable":true,"href":"https:\/\/fillinx.site\/tropscbdtest\/wp-json\/wp\/v2\/product_cat?post=1453"},{"taxonomy":"product_tag","embeddable":true,"href":"https:\/\/fillinx.site\/tropscbdtest\/wp-json\/wp\/v2\/product_tag?post=1453"}],"curies":[{"name":"wp","href":"https:\/\/api.w.org\/{rel}","templated":true}]}}