{"id":1469,"date":"2023-08-11T12:30:47","date_gmt":"2023-08-11T12:30:47","guid":{"rendered":"https:\/\/fillinx.site\/tropscbdtest\/?post_type=product&#038;p=1469"},"modified":"2024-03-19T14:19:15","modified_gmt":"2024-03-19T14:19:15","slug":"jh-trops-2","status":"publish","type":"product","link":"https:\/\/fillinx.site\/tropscbdtest\/produit\/jh-trops-2\/","title":{"rendered":"JH Trop&rsquo;s"},"content":{"rendered":"<p><span style=\"color: #000000;\">Plongez dans l&rsquo;univers fascinant de la fleur de CBD Jack Herer, une vari\u00e9t\u00e9 renomm\u00e9e pour sa qualit\u00e9 sup\u00e9rieure et ses bienfaits uniques. Son go\u00fbt est un voyage gustatif exquis o\u00f9 se m\u00ealent des notes vives d&rsquo;agrumes, de pin et d&rsquo;\u00e9pices, offrant une exp\u00e9rience sensorielle des plus agr\u00e9ables.<\/span><\/p>\n<p><span style=\"color: #000000;\"><br \/>\n<\/span><span style=\"color: #000000;\">Les effets sur le corps de la fleur de CBD Jack Herer sont \u00e0 la fois \u00e9nergisants et relaxants. Ils procurent une clart\u00e9 mentale et un regain de vitalit\u00e9, id\u00e9al pour affronter les d\u00e9fis du quotidien tout en maintenant une s\u00e9r\u00e9nit\u00e9 int\u00e9rieure. Cette vari\u00e9t\u00e9 est reconnue pour ses propri\u00e9t\u00e9s analg\u00e9siques et anti-inflammatoires, soulageant efficacement les douleurs musculaires et articulaires.<\/span><\/p>\n<p><span style=\"color: #000000;\"><br \/>\n<\/span><span style=\"color: #000000;\">En tant que consommateur de CBD, vous pouvez profiter de cette fleur sans les effets psychotropes du THC. Profond\u00e9ment ancr\u00e9e dans la culture du cannabis, la vari\u00e9t\u00e9 Jack Herer est un hommage au c\u00e9l\u00e8bre militant pro-cannabis et a \u00e9t\u00e9 sp\u00e9cialement cultiv\u00e9e pour ses niveaux \u00e9lev\u00e9s de CBD, respectant les normes les plus strictes de qualit\u00e9 et de puret\u00e9.<\/span><\/p>\n<p><span style=\"color: #000000;\"><br \/>\n<\/span><span style=\"color: #000000;\">La fleur de CBD Jack Herer est un v\u00e9ritable tr\u00e9sor pour ceux qui recherchent des bienfaits th\u00e9rapeutiques naturels. Gr\u00e2ce \u00e0 ses propri\u00e9t\u00e9s relaxantes, elle est souvent utilis\u00e9e pour att\u00e9nuer le stress, favoriser la concentration et am\u00e9liorer l&rsquo;humeur. Sa popularit\u00e9 grandissante en fait un choix incontournable pour ceux qui souhaitent profiter des multiples bienfaits du CBD.<\/span><\/p>\n<p><span style=\"color: #000000;\"><br \/>\n<\/span><span style=\"color: #000000;\">Explorez l&rsquo;univers aromatique et apaisant de la fleur de CBD Jack Herer. Laissez-vous s\u00e9duire par ses ar\u00f4mes envo\u00fbtants et ses effets b\u00e9n\u00e9fiques sur le corps et l&rsquo;esprit. Red\u00e9couvrez l&rsquo;\u00e9quilibre int\u00e9rieur gr\u00e2ce \u00e0 cette vari\u00e9t\u00e9 exceptionnelle, dont les propri\u00e9t\u00e9s th\u00e9rapeutiques font d&rsquo;elle une alli\u00e9e pr\u00e9cieuse dans votre qu\u00eate de bien-\u00eatre.<\/span><\/p>\n","protected":false},"excerpt":{"rendered":"<p><span style=\"color: #000000;\">D\u00e9couvrez Jack Herer CBD : une fleur de CBD exceptionnelle qui vous transporte dans un monde de d\u00e9tente et de clart\u00e9 mentale. Exp\u00e9rience transcendante garantie !<\/span><\/p>\n","protected":false},"featured_media":1503,"template":"","meta":[],"product_cat":[30,31],"product_tag":[],"_links":{"self":[{"href":"https:\/\/fillinx.site\/tropscbdtest\/wp-json\/wp\/v2\/product\/1469"}],"collection":[{"href":"https:\/\/fillinx.site\/tropscbdtest\/wp-json\/wp\/v2\/product"}],"about":[{"href":"https:\/\/fillinx.site\/tropscbdtest\/wp-json\/wp\/v2\/types\/product"}],"wp:featuredmedia":[{"embeddable":true,"href":"https:\/\/fillinx.site\/tropscbdtest\/wp-json\/wp\/v2\/media\/1503"}],"wp:attachment":[{"href":"https:\/\/fillinx.site\/tropscbdtest\/wp-json\/wp\/v2\/media?parent=1469"}],"wp:term":[{"taxonomy":"product_cat","embeddable":true,"href":"https:\/\/fillinx.site\/tropscbdtest\/wp-json\/wp\/v2\/product_cat?post=1469"},{"taxonomy":"product_tag","embeddable":true,"href":"https:\/\/fillinx.site\/tropscbdtest\/wp-json\/wp\/v2\/product_tag?post=1469"}],"curies":[{"name":"wp","href":"https:\/\/api.w.org\/{rel}","templated":true}]}}