{"id":1497,"date":"2023-08-11T12:31:13","date_gmt":"2023-08-11T12:31:13","guid":{"rendered":"https:\/\/fillinx.site\/tropscbdtest\/?post_type=product&#038;p=1497"},"modified":"2024-03-15T09:12:52","modified_gmt":"2024-03-15T09:12:52","slug":"canna-trops-2","status":"publish","type":"product","link":"https:\/\/fillinx.site\/tropscbdtest\/produit\/canna-trops-2\/","title":{"rendered":"Canna Trop&rsquo;s"},"content":{"rendered":"","protected":false},"excerpt":{"rendered":"<p>Fleur de CBD Canna Trop&rsquo;s : D\u00e9couvrez le charme d&rsquo;un go\u00fbt sucr\u00e9 exotique. Une vari\u00e9t\u00e9 envo\u00fbtante qui \u00e9veillera vos papilles avec d\u00e9lice.<\/p>\n","protected":false},"featured_media":1508,"template":"","meta":[],"product_cat":[30,32],"product_tag":[],"_links":{"self":[{"href":"https:\/\/fillinx.site\/tropscbdtest\/wp-json\/wp\/v2\/product\/1497"}],"collection":[{"href":"https:\/\/fillinx.site\/tropscbdtest\/wp-json\/wp\/v2\/product"}],"about":[{"href":"https:\/\/fillinx.site\/tropscbdtest\/wp-json\/wp\/v2\/types\/product"}],"wp:featuredmedia":[{"embeddable":true,"href":"https:\/\/fillinx.site\/tropscbdtest\/wp-json\/wp\/v2\/media\/1508"}],"wp:attachment":[{"href":"https:\/\/fillinx.site\/tropscbdtest\/wp-json\/wp\/v2\/media?parent=1497"}],"wp:term":[{"taxonomy":"product_cat","embeddable":true,"href":"https:\/\/fillinx.site\/tropscbdtest\/wp-json\/wp\/v2\/product_cat?post=1497"},{"taxonomy":"product_tag","embeddable":true,"href":"https:\/\/fillinx.site\/tropscbdtest\/wp-json\/wp\/v2\/product_tag?post=1497"}],"curies":[{"name":"wp","href":"https:\/\/api.w.org\/{rel}","templated":true}]}}