{"id":18335,"date":"2023-10-20T10:04:47","date_gmt":"2023-10-20T10:04:47","guid":{"rendered":"https:\/\/fillinx.site\/tropscbdtest\/?post_type=product&#038;p=18335"},"modified":"2024-04-08T14:30:36","modified_gmt":"2024-04-08T14:30:36","slug":"icerock-81","status":"publish","type":"product","link":"https:\/\/fillinx.site\/tropscbdtest\/produit\/icerock-81\/","title":{"rendered":"Icerock 81%"},"content":{"rendered":"","protected":false},"excerpt":{"rendered":"<p>D\u00e9couvrez la grande soeur de la <strong>Moon rock, la Ice Rock<\/strong>.<\/p>\n<p>C\u00e9l\u00e8bre dans le monde entier, la\u00a0<strong>Ice Rock<\/strong>\u00a0poss\u00e8de une forte concentration de CBD de 81%.<\/p>\n<p>Cette fleur CBD sur vitamin\u00e9, est fabriqu\u00e9 avec le m\u00eame proc\u00e9d\u00e9 que la Moon Rock.<\/p>\n<p>Les bourgeons, sont plong\u00e9s dans de la wax ou du\u00a0<strong>Distilat\u00a0<\/strong>de CBD \u00e0\u00a0 l&rsquo;\u00e9tat liquide. Ensuite ils sont enrob\u00e9s de cristal de CBD, ce qui leur donne cet aspect blanc neige.<\/p>\n<p>Ne vous attendez pas \u00e0\u00a0 trouver un go\u00fbt de\u00a0<strong>fleur de chanvre<\/strong>. L&rsquo;ar\u00f4me de la Ice Rock est presque \u00e9pic\u00e9, avec un hit piquant et fort.<\/p>\n<p>Ce bijou de concentr\u00e9 est puissant et explosif et ravira les personnes qui recherchent des\u00a0<strong>sensations fortes<\/strong>.<\/p>\n<p>Avec son taux de THC inf\u00e9rieur \u00e0\u00a0 0.3%, la <strong>Ice Rock<\/strong>\u00a0se d\u00e9marque de la\u00a0<strong>Moon Rock<\/strong> par son taux de CBD plus fort \u00e0 81%, et permet un moment de <strong>relaxation<\/strong>\u00a0et de\u00a0<strong>d\u00e9tente intense<\/strong>.<\/p>\n","protected":false},"featured_media":18336,"template":"","meta":[],"product_cat":[39],"product_tag":[],"_links":{"self":[{"href":"https:\/\/fillinx.site\/tropscbdtest\/wp-json\/wp\/v2\/product\/18335"}],"collection":[{"href":"https:\/\/fillinx.site\/tropscbdtest\/wp-json\/wp\/v2\/product"}],"about":[{"href":"https:\/\/fillinx.site\/tropscbdtest\/wp-json\/wp\/v2\/types\/product"}],"wp:featuredmedia":[{"embeddable":true,"href":"https:\/\/fillinx.site\/tropscbdtest\/wp-json\/wp\/v2\/media\/18336"}],"wp:attachment":[{"href":"https:\/\/fillinx.site\/tropscbdtest\/wp-json\/wp\/v2\/media?parent=18335"}],"wp:term":[{"taxonomy":"product_cat","embeddable":true,"href":"https:\/\/fillinx.site\/tropscbdtest\/wp-json\/wp\/v2\/product_cat?post=18335"},{"taxonomy":"product_tag","embeddable":true,"href":"https:\/\/fillinx.site\/tropscbdtest\/wp-json\/wp\/v2\/product_tag?post=18335"}],"curies":[{"name":"wp","href":"https:\/\/api.w.org\/{rel}","templated":true}]}}