{"id":18403,"date":"2023-10-21T13:36:54","date_gmt":"2023-10-21T13:36:54","guid":{"rendered":"https:\/\/fillinx.site\/tropscbdtest\/?post_type=product&#038;p=18403"},"modified":"2024-04-12T14:31:41","modified_gmt":"2024-04-12T14:31:41","slug":"skywalker","status":"publish","type":"product","link":"https:\/\/fillinx.site\/tropscbdtest\/produit\/skywalker\/","title":{"rendered":"Skywalker"},"content":{"rendered":"","protected":false},"excerpt":{"rendered":"<p>La fleur de CBD Skywalker est c\u00e9l\u00e8bre pour sa capacit\u00e9 \u00e0 calmer le stress et l\u2019anxi\u00e9t\u00e9 . Cette vari\u00e9t\u00e9 de chanvre vous d\u00e9tendra et calmera instantan\u00e9ment l\u2019esprit ainsi que le corps.<\/p>\n<p>Le parfum de cette vari\u00e9t\u00e9 est vif et tr\u00e8s \u00e9vident, et il remplira la pi\u00e8ce de son ar\u00f4me cors\u00e9. La Skywalker sent comme un champ de myrtilles , et sa douceur fruit\u00e9e peut \u00eatre vraiment app\u00e9tissante, et propose une exp\u00e9rience piquante et toujours aromatique.<\/p>\n<p>Les saveurs de la Skywalker ressemblent beaucoup \u00e0 ses ar\u00f4mes : la saveur de baies sucr\u00e9es est indubitable et incroyablement facile \u00e0 identifier, pour les consommateurs plus exp\u00e9riment\u00e9s. Cette vari\u00e9t\u00e9 a le go\u00fbt de pommes de pin et de fruits frais, avec un peu de piquant dans la \u201cvapeur\u201d.<\/p>\n","protected":false},"featured_media":20661,"template":"","meta":[],"product_cat":[15],"product_tag":[],"_links":{"self":[{"href":"https:\/\/fillinx.site\/tropscbdtest\/wp-json\/wp\/v2\/product\/18403"}],"collection":[{"href":"https:\/\/fillinx.site\/tropscbdtest\/wp-json\/wp\/v2\/product"}],"about":[{"href":"https:\/\/fillinx.site\/tropscbdtest\/wp-json\/wp\/v2\/types\/product"}],"wp:featuredmedia":[{"embeddable":true,"href":"https:\/\/fillinx.site\/tropscbdtest\/wp-json\/wp\/v2\/media\/20661"}],"wp:attachment":[{"href":"https:\/\/fillinx.site\/tropscbdtest\/wp-json\/wp\/v2\/media?parent=18403"}],"wp:term":[{"taxonomy":"product_cat","embeddable":true,"href":"https:\/\/fillinx.site\/tropscbdtest\/wp-json\/wp\/v2\/product_cat?post=18403"},{"taxonomy":"product_tag","embeddable":true,"href":"https:\/\/fillinx.site\/tropscbdtest\/wp-json\/wp\/v2\/product_tag?post=18403"}],"curies":[{"name":"wp","href":"https:\/\/api.w.org\/{rel}","templated":true}]}}