{"id":19428,"date":"2023-10-30T12:27:32","date_gmt":"2023-10-30T12:27:32","guid":{"rendered":"https:\/\/fillinx.site\/tropscbdtest\/?post_type=product&#038;p=19428"},"modified":"2023-10-30T12:27:33","modified_gmt":"2023-10-30T12:27:33","slug":"atomiseur-zeus-sub-ohm-geekvape","status":"publish","type":"product","link":"https:\/\/fillinx.site\/tropscbdtest\/produit\/atomiseur-zeus-sub-ohm-geekvape\/","title":{"rendered":"Atomiseur Zeus Sub-Ohm Geekvape"},"content":{"rendered":"<p><span style=\"color: #000000;\">Apr\u00e8s le succ\u00e8s ind\u00e9niable du mod\u00e8le original Zeus, Geek Vape est de retour avec une nouvelle version de clearomiseur \u00e9quip\u00e9e de r\u00e9sistances interchangeables.<\/span><\/p>\n<p><span style=\"color: #000000;\">L&rsquo;objectif de ce r\u00e9servoir est de fournir une exp\u00e9rience de vape puissante tout en pr\u00e9servant la qualit\u00e9 de la restitution des saveurs. Sa structure en acier inoxydable inspire confiance, et l&#8217;emplacement de son flux d&rsquo;air en haut garantit une pr\u00e9vention efficace des fuites.<\/span><\/p>\n<p><span style=\"color: #000000;\">Le clearomiseur Zeus Sub-Ohm arbore un design sobre et \u00e9l\u00e9gant, offrant une impressionnante capacit\u00e9 de 5 ml gr\u00e2ce \u00e0 son r\u00e9servoir en pyrex de type bulle et son large diam\u00e8tre de 26 mm. De plus, une alternative est fournie avec un r\u00e9servoir en pyrex droit de 3,5 ml pour une exp\u00e9rience de vape plus mod\u00e9r\u00e9e. Pour le remplissage, il vous suffit de faire tourner la partie sup\u00e9rieure du r\u00e9servoir, de le remplir, puis de le refermer herm\u00e9tiquement. Enfin, un embout drip tip 810 large permet un d\u00e9bit d&rsquo;air plus important pour une exp\u00e9rience de vape optimale.<\/span><\/p>\n<p><span style=\"color: #000000;\"><strong>Caract\u00e9ristiques techniques<\/strong>\u00a0:<\/span><\/p>\n<table width=\"350\">\n<tbody>\n<tr>\n<td><span style=\"color: #000000;\">Mati\u00e8re<\/span><\/td>\n<td><span style=\"color: #000000;\">Acier inoxydable<\/span><\/td>\n<\/tr>\n<tr>\n<td><span style=\"color: #000000;\">Diam\u00e8tre\u00a0<\/span><\/td>\n<td><span style=\"color: #000000;\">26 mm<\/span><\/td>\n<\/tr>\n<tr>\n<td><span style=\"color: #000000;\">Connectique<\/span><\/td>\n<td><span style=\"color: #000000;\">510<\/span><\/td>\n<\/tr>\n<tr>\n<td><span style=\"color: #000000;\">Air flow<\/span><\/td>\n<td><span style=\"color: #000000;\">R\u00e9glable<\/span><\/td>\n<\/tr>\n<tr>\n<td><span style=\"color: #000000;\">Remplissage<\/span><\/td>\n<td><span style=\"color: #000000;\">Par le haut<\/span><\/td>\n<\/tr>\n<tr>\n<td><span style=\"color: #000000;\">Contenance<\/span><\/td>\n<td><span style=\"color: #000000;\">3,5 ou 5 ml<\/span><\/td>\n<\/tr>\n<\/tbody>\n<\/table>\n<p><span style=\"color: #000000;\"><strong>Contenu du kit :<\/strong><\/span><\/p>\n<ul>\n<li><span style=\"color: #000000;\">1\u00a0Zeus Sub-Ohm<\/span><\/li>\n<li><span style=\"color: #000000;\">1 Drip tip 810<\/span><\/li>\n<li><span style=\"color: #000000;\">1 R\u00e9sistance Mesh Z1 KA1 0.4 ohm<\/span><\/li>\n<li><span style=\"color: #000000;\">1 R\u00e9sistance\u00a0Mesh Z2 KA1 0.2 ohm<\/span><\/li>\n<li><span style=\"color: #000000;\">1 Kit de maintenance<\/span><\/li>\n<li><span style=\"color: #000000;\">2 Pyrex de rechange : droit de 3,5 ml et bulle de 5 ml<\/span><\/li>\n<li><span style=\"color: #000000;\">1 Notice d&rsquo;utilisation<\/span><\/li>\n<\/ul>\n","protected":false},"excerpt":{"rendered":"<p><span style=\"color: #000000;\"><strong>Clearomiseur Zeus<\/strong> avec r\u00e9sistances interchangeables.<\/span><\/p>\n<p><span style=\"color: #000000;\">Deux contenances possibles (3,5 et 5 ml).<\/span><\/p>\n<p>&nbsp;<\/p>\n","protected":false},"featured_media":19430,"template":"","meta":[],"product_cat":[96],"product_tag":[],"_links":{"self":[{"href":"https:\/\/fillinx.site\/tropscbdtest\/wp-json\/wp\/v2\/product\/19428"}],"collection":[{"href":"https:\/\/fillinx.site\/tropscbdtest\/wp-json\/wp\/v2\/product"}],"about":[{"href":"https:\/\/fillinx.site\/tropscbdtest\/wp-json\/wp\/v2\/types\/product"}],"wp:featuredmedia":[{"embeddable":true,"href":"https:\/\/fillinx.site\/tropscbdtest\/wp-json\/wp\/v2\/media\/19430"}],"wp:attachment":[{"href":"https:\/\/fillinx.site\/tropscbdtest\/wp-json\/wp\/v2\/media?parent=19428"}],"wp:term":[{"taxonomy":"product_cat","embeddable":true,"href":"https:\/\/fillinx.site\/tropscbdtest\/wp-json\/wp\/v2\/product_cat?post=19428"},{"taxonomy":"product_tag","embeddable":true,"href":"https:\/\/fillinx.site\/tropscbdtest\/wp-json\/wp\/v2\/product_tag?post=19428"}],"curies":[{"name":"wp","href":"https:\/\/api.w.org\/{rel}","templated":true}]}}