{"id":19431,"date":"2023-10-30T13:24:57","date_gmt":"2023-10-30T13:24:57","guid":{"rendered":"https:\/\/fillinx.site\/tropscbdtest\/?post_type=product&#038;p=19431"},"modified":"2024-04-08T14:31:56","modified_gmt":"2024-04-08T14:31:56","slug":"kit-aegis-legend-2-geekvape","status":"publish","type":"product","link":"https:\/\/fillinx.site\/tropscbdtest\/produit\/kit-aegis-legend-2-geekvape\/","title":{"rendered":"Kit Aegis Legend 2 Geekvape"},"content":{"rendered":"<p><span style=\"color: #000000;\">Dans ce pack, vous d\u00e9couvrirez la Box Aegis Legend 2, \u00e9quip\u00e9e d&rsquo;une technologie de pointe offrant une puissance maximale de 200 watts. Cette box, reconnue pour sa robustesse, offre une autonomie appr\u00e9ciable gr\u00e2ce \u00e0 ses deux accus 18650 (non inclus), et elle est renomm\u00e9e pour sa fiabilit\u00e9.<\/span><\/p>\n<p><span style=\"color: #000000;\">Le clearomiseur Zeus Subohm 2 Tank fourni avec ce kit dispose d&rsquo;une capacit\u00e9 g\u00e9n\u00e9reuse de 5,5 ml, et pr\u00e9sente un syst\u00e8me de flux d&rsquo;air situ\u00e9 en haut pour une exp\u00e9rience optimale. Les r\u00e9sistances Z de 0,20 ohm et 0,25 ohm assurent une production de vapeur abondante, accompagn\u00e9e d&rsquo;une saveur d\u00e9licieuse.<\/span><\/p>\n<p><span style=\"color: #000000;\">En r\u00e9sum\u00e9, ce kit complet et r\u00e9sistant, est id\u00e9al pour les amateurs de vape \u00ab\u00a0tout-terrain\u00a0\u00bb et pour ceux en qu\u00eate de performances \u00e9lev\u00e9es.<\/span><\/p>\n<p><span style=\"color: #000000;\">Disponible en diff\u00e9rentes couleurs : Noir, Rouge, Rainbow<\/span><\/p>\n<p><span style=\"color: #000000;\">Le kit Aegis Legend 2 de Geekvape comprend :<\/span><\/p>\n<ul>\n<li><span style=\"color: #000000;\">1 Box Aegis Legend 2<\/span><\/li>\n<li><span style=\"color: #000000;\">1 Clearomiseur Zeus SubOhm 2021<\/span><\/li>\n<li><span style=\"color: #000000;\">1 R\u00e9servoir de rechange<\/span><\/li>\n<li><span style=\"color: #000000;\">1 R\u00e9sistance Z de 0,2 ohm<\/span><\/li>\n<li><span style=\"color: #000000;\">1 R\u00e9sistance Z de 0,25 ohm<\/span><\/li>\n<li><span style=\"color: #000000;\">1 Ensemble de pi\u00e8ces de rechange<\/span><\/li>\n<li><span style=\"color: #000000;\">1 C\u00e2ble USB-C<\/span><\/li>\n<li><span style=\"color: #000000;\">1 Manuel d&rsquo;utilisation<\/span><\/li>\n<\/ul>\n","protected":false},"excerpt":{"rendered":"<p><span style=\"color: #000000;\">Kit cigarette \u00e9lectronique complet, tr\u00e8s r\u00e9sistant et tout terrain d&rsquo;une puissance de 200 watts.<\/span><\/p>\n<p><span style=\"color: #000000;\">Amateur de vape a\u00e9rienne ce kit est fait pour vous.<\/span><\/p>\n<p><span style=\"color: #000000;\">Plus d&rsquo;information en description.<\/span><\/p>\n","protected":false},"featured_media":19436,"template":"","meta":[],"product_cat":[58],"product_tag":[],"_links":{"self":[{"href":"https:\/\/fillinx.site\/tropscbdtest\/wp-json\/wp\/v2\/product\/19431"}],"collection":[{"href":"https:\/\/fillinx.site\/tropscbdtest\/wp-json\/wp\/v2\/product"}],"about":[{"href":"https:\/\/fillinx.site\/tropscbdtest\/wp-json\/wp\/v2\/types\/product"}],"wp:featuredmedia":[{"embeddable":true,"href":"https:\/\/fillinx.site\/tropscbdtest\/wp-json\/wp\/v2\/media\/19436"}],"wp:attachment":[{"href":"https:\/\/fillinx.site\/tropscbdtest\/wp-json\/wp\/v2\/media?parent=19431"}],"wp:term":[{"taxonomy":"product_cat","embeddable":true,"href":"https:\/\/fillinx.site\/tropscbdtest\/wp-json\/wp\/v2\/product_cat?post=19431"},{"taxonomy":"product_tag","embeddable":true,"href":"https:\/\/fillinx.site\/tropscbdtest\/wp-json\/wp\/v2\/product_tag?post=19431"}],"curies":[{"name":"wp","href":"https:\/\/api.w.org\/{rel}","templated":true}]}}