{"id":19444,"date":"2023-10-30T15:03:46","date_gmt":"2023-10-30T15:03:46","guid":{"rendered":"https:\/\/fillinx.site\/tropscbdtest\/?post_type=product&#038;p=19444"},"modified":"2024-04-08T14:31:58","modified_gmt":"2024-04-08T14:31:58","slug":"accu-vtc6-18650-3000-mah","status":"publish","type":"product","link":"https:\/\/fillinx.site\/tropscbdtest\/produit\/accu-vtc6-18650-3000-mah\/","title":{"rendered":"Accu VTC6 18650 3000 mAh"},"content":{"rendered":"","protected":false},"excerpt":{"rendered":"<p><span style=\"color: #000000;\">L&rsquo;accu VTC6 18650 est largement reconnu pour sa fiabilit\u00e9 et ses performances exceptionnelles.<\/span><\/p>\n<p><span style=\"color: #000000;\">C&rsquo;est une batterie multiusage, utilisable dans toutes les cigarettes \u00e9lectronique fonctionnant avec une batterie 18650.\u00a0<\/span><\/p>\n<p><span style=\"color: #000000;\">L&rsquo;accu est dot\u00e9 d&rsquo;une technologie Lithium-ion parfaitement adapt\u00e9e \u00e0 l&rsquo;utilisation dans le monde de la vape, en particulier pour les dispositifs de reconstruction avec des r\u00e9sistances tr\u00e8s basses. L&rsquo;accur VTC6 offre une capacit\u00e9 de 3000 mAh, ainsi qu&rsquo;une capacit\u00e9 de d\u00e9charge en pulse de 30A (et de 20A en utilisation continue).<\/span><\/p>\n","protected":false},"featured_media":19446,"template":"","meta":[],"product_cat":[100],"product_tag":[],"_links":{"self":[{"href":"https:\/\/fillinx.site\/tropscbdtest\/wp-json\/wp\/v2\/product\/19444"}],"collection":[{"href":"https:\/\/fillinx.site\/tropscbdtest\/wp-json\/wp\/v2\/product"}],"about":[{"href":"https:\/\/fillinx.site\/tropscbdtest\/wp-json\/wp\/v2\/types\/product"}],"wp:featuredmedia":[{"embeddable":true,"href":"https:\/\/fillinx.site\/tropscbdtest\/wp-json\/wp\/v2\/media\/19446"}],"wp:attachment":[{"href":"https:\/\/fillinx.site\/tropscbdtest\/wp-json\/wp\/v2\/media?parent=19444"}],"wp:term":[{"taxonomy":"product_cat","embeddable":true,"href":"https:\/\/fillinx.site\/tropscbdtest\/wp-json\/wp\/v2\/product_cat?post=19444"},{"taxonomy":"product_tag","embeddable":true,"href":"https:\/\/fillinx.site\/tropscbdtest\/wp-json\/wp\/v2\/product_tag?post=19444"}],"curies":[{"name":"wp","href":"https:\/\/api.w.org\/{rel}","templated":true}]}}